{"id":8222,"date":"2018-02-13T14:23:04","date_gmt":"2018-02-13T14:23:04","guid":{"rendered":"https:\/\/www.somatechnology.com\/spanish\/?post_type=product&#038;p=8222"},"modified":"2025-12-11T01:39:48","modified_gmt":"2025-12-11T06:39:48","slug":"axia-hdview-d-series","status":"publish","type":"product","link":"https:\/\/www.somatechnology.com\/spanish\/equipo-medico-usado-remanufacturado\/video-laringoscopios\/axia-hdview-d-series\/","title":{"rendered":"Axia HDView D-Series"},"content":{"rendered":"<div class=\"wpb-content-wrapper\"><p>[vc_row][vc_column][vc_column_text css=\u00bb\u00bb]<\/p>\n<h2><strong>Axia HDView D-Series <\/strong><\/h2>\n<p>El laringoscopio de video Axia HDView serie D adopta la \u00faltima tecnolog\u00eda de imagen y posee la ventaja de una c\u00e1mara de visi\u00f3n completa de 2.0 megap\u00edxeles con monitor de alta resoluci\u00f3n. La HDView D-Series cuenta con una bater\u00eda recargable de ion de litio y una reutilizable para un uso prolongado. Tambi\u00e9n se proporciona una capacidad antivaho exclusiva. El dise\u00f1o general es compacto y ergon\u00f3mico. Una vista de alta resoluci\u00f3n de la glotis permitir\u00e1 a los m\u00e9dicos el primer intento de \u00e9xito, al tiempo que se minimiza la posibilidad de una complicaci\u00f3n durante el proceso de intubaci\u00f3n.<\/p>\n<ul>\n<li>5 en pantalla<\/li>\n<li>Lente anti niebla<\/li>\n<li>C\u00e1mara de 2.0 Mega p\u00edxeles<\/li>\n<li>Cuchillas desechables<\/li>\n<li>Ligero<\/li>\n<li>Pantalla de protecci\u00f3n anti-destrucci\u00f3n<\/li>\n<\/ul>\n<h3>Monitor<\/h3>\n<ul>\n<li>Tama\u00f1o: 3.5 en vista completa \/ li&gt;<\/li>\n<li>Monitor: LCD \/ li&gt;<\/li>\n<li>Resoluci\u00f3n: 640 x 480 RGB \/ li&gt;<\/li>\n<li>Relaci\u00f3n de aspecto: 4: 3 \/ li&gt;<\/li>\n<li>Velocidad de actualizaci\u00f3n de video: 30 FPS \/ li&gt;<\/li>\n<li>Iluminaci\u00f3n: LED<\/li>\n<\/ul>\n<h3>Salida de datos<\/h3>\n<ul>\n<li>F\u00e1cil de establecer y almacenar archivos<\/li>\n<\/ul>\n<h3>Salida de imagen<\/h3>\n<ul>\n<li>Con\u00e9ctese a un monitor externo y conveniente para el entrenamiento y la presentaci\u00f3n<\/li>\n<\/ul>\n<h3>Camera Laringoscopio<\/h3>\n<ul>\n<li>Mega Pixels: 2<\/li>\n<li>\u00c1ngulo de campo: 66 \u00b0<\/li>\n<li>Iluminancia: \u2265 800 LUX<\/li>\n<\/ul>\n<h3>Bater\u00eda<\/h3>\n<ul>\n<li>Tipo: bater\u00eda de litio recargable<\/li>\n<li>Largo tiempo de trabajo: \u2265 200 minutos<\/li>\n<li>Voltaje: 3.7V<\/li>\n<li>Capacidad: 3200 mAh<\/li>\n<li>Ciclo de vida de la bater\u00eda: m\u00e1s de 300 cargas<\/li>\n<li>Tiempo de carga: menos de 8 horas<\/li>\n<\/ul>\n<h3>Condiciones de Transporte \/ Almacenamiento<\/h3>\n<ul>\n<li>Temperatura: -10 ~ +45<\/li>\n<li>Humedad: \u2264 93<\/li>\n<li>AP: 500 hPa a 1060 hPa<\/li>\n<\/ul>\n<h3>Condiciones de trabajo<\/h3>\n<ul>\n<li>Temperatura: 5 ~ + 40<\/li>\n<li>Humedad: 30 ~ 85<\/li>\n<li>AP: 700 hPa a 1060 hpa<\/li>\n<\/ul>\n<h3>Peso<\/h3>\n<ul>\n<li>\u2264 350g (light-weight, portable, comfortable)<\/li>\n<\/ul>\n<h3>Agarraderas<\/h3>\n<ul>\n<li>C\u00f3modas y ergon\u00f3mica<\/li>\n<\/ul>\n<p>[\/vc_column_text][\/vc_column][\/vc_row]<\/p>\n<\/div>","protected":false},"excerpt":{"rendered":"<p>[vc_row][vc_column][vc_column_text css=\u00bb\u00bb] Axia HDView D-Series El laringoscopio de video Axia HDView serie D adopta la \u00faltima tecnolog\u00eda de imagen y posee la ventaja de&#8230;<\/p>\n","protected":false},"featured_media":8485,"template":"","meta":{"_acf_changed":false,"_relevanssi_hide_post":"","_relevanssi_hide_content":"","_relevanssi_pin_for_all":"","_relevanssi_pin_keywords":"","_relevanssi_unpin_keywords":"","_relevanssi_related_keywords":"","_relevanssi_related_include_ids":"","_relevanssi_related_exclude_ids":"","_relevanssi_related_no_append":"","_relevanssi_related_not_related":"","_relevanssi_related_posts":"","_relevanssi_noindex_reason":"","inline_featured_image":false},"pwb-brand":[1098],"product_brand":[],"product_cat":[978],"product_tag":[191,985,983,987,986,984,988,991,992,990,989],"class_list":{"0":"post-8222","1":"product","2":"type-product","3":"status-publish","4":"has-post-thumbnail","6":"pwb-brand-equipo-medico-axia","7":"product_cat-video-laringoscopios","8":"product_tag-axia","9":"product_tag-axia-d-series","10":"product_tag-axia-hdview","11":"product_tag-axia-hdview-d-series","12":"product_tag-d-series","13":"product_tag-hdview","14":"product_tag-hdview-d-series","15":"product_tag-laringoscopio","16":"product_tag-laringoscopios","17":"product_tag-video-laringoscopio","18":"product_tag-video-laringoscopios","20":"first","21":"instock","22":"shipping-taxable","23":"purchasable","24":"product-type-simple"},"acf":[],"brands":[{"id":1098,"name":"Axia","slug":"equipo-medico-axia"}],"_links":{"self":[{"href":"https:\/\/www.somatechnology.com\/spanish\/wp-json\/wp\/v2\/product\/8222","targetHints":{"allow":["GET"]}}],"collection":[{"href":"https:\/\/www.somatechnology.com\/spanish\/wp-json\/wp\/v2\/product"}],"about":[{"href":"https:\/\/www.somatechnology.com\/spanish\/wp-json\/wp\/v2\/types\/product"}],"wp:featuredmedia":[{"embeddable":true,"href":"https:\/\/www.somatechnology.com\/spanish\/wp-json\/wp\/v2\/media\/8485"}],"wp:attachment":[{"href":"https:\/\/www.somatechnology.com\/spanish\/wp-json\/wp\/v2\/media?parent=8222"}],"wp:term":[{"taxonomy":"pwb-brand","embeddable":true,"href":"https:\/\/www.somatechnology.com\/spanish\/wp-json\/wp\/v2\/pwb-brand?post=8222"},{"taxonomy":"product_brand","embeddable":true,"href":"https:\/\/www.somatechnology.com\/spanish\/wp-json\/wp\/v2\/product_brand?post=8222"},{"taxonomy":"product_cat","embeddable":true,"href":"https:\/\/www.somatechnology.com\/spanish\/wp-json\/wp\/v2\/product_cat?post=8222"},{"taxonomy":"product_tag","embeddable":true,"href":"https:\/\/www.somatechnology.com\/spanish\/wp-json\/wp\/v2\/product_tag?post=8222"}],"curies":[{"name":"wp","href":"https:\/\/api.w.org\/{rel}","templated":true}]}}