{"id":8228,"date":"2018-02-13T14:36:57","date_gmt":"2018-02-13T14:36:57","guid":{"rendered":"https:\/\/www.somatechnology.com\/spanish\/?post_type=product&#038;p=8228"},"modified":"2025-12-11T03:37:46","modified_gmt":"2025-12-11T08:37:46","slug":"zeiss-opmi-visu-160","status":"publish","type":"product","link":"https:\/\/www.somatechnology.com\/spanish\/equipo-medico-usado-remanufacturado\/microscopios-de-cirugia\/zeiss-opmi-visu-160\/","title":{"rendered":"Zeiss OPMI VISU 160"},"content":{"rendered":"<div class=\"wpb-content-wrapper\"><p>[vc_row][vc_column][vc_column_text css=\u00bb\u00bb]<\/p>\n<h2><strong>Zeiss OPMI VISU 160<\/strong><\/h2>\n<p>El Zeiss OPMI Visu 160 es un microscopio quir\u00fargico que proporciona im\u00e1genes y control excelentes durante un espectro de procedimientos de <strong><em>oftalmolog\u00eda<\/em><\/strong>. El microscopio cuenta con administraci\u00f3n de profundidad de campo, iluminaci\u00f3n BrightFlex y mangos ergon\u00f3micos para ajustes precisos.<\/p>\n<ul>\n<li>Microscopio quir\u00fargico dise\u00f1ado espec\u00edficamente para hospitales que realizan un amplio espectro de procedimientos oftalmol\u00f3gicos.<\/li>\n<li>\u00d3ptica corregida apocrom\u00e1ticamente.<\/li>\n<li>El sistema de profundidad de profundidad de campo de DeepView permite a los m\u00e9dicos elegir entre la percepci\u00f3n de profundidad optimizada o la m\u00e1xima transmisi\u00f3n de luz.<\/li>\n<li>La simulaci\u00f3n de hendidura integrada ofrece un reconocimiento de detalles rico en contraste.<\/li>\n<li>Iluminaci\u00f3n BrightFlex para un reflejo rojo claro y buenas condiciones de luz.<\/li>\n<li>Empu\u00f1aduras ergon\u00f3micas para un posicionamiento preciso.<\/li>\n<li>Ajuste f\u00e1cilmente la velocidad del zoom, enfoque y movimientos X-Y a sus requisitos.<\/li>\n<\/ul>\n<h3>Microscopio Quir\u00fargico<\/h3>\n<ul>\n<li>\u00d3ptica apocrom\u00e1tica con multicapa antirreflejo T *<\/li>\n<li>Sistema de zoom motorizado. Relaci\u00f3n de zoom 1: 6, \u03b3 = 0.4 a 2.4<\/li>\n<li>Rango de enfoque: 50 mm<\/li>\n<li>DeepView: profundidad del sistema de gesti\u00f3n de campo<\/li>\n<\/ul>\n<h3>Acoplamiento X-Y<\/h3>\n<ul>\n<li>Rango de ajuste 40 mm x 40 mm<\/li>\n<\/ul>\n<h3>Iluminaci\u00f3n<\/h3>\n<ul>\n<li>Iluminaci\u00f3n BrightFlexTM: \u2022 6 \u00b0 de iluminaci\u00f3n, desvanecimiento continuo; \u2022 + 2 \u00b0 de iluminaci\u00f3n para reflejo rojo<\/li>\n<li>Iluminaci\u00f3n de hendidura integrada<\/li>\n<li>Vertical: ancho 2.5 mm<\/li>\n<li>Horizontal: ancho 2,5 mm y 5 mm, m\u00f3vil<\/li>\n<li>Filtro de corte UV integrado de 408 nm<\/li>\n<li>Filtro Swing-in GG475 para reducir la porci\u00f3n azul<\/li>\n<li>Filtro de luz natural Swing-in KK40 en sistema de suspensi\u00f3n<\/li>\n<li>Filtro de reducci\u00f3n de deslumbramiento escleral<\/li>\n<li>Gu\u00eda de luz de fibra<\/li>\n<li>Fuente de luz hal\u00f3gena (12 V, 100 W)<\/li>\n<li>Cambio autom\u00e1tico despu\u00e9s del fallo del foco<\/li>\n<li>Opcional: filtro de fluorescencia oscilante en el sistema de suspensi\u00f3n<\/li>\n<\/ul>\n<h3>Sistemas \u00f3pticos<\/h3>\n<ul>\n<li>Objetivo objetivo (mm) f = 200 mm, f = 175 mm, f = 200 mm, f = 175 mm<\/li>\n<li>Ocular 10x, 10x, 12.5x, 12.5x<\/li>\n<li>Ampliaci\u00f3n total * 3.4x &#8211; 20.4x 3.9x &#8211; 23.3x 4.3x &#8211; 25.5x 4.9x &#8211; 29.1x<\/li>\n<li>Campo de visi\u00f3n di\u00e1metro * 10.0 mm &#8211; 60.6 mm 8.8 mm &#8211; 53.0 mm 8.6 mm &#8211; 51.8 mm 7.5 mm &#8211; 45.3 mm<\/li>\n<\/ul>\n<h3>Sistemas de suspensi\u00f3n<\/h3>\n<ul>\n<li>Soporte de suelo S7 \/ OPMI VISU 160<\/li>\n<li>Soporte de techo S7 \/ OPMI VISU 160 con columna de elevaci\u00f3n<\/li>\n<li>Soporte de techo S7 \/ OPMI VISU 160 con columna r\u00edgida<\/li>\n<\/ul>\n<p>[\/vc_column_text][\/vc_column][\/vc_row]<\/p>\n<\/div>","protected":false},"excerpt":{"rendered":"<p>[vc_row][vc_column][vc_column_text css=\u00bb\u00bb] Zeiss OPMI VISU 160 El Zeiss OPMI Visu 160 es un microscopio quir\u00fargico que proporciona im\u00e1genes y control excelentes durante un espectro&#8230;<\/p>\n","protected":false},"featured_media":8528,"template":"","meta":{"_acf_changed":false,"_relevanssi_hide_post":"","_relevanssi_hide_content":"","_relevanssi_pin_for_all":"","_relevanssi_pin_keywords":"","_relevanssi_unpin_keywords":"","_relevanssi_related_keywords":"","_relevanssi_related_include_ids":"","_relevanssi_related_exclude_ids":"","_relevanssi_related_no_append":"","_relevanssi_related_not_related":"","_relevanssi_related_posts":"","_relevanssi_noindex_reason":"","inline_featured_image":false},"pwb-brand":[1062],"product_brand":[],"product_cat":[69],"product_tag":[1043,4327,997,999,765,956,996,1000,998],"class_list":{"0":"post-8228","1":"product","2":"type-product","3":"status-publish","4":"has-post-thumbnail","6":"pwb-brand-zeiss","7":"product_cat-microscopios-de-cirugia","8":"product_tag-microscopio-quirurgico","9":"product_tag-microscopios-de-cirugia-zeiss","10":"product_tag-visu-160","11":"product_tag-zeiss-160","12":"product_tag-zeiss-opmi","13":"product_tag-zeiss-opmi-visu","14":"product_tag-zeiss-opmi-visu-160","15":"product_tag-zeiss-visu","16":"product_tag-zeiss-visu-160","18":"first","19":"instock","20":"shipping-taxable","21":"purchasable","22":"product-type-simple"},"acf":[],"brands":[{"id":1062,"name":"Zeiss","slug":"zeiss"}],"_links":{"self":[{"href":"https:\/\/www.somatechnology.com\/spanish\/wp-json\/wp\/v2\/product\/8228","targetHints":{"allow":["GET"]}}],"collection":[{"href":"https:\/\/www.somatechnology.com\/spanish\/wp-json\/wp\/v2\/product"}],"about":[{"href":"https:\/\/www.somatechnology.com\/spanish\/wp-json\/wp\/v2\/types\/product"}],"wp:featuredmedia":[{"embeddable":true,"href":"https:\/\/www.somatechnology.com\/spanish\/wp-json\/wp\/v2\/media\/8528"}],"wp:attachment":[{"href":"https:\/\/www.somatechnology.com\/spanish\/wp-json\/wp\/v2\/media?parent=8228"}],"wp:term":[{"taxonomy":"pwb-brand","embeddable":true,"href":"https:\/\/www.somatechnology.com\/spanish\/wp-json\/wp\/v2\/pwb-brand?post=8228"},{"taxonomy":"product_brand","embeddable":true,"href":"https:\/\/www.somatechnology.com\/spanish\/wp-json\/wp\/v2\/product_brand?post=8228"},{"taxonomy":"product_cat","embeddable":true,"href":"https:\/\/www.somatechnology.com\/spanish\/wp-json\/wp\/v2\/product_cat?post=8228"},{"taxonomy":"product_tag","embeddable":true,"href":"https:\/\/www.somatechnology.com\/spanish\/wp-json\/wp\/v2\/product_tag?post=8228"}],"curies":[{"name":"wp","href":"https:\/\/api.w.org\/{rel}","templated":true}]}}