{"id":8231,"date":"2018-02-13T14:38:16","date_gmt":"2018-02-13T14:38:16","guid":{"rendered":"https:\/\/www.somatechnology.com\/spanish\/?post_type=product&#038;p=8231"},"modified":"2025-12-11T01:22:59","modified_gmt":"2025-12-11T06:22:59","slug":"verathon-glidescope","status":"publish","type":"product","link":"https:\/\/www.somatechnology.com\/spanish\/equipo-medico-usado-remanufacturado\/video-laringoscopios\/verathon-glidescope\/","title":{"rendered":"Verathon GlideScope"},"content":{"rendered":"<div class=\"wpb-content-wrapper\"><p>[vc_row][vc_column][vc_column_text css=\u00bb\u00bb]<\/p>\n<h2><strong>Portable GlideScope Video Laryngoscope<\/strong><\/h2>\n<p>El sistema de laringoscopio de video port\u00e1til GlideScope est\u00e1 dise\u00f1ado para lograr el \u00abprimer pase exitoso\u00bb. Este sistema proporciona una vista uniformemente clara de las v\u00edas respiratorias del paciente, lo que permite una intubaci\u00f3n r\u00e1pida. Los laringoscopios de video GlideScope est\u00e1n cl\u00ednicamente probados para alcanzar una Grado I o II de Cormack-Lehane vistas el 99% del tiempo.<\/p>\n<ul>\n<li>Ideal para v\u00edas respiratorias dif\u00edciles e impredecibles; conveniente para las v\u00edas respiratorias de rutina<\/li>\n<li>Proporciona una vista consistentemente clara, lo que permite una intubaci\u00f3n r\u00e1pida en condiciones impredecibles<\/li>\n<li>Operacional en segundos<\/li>\n<li>Optimizado para entornos exigentes de quir\u00f3fano, urgencias e ICU<\/li>\n<\/ul>\n<h3>Monitor de pantalla<\/h3>\n<ul>\n<li>Panel LCD TFT: 320 x 240<\/li>\n<li>Monitor: 6.4 in<\/li>\n<li>Altura: 167.3 mm<\/li>\n<li>Ancho: 210.0 mm<\/li>\n<li>Profundidad: 87.6 mm<\/li>\n<li>Peso: 1.4 kg<\/li>\n<\/ul>\n<h3>GlideRite Rigid Stylet<\/h3>\n<p>Longitud de la manija: 82 mm Ancho de la manija: 16 mm Longitud de la varilla de acero: 266 mm Di\u00e1metro de la punta distal: 5 mm<\/p>\n<h3>Informacion General<\/h3>\n<ul>\n<li>Cable de alimentaci\u00f3n de CA: 4,5 m (15 pies)<\/li>\n<li>Cable de video: 1,8 m (6 pies)<\/li>\n<li>Cable de salida de video: (para la conexi\u00f3n a dispositivos compatibles con NTSC) 0.8 m (2.7 pies)<\/li>\n<\/ul>\n<p>[\/vc_column_text][\/vc_column][\/vc_row]<\/p>\n<\/div>","protected":false},"excerpt":{"rendered":"<p>[vc_row][vc_column][vc_column_text css=\u00bb\u00bb] Portable GlideScope Video Laryngoscope El sistema de laringoscopio de video port\u00e1til GlideScope est\u00e1 dise\u00f1ado para lograr el \u00abprimer pase exitoso\u00bb. Este sistema&#8230;<\/p>\n","protected":false},"featured_media":8511,"template":"","meta":{"_acf_changed":false,"_relevanssi_hide_post":"","_relevanssi_hide_content":"","_relevanssi_pin_for_all":"","_relevanssi_pin_keywords":"","_relevanssi_unpin_keywords":"","_relevanssi_related_keywords":"","_relevanssi_related_include_ids":"","_relevanssi_related_exclude_ids":"","_relevanssi_related_no_append":"","_relevanssi_related_not_related":"","_relevanssi_related_posts":"","_relevanssi_noindex_reason":"","inline_featured_image":false},"pwb-brand":[1362],"product_brand":[],"product_cat":[978],"product_tag":[1003,991,992,1001,1002,990,989],"class_list":{"0":"post-8231","1":"product","2":"type-product","3":"status-publish","4":"has-post-thumbnail","6":"pwb-brand-equipo-medico-verathon","7":"product_cat-video-laringoscopios","8":"product_tag-glidescope","9":"product_tag-laringoscopio","10":"product_tag-laringoscopios","11":"product_tag-verathon","12":"product_tag-verathon-glidescope","13":"product_tag-video-laringoscopio","14":"product_tag-video-laringoscopios","16":"first","17":"instock","18":"shipping-taxable","19":"purchasable","20":"product-type-simple"},"acf":[],"brands":[{"id":1362,"name":"Verathon","slug":"equipo-medico-verathon"}],"_links":{"self":[{"href":"https:\/\/www.somatechnology.com\/spanish\/wp-json\/wp\/v2\/product\/8231","targetHints":{"allow":["GET"]}}],"collection":[{"href":"https:\/\/www.somatechnology.com\/spanish\/wp-json\/wp\/v2\/product"}],"about":[{"href":"https:\/\/www.somatechnology.com\/spanish\/wp-json\/wp\/v2\/types\/product"}],"wp:featuredmedia":[{"embeddable":true,"href":"https:\/\/www.somatechnology.com\/spanish\/wp-json\/wp\/v2\/media\/8511"}],"wp:attachment":[{"href":"https:\/\/www.somatechnology.com\/spanish\/wp-json\/wp\/v2\/media?parent=8231"}],"wp:term":[{"taxonomy":"pwb-brand","embeddable":true,"href":"https:\/\/www.somatechnology.com\/spanish\/wp-json\/wp\/v2\/pwb-brand?post=8231"},{"taxonomy":"product_brand","embeddable":true,"href":"https:\/\/www.somatechnology.com\/spanish\/wp-json\/wp\/v2\/product_brand?post=8231"},{"taxonomy":"product_cat","embeddable":true,"href":"https:\/\/www.somatechnology.com\/spanish\/wp-json\/wp\/v2\/product_cat?post=8231"},{"taxonomy":"product_tag","embeddable":true,"href":"https:\/\/www.somatechnology.com\/spanish\/wp-json\/wp\/v2\/product_tag?post=8231"}],"curies":[{"name":"wp","href":"https:\/\/api.w.org\/{rel}","templated":true}]}}