{"id":8578,"date":"2018-02-23T15:00:32","date_gmt":"2018-02-23T15:00:32","guid":{"rendered":"https:\/\/www.somatechnology.com\/spanish\/?post_type=product&#038;p=8578"},"modified":"2025-07-01T09:31:00","modified_gmt":"2025-07-01T13:31:00","slug":"philips-pagewriter-tc70-ekg","status":"publish","type":"product","link":"https:\/\/www.somatechnology.com\/spanish\/equipo-medico-usado-remanufacturado\/cardiologia\/ekg-interpretativo-y-no-interpretativo\/philips-pagewriter-tc70-ekg\/","title":{"rendered":"Philips Pagewriter TC70 EKG"},"content":{"rendered":"<h2>Caracter\u00edsticas del\u00a0<strong>Philips Pagewriter TC70<\/strong><\/h2>\n<ul>\n<p>El cardi\u00f3grafo Philips PageWriter TC70 es un dispositivo de vanguardia cuyo objetivo es simplificar las pruebas de diagn\u00f3stico de ECG y mejorar la eficiencia del flujo de trabajo. Con sus capacidades de flujo de trabajo automatizado y soporte cl\u00ednico excepcional, este cardi\u00f3grafo garantiza resultados precisos y confiables para los profesionales de la salud. Su interfaz f\u00e1cil de usar y sus funciones avanzadas la convierten en una herramienta indispensable en cualquier entorno m\u00e9dico donde la facilidad de uso y la precisi\u00f3n son de suma importancia.<\/p>\n<li>\n<li>Cada bot\u00f3n se enciende en secuencia, lo que simplemente le indica que tome un ECG tan f\u00e1cilmente como 1-2-3.<\/li>\n<li>El algoritmo de ECG Philips DXL de 16 derivaciones ofrece interpretaciones de ECG l\u00edderes en la industria y un conjunto de ayudas de diagn\u00f3stico STEMI avanzadas.<\/li>\n<li>Cardiograph presenta una secuencia automatizada de informes de ECG con una transferencia inal\u00e1mbrica integrada de ECG para agilizar su flujo de trabajo.<\/li>\n<li>Cables de plomo de calidad que reducen el engorroso enredo del cable.<\/li>\n<li>Identifique r\u00e1pidamente a los pacientes que necesitan atenci\u00f3n urgente.<\/li>\n<li>Acorte el tiempo desde el descubrimiento hasta el tratamiento.<\/li>\n<li>Apoya la gu\u00eda de la Comisi\u00f3n Conjunta.<\/li>\n<\/ul>\n","protected":false},"excerpt":{"rendered":"<p>Electrocardi\u00f3grafos<\/p>\n","protected":false},"featured_media":30071,"template":"","meta":{"_acf_changed":false,"_relevanssi_hide_post":"","_relevanssi_hide_content":"","_relevanssi_pin_for_all":"","_relevanssi_pin_keywords":"","_relevanssi_unpin_keywords":"","_relevanssi_related_keywords":"","_relevanssi_related_include_ids":"","_relevanssi_related_exclude_ids":"","_relevanssi_related_no_append":"","_relevanssi_related_not_related":"","_relevanssi_related_posts":"","_relevanssi_noindex_reason":"","inline_featured_image":false},"pwb-brand":[1102],"product_brand":[],"product_cat":[49],"product_tag":[4782,273,4830,1229,4840,1228,4837,1226,1227,1230],"class_list":{"0":"post-8578","1":"product","2":"type-product","3":"status-publish","4":"has-post-thumbnail","6":"pwb-brand-equipo-medico-philips","7":"product_cat-ekg-interpretativo-y-no-interpretativo","8":"product_tag-electrocardiografos","9":"product_tag-philips","10":"product_tag-philips-electrocardiografos","11":"product_tag-philips-pagewriter","12":"product_tag-philips-pagewriter-ct70-electrocardiografos","13":"product_tag-philips-pagewriter-ekg","14":"product_tag-philips-pagewriter-electrocardiografos","15":"product_tag-philips-pagewriter-tc70","16":"product_tag-philips-pagewriter-tc70-ekg","17":"product_tag-philips-tc70","19":"first","20":"instock","21":"featured","22":"shipping-taxable","23":"purchasable","24":"product-type-simple"},"acf":[],"brands":[{"id":1102,"name":"Philips","slug":"equipo-medico-philips"}],"_links":{"self":[{"href":"https:\/\/www.somatechnology.com\/spanish\/wp-json\/wp\/v2\/product\/8578","targetHints":{"allow":["GET"]}}],"collection":[{"href":"https:\/\/www.somatechnology.com\/spanish\/wp-json\/wp\/v2\/product"}],"about":[{"href":"https:\/\/www.somatechnology.com\/spanish\/wp-json\/wp\/v2\/types\/product"}],"wp:featuredmedia":[{"embeddable":true,"href":"https:\/\/www.somatechnology.com\/spanish\/wp-json\/wp\/v2\/media\/30071"}],"wp:attachment":[{"href":"https:\/\/www.somatechnology.com\/spanish\/wp-json\/wp\/v2\/media?parent=8578"}],"wp:term":[{"taxonomy":"pwb-brand","embeddable":true,"href":"https:\/\/www.somatechnology.com\/spanish\/wp-json\/wp\/v2\/pwb-brand?post=8578"},{"taxonomy":"product_brand","embeddable":true,"href":"https:\/\/www.somatechnology.com\/spanish\/wp-json\/wp\/v2\/product_brand?post=8578"},{"taxonomy":"product_cat","embeddable":true,"href":"https:\/\/www.somatechnology.com\/spanish\/wp-json\/wp\/v2\/product_cat?post=8578"},{"taxonomy":"product_tag","embeddable":true,"href":"https:\/\/www.somatechnology.com\/spanish\/wp-json\/wp\/v2\/product_tag?post=8578"}],"curies":[{"name":"wp","href":"https:\/\/api.w.org\/{rel}","templated":true}]}}