{"id":8586,"date":"2018-02-23T17:27:01","date_gmt":"2018-02-23T17:27:01","guid":{"rendered":"https:\/\/www.somatechnology.com\/spanish\/?post_type=product&#038;p=8586"},"modified":"2023-08-23T06:22:06","modified_gmt":"2023-08-23T10:22:06","slug":"stryker-1488-hd-sistema-completo","status":"publish","type":"product","link":"https:\/\/www.somatechnology.com\/spanish\/equipo-medico-usado-remanufacturado\/sistema-de-video-endoscopia\/sistemas-completos-de-laparoscopia\/stryker-1488-hd-sistema-completo\/","title":{"rendered":"Stryker 1488 HD Sistema Completo"},"content":{"rendered":"<h2><span data-contrast=\"auto\">ESPECIFICACIONES DE STRYKER 1488 SISTEMA DE V\u00cdDEO HD<\/span><span data-ccp-props=\"{&quot;201341983&quot;:0,&quot;335559739&quot;:160,&quot;335559740&quot;:240}\">\u00a0<\/span><\/h2>\n<p><span data-contrast=\"auto\">El sistema de c\u00e1mara HD 1488 utiliza tecnolog\u00eda CMOS avanzada y \u00f3ptica de primera calidad para continuar el legado de los mejores sistemas de v\u00eddeo de su clase que Stryker ha ofrecido a sus clientes durante m\u00e1s de 25 a\u00f1os. El sistema 1488 proporciona una imagen clara y brillante dise\u00f1ada para mejorar los resultados de los pacientes. La estandarizaci\u00f3n entre especialidades es posible a trav\u00e9s de nueve configuraciones dedicadas a la especialidad quir\u00fargica.<\/span><span data-ccp-props=\"{&quot;201341983&quot;:0,&quot;335559739&quot;:160,&quot;335559740&quot;:240}\">\u00a0<\/span><\/p>\n<p><span data-contrast=\"auto\">El sistema de c\u00e1mara HD 1488 es una soluci\u00f3n multiespecialidad dise\u00f1ada para maximizar el valor de la inversi\u00f3n de nuestros clientes en Stryker. Al dise\u00f1ar tanto el hardware como el software de los productos, Stryker permite un mejor rendimiento general y funcionalidad del sistema a trav\u00e9s de una mayor integraci\u00f3n de cada componente en la plataforma.<\/span><span data-ccp-props=\"{&quot;201341983&quot;:0,&quot;335559739&quot;:160,&quot;335559740&quot;:240}\">\u00a0<\/span><\/p>\n<h2><span data-contrast=\"auto\">CARACTER\u00cdSTICAS<\/span><span data-ccp-props=\"{&quot;201341983&quot;:0,&quot;335559739&quot;:160,&quot;335559740&quot;:240}\">\u00a0<\/span><\/h2>\n<h3><span data-contrast=\"auto\">\u00d3ptica de Primera Calidad y Tecnolog\u00eda CMOS<\/span><span data-ccp-props=\"{&quot;201341983&quot;:0,&quot;335559739&quot;:160,&quot;335559740&quot;:240}\">\u00a0<\/span><\/h3>\n<ul>\n<li data-leveltext=\"\uf0b7\" data-font=\"Symbol\" data-listid=\"1\" data-list-defn-props=\"{&quot;335552541&quot;:1,&quot;335559683&quot;:0,&quot;335559684&quot;:-2,&quot;335559685&quot;:720,&quot;335559991&quot;:360,&quot;469769226&quot;:&quot;Symbol&quot;,&quot;469769242&quot;:[8226],&quot;469777803&quot;:&quot;left&quot;,&quot;469777804&quot;:&quot;\uf0b7&quot;,&quot;469777815&quot;:&quot;hybridMultilevel&quot;}\" aria-setsize=\"-1\" data-aria-posinset=\"1\" data-aria-level=\"1\"><span data-contrast=\"auto\">Brillo y claridad de la imagen<\/span><span data-ccp-props=\"{&quot;201341983&quot;:0,&quot;335559739&quot;:160,&quot;335559740&quot;:240}\">\u00a0<\/span><\/li>\n<li data-leveltext=\"\uf0b7\" data-font=\"Symbol\" data-listid=\"1\" data-list-defn-props=\"{&quot;335552541&quot;:1,&quot;335559683&quot;:0,&quot;335559684&quot;:-2,&quot;335559685&quot;:720,&quot;335559991&quot;:360,&quot;469769226&quot;:&quot;Symbol&quot;,&quot;469769242&quot;:[8226],&quot;469777803&quot;:&quot;left&quot;,&quot;469777804&quot;:&quot;\uf0b7&quot;,&quot;469777815&quot;:&quot;hybridMultilevel&quot;}\" aria-setsize=\"-1\" data-aria-posinset=\"2\" data-aria-level=\"1\"><span data-contrast=\"auto\">Alta inmunidad al ruido<\/span><span data-ccp-props=\"{&quot;201341983&quot;:0,&quot;335559739&quot;:160,&quot;335559740&quot;:240}\">\u00a0<\/span><\/li>\n<li data-leveltext=\"\uf0b7\" data-font=\"Symbol\" data-listid=\"1\" data-list-defn-props=\"{&quot;335552541&quot;:1,&quot;335559683&quot;:0,&quot;335559684&quot;:-2,&quot;335559685&quot;:720,&quot;335559991&quot;:360,&quot;469769226&quot;:&quot;Symbol&quot;,&quot;469769242&quot;:[8226],&quot;469777803&quot;:&quot;left&quot;,&quot;469777804&quot;:&quot;\uf0b7&quot;,&quot;469777815&quot;:&quot;hybridMultilevel&quot;}\" aria-setsize=\"-1\" data-aria-posinset=\"3\" data-aria-level=\"1\"><span data-contrast=\"auto\">Dise\u00f1ada para la seguridad del paciente: la sensibilidad lum\u00ednica mejorada de la 1488 permite que la fuente de luz funcione a niveles de potencia m\u00e1s bajos que pueden reducir el riesgo de quemaduras del paciente o de los pa\u00f1uelos, a la vez que proporciona un rendimiento \u00f3ptico de primera calidad<\/span><span data-ccp-props=\"{&quot;201341983&quot;:0,&quot;335559739&quot;:160,&quot;335559740&quot;:240}\">\u00a0<\/span><\/li>\n<\/ul>\n<h3><span data-contrast=\"auto\">Estandarizaci\u00f3n entre Especialidades<\/span><span data-ccp-props=\"{&quot;201341983&quot;:0,&quot;335559739&quot;:160,&quot;335559740&quot;:240}\">\u00a0<\/span><\/h3>\n<ul>\n<li><span data-contrast=\"auto\">Nueve especialidades quir\u00fargicas: rendimiento optimizado para abordar las necesidades espec\u00edficas de color e iluminaci\u00f3n de los procedimientos quir\u00fargicos individuales<\/span><span data-ccp-props=\"{&quot;201341983&quot;:0,&quot;335559739&quot;:160,&quot;335559740&quot;:240}\">\u00a0<\/span><\/li>\n<li><span data-contrast=\"auto\">Stryker ofrece una soluci\u00f3n quir\u00fargica integral para todas las especialidades, dise\u00f1ada para maximizar el valor de la inversi\u00f3n de nuestros clientes en Stryker<\/span><span data-ccp-props=\"{&quot;201341983&quot;:0,&quot;335559739&quot;:160,&quot;335559740&quot;:240}\">\u00a0<\/span><\/li>\n<li><span data-contrast=\"auto\">Permite la estandarizaci\u00f3n de los sistemas de v\u00eddeo en una sola plataforma<\/span><span data-ccp-props=\"{&quot;201341983&quot;:0,&quot;335559739&quot;:160,&quot;335559740&quot;:240}\">\u00a0<\/span><\/li>\n<\/ul>\n<h3><span data-contrast=\"auto\">Integraci\u00f3n de la Plataforma<\/span><span data-ccp-props=\"{&quot;201341983&quot;:0,&quot;335559739&quot;:160,&quot;335559740&quot;:240}\">\u00a0<\/span><\/h3>\n<p><span data-contrast=\"auto\">El 1488 est\u00e1 dise\u00f1ado para optimizar la experiencia quir\u00fargica de cada cirujano:<\/span><span data-contrast=\"auto\">\u00a0<\/span><span data-ccp-props=\"{&quot;201341983&quot;:0,&quot;335559739&quot;:160,&quot;335559740&quot;:240}\">\u00a0<\/span><\/p>\n<ul>\n<li data-leveltext=\"\uf0b7\" data-font=\"Symbol\" data-listid=\"2\" data-list-defn-props=\"{&quot;335552541&quot;:1,&quot;335559683&quot;:0,&quot;335559684&quot;:-2,&quot;335559685&quot;:720,&quot;335559991&quot;:360,&quot;469769226&quot;:&quot;Symbol&quot;,&quot;469769242&quot;:[8226],&quot;469777803&quot;:&quot;left&quot;,&quot;469777804&quot;:&quot;\uf0b7&quot;,&quot;469777815&quot;:&quot;hybridMultilevel&quot;}\" aria-setsize=\"-1\" data-aria-posinset=\"4\" data-aria-level=\"1\"><span data-contrast=\"auto\">Gama de opciones de cabezal de c\u00e1mara espec\u00edficas para las necesidades de las distintas especialidades quir\u00fargicas<\/span><span data-ccp-props=\"{&quot;201341983&quot;:0,&quot;335559739&quot;:160,&quot;335559740&quot;:240}\">\u00a0<\/span><\/li>\n<li data-leveltext=\"\uf0b7\" data-font=\"Symbol\" data-listid=\"2\" data-list-defn-props=\"{&quot;335552541&quot;:1,&quot;335559683&quot;:0,&quot;335559684&quot;:-2,&quot;335559685&quot;:720,&quot;335559991&quot;:360,&quot;469769226&quot;:&quot;Symbol&quot;,&quot;469769242&quot;:[8226],&quot;469777803&quot;:&quot;left&quot;,&quot;469777804&quot;:&quot;\uf0b7&quot;,&quot;469777815&quot;:&quot;hybridMultilevel&quot;}\" aria-setsize=\"-1\" data-aria-posinset=\"5\" data-aria-level=\"1\"><span data-contrast=\"auto\">Activaci\u00f3n de la fuente de luz LED L9000<\/span><span data-ccp-props=\"{&quot;201341983&quot;:0,&quot;335559739&quot;:160,&quot;335559740&quot;:240}\">\u00a0<\/span><\/li>\n<li data-leveltext=\"\uf0b7\" data-font=\"Symbol\" data-listid=\"2\" data-list-defn-props=\"{&quot;335552541&quot;:1,&quot;335559683&quot;:0,&quot;335559684&quot;:-2,&quot;335559685&quot;:720,&quot;335559991&quot;:360,&quot;469769226&quot;:&quot;Symbol&quot;,&quot;469769242&quot;:[8226],&quot;469777803&quot;:&quot;left&quot;,&quot;469777804&quot;:&quot;\uf0b7&quot;,&quot;469777815&quot;:&quot;hybridMultilevel&quot;}\" aria-setsize=\"-1\" data-aria-posinset=\"6\" data-aria-level=\"1\"><span data-contrast=\"auto\">Compatibilidad con Infravision: identificaci\u00f3n r\u00e1pida y sencilla de la anatom\u00eda cr\u00edtica<\/span><span data-ccp-props=\"{&quot;201341983&quot;:0,&quot;335559739&quot;:160,&quot;335559740&quot;:240}\">\u00a0<\/span><\/li>\n<li data-leveltext=\"\uf0b7\" data-font=\"Symbol\" data-listid=\"2\" data-list-defn-props=\"{&quot;335552541&quot;:1,&quot;335559683&quot;:0,&quot;335559684&quot;:-2,&quot;335559685&quot;:720,&quot;335559991&quot;:360,&quot;469769226&quot;:&quot;Symbol&quot;,&quot;469769242&quot;:[8226],&quot;469777803&quot;:&quot;left&quot;,&quot;469777804&quot;:&quot;\uf0b7&quot;,&quot;469777815&quot;:&quot;hybridMultilevel&quot;}\" aria-setsize=\"-1\" data-aria-posinset=\"7\" data-aria-level=\"1\"><span data-contrast=\"auto\">La integraci\u00f3n del porta\u00f3ptica neum\u00e1tico Wingman proporciona estabilidad y control de la imagen neum\u00e1tica desde el cabezal de la c\u00e1mara 1488<\/span><span data-ccp-props=\"{&quot;201341983&quot;:0,&quot;335559739&quot;:160,&quot;335559740&quot;:240}\">\u00a0<\/span><\/li>\n<li data-leveltext=\"\uf0b7\" data-font=\"Symbol\" data-listid=\"2\" data-list-defn-props=\"{&quot;335552541&quot;:1,&quot;335559683&quot;:0,&quot;335559684&quot;:-2,&quot;335559685&quot;:720,&quot;335559991&quot;:360,&quot;469769226&quot;:&quot;Symbol&quot;,&quot;469769242&quot;:[8226],&quot;469777803&quot;:&quot;left&quot;,&quot;469777804&quot;:&quot;\uf0b7&quot;,&quot;469777815&quot;:&quot;hybridMultilevel&quot;}\" aria-setsize=\"-1\" data-aria-posinset=\"8\" data-aria-level=\"1\"><span data-contrast=\"auto\">Personalizaci\u00f3n de la experiencia quir\u00fargica mediante 4 botones de c\u00e1mara programables<\/span><span data-ccp-props=\"{&quot;201341983&quot;:0,&quot;335559739&quot;:160,&quot;335559740&quot;:240}\">\u00a0<\/span><\/li>\n<li data-leveltext=\"\uf0b7\" data-font=\"Symbol\" data-listid=\"2\" data-list-defn-props=\"{&quot;335552541&quot;:1,&quot;335559683&quot;:0,&quot;335559684&quot;:-2,&quot;335559685&quot;:720,&quot;335559991&quot;:360,&quot;469769226&quot;:&quot;Symbol&quot;,&quot;469769242&quot;:[8226],&quot;469777803&quot;:&quot;left&quot;,&quot;469777804&quot;:&quot;\uf0b7&quot;,&quot;469777815&quot;:&quot;hybridMultilevel&quot;}\" aria-setsize=\"-1\" data-aria-posinset=\"9\" data-aria-level=\"1\"><span data-contrast=\"auto\">Activaci\u00f3n de la fuente de luz LED L9000 y del porta\u00f3ptica Wingman desde el campo quir\u00fargico<\/span><span data-ccp-props=\"{&quot;201341983&quot;:0,&quot;335559739&quot;:160,&quot;335559740&quot;:240}\">\u00a0<\/span><\/li>\n<li data-leveltext=\"\uf0b7\" data-font=\"Symbol\" data-listid=\"2\" data-list-defn-props=\"{&quot;335552541&quot;:1,&quot;335559683&quot;:0,&quot;335559684&quot;:-2,&quot;335559685&quot;:720,&quot;335559991&quot;:360,&quot;469769226&quot;:&quot;Symbol&quot;,&quot;469769242&quot;:[8226],&quot;469777803&quot;:&quot;left&quot;,&quot;469777804&quot;:&quot;\uf0b7&quot;,&quot;469777815&quot;:&quot;hybridMultilevel&quot;}\" aria-setsize=\"-1\" data-aria-posinset=\"10\" data-aria-level=\"1\"><span data-contrast=\"auto\">10 funciones de bot\u00f3n construidas escalables para aumentar con los avances de la plataforma<\/span><span data-ccp-props=\"{&quot;201341983&quot;:0,&quot;335559739&quot;:160,&quot;335559740&quot;:240}\">\u00a0<\/span><\/li>\n<li data-leveltext=\"\uf0b7\" data-font=\"Symbol\" data-listid=\"2\" data-list-defn-props=\"{&quot;335552541&quot;:1,&quot;335559683&quot;:0,&quot;335559684&quot;:-2,&quot;335559685&quot;:720,&quot;335559991&quot;:360,&quot;469769226&quot;:&quot;Symbol&quot;,&quot;469769242&quot;:[8226],&quot;469777803&quot;:&quot;left&quot;,&quot;469777804&quot;:&quot;\uf0b7&quot;,&quot;469777815&quot;:&quot;hybridMultilevel&quot;}\" aria-setsize=\"-1\" data-aria-posinset=\"11\" data-aria-level=\"1\"><span data-contrast=\"auto\">El acoplador de zoom \u00f3ptico proporciona un rango de zoom din\u00e1mico sin comprometer la claridad de la imagen<\/span><span data-ccp-props=\"{&quot;201341983&quot;:0,&quot;335559739&quot;:160,&quot;335559740&quot;:240}\">\u00a0<\/span><\/li>\n<li data-leveltext=\"\uf0b7\" data-font=\"Symbol\" data-listid=\"2\" data-list-defn-props=\"{&quot;335552541&quot;:1,&quot;335559683&quot;:0,&quot;335559684&quot;:-2,&quot;335559685&quot;:720,&quot;335559991&quot;:360,&quot;469769226&quot;:&quot;Symbol&quot;,&quot;469769242&quot;:[8226],&quot;469777803&quot;:&quot;left&quot;,&quot;469777804&quot;:&quot;\uf0b7&quot;,&quot;469777815&quot;:&quot;hybridMultilevel&quot;}\" aria-setsize=\"-1\" data-aria-posinset=\"12\" data-aria-level=\"1\"><span data-contrast=\"auto\">Compatible con Infravision para identificar claramente la anatom\u00eda cr\u00edtica <\/span><span data-ccp-props=\"{&quot;201341983&quot;:0,&quot;335559739&quot;:160,&quot;335559740&quot;:240}\">\u00a0<\/span><\/li>\n<\/ul>\n<h2><span data-contrast=\"auto\">M\u00c1S INFORMACI\u00d3N SOBRE EL STRYKER 1488 SISTEMA DE V\u00cdDEO HD<\/span><span data-ccp-props=\"{&quot;201341983&quot;:0,&quot;335559739&quot;:160,&quot;335559740&quot;:240}\">\u00a0<\/span><\/h2>\n<h3><span data-contrast=\"auto\">Stryker 1488 Sistema de V\u00eddeo HD<\/span><span data-ccp-props=\"{&quot;201341983&quot;:0,&quot;335559739&quot;:160,&quot;335559740&quot;:240}\">\u00a0<\/span><\/h3>\n<p><span data-contrast=\"auto\">Soma Technology, Inc. ofrece el Stryker 1488 hasta un 50% por debajo de los precios originales con el mismo servicio y garant\u00eda que los nuevos. Soma Technology reacondiciona t\u00e9cnica y cosm\u00e9ticamente estos s\u00edstemas de endoscop\u00eda acuerdo con las especificaciones originales del fabricante. Utilizando nuestros ingenieros biom\u00e9dicos altamente cualificados y certificados, estas unidades se prueban completamente, se desmontan y, si es necesario, se sustituyen las piezas. Una vez que todas las piezas del Stryker 1488 est\u00e1n en orden de funcionamiento, la unidad se calibra de nuevo seg\u00fan las especificaciones del fabricante original, para asegurarse de que funcione exactamente igual que cuando sali\u00f3 del fabricante. Soma Technology no s\u00f3lo reacondiciona el producto, sino que cada unidad tambi\u00e9n pasa por un proceso de restauraci\u00f3n cosm\u00e9tica especial. El Stryker 1488 se limpia y se reparan los peque\u00f1os ara\u00f1azos y dentaduras, y se sustituyen las calcoman\u00edas si es necesario.<\/span><span data-ccp-props=\"{&quot;201341983&quot;:0,&quot;335559739&quot;:160,&quot;335559740&quot;:259}\">\u00a0<\/span><\/p>\n<p><span data-contrast=\"auto\">Soma Technology, Inc. tambi\u00e9n compra unidades de <\/span><span data-contrast=\"auto\">Stryker 1488 <\/span><span data-contrast=\"auto\">usadas y de segunda mano. Si usted o su centro medico quiere vender su 1488, Soma Technology cuenta con un departamento de compras que hace que el proceso sea sencillo y sin complicaciones. Al vender su s\u00edstema de endoscop\u00eda, no hay necesidad de un intermediario. Al contrario, se trata de una transacci\u00f3n directa a Soma, lo que garantiza que usted obtenga el mejor precio por su equipo m\u00e9dico. Soma Technology no s\u00f3lo compra s\u00edstema de endoscop\u00eda, sino que tambi\u00e9n comprar\u00eda una amplia variedad de equipos m\u00e9dicos diferentes si su centro m\u00e9dico est\u00e1 buscando liberar espacio. Si tiene equipos m\u00e9dicos que le gustar\u00eda vender a Soma, env\u00edenos un mensaje a\u00a0<\/span><a href=\"mailto:Buyer@SomaTechnology.com\"><span data-contrast=\"auto\">Buyer@SomaTechnology.com<\/span><\/a><span data-contrast=\"auto\">\u00a0o llamenos al 1.800.438.7662.<\/span><span data-ccp-props=\"{&quot;201341983&quot;:0,&quot;335559739&quot;:160,&quot;335559740&quot;:240}\">\u00a0<\/span><\/p>\n<p><span data-ccp-props=\"{&quot;201341983&quot;:0,&quot;335559739&quot;:160,&quot;335559740&quot;:240}\">\u00a0<\/span><\/p>\n","protected":false},"excerpt":{"rendered":"<p>ESPECIFICACIONES DE STRYKER 1488 SISTEMA DE V\u00cdDEO HD\u00a0 El sistema de c\u00e1mara HD 1488 utiliza tecnolog\u00eda CMOS avanzada y \u00f3ptica de primera calidad para&#8230;<\/p>\n","protected":false},"featured_media":8589,"template":"","meta":{"_acf_changed":false,"_relevanssi_hide_post":"","_relevanssi_hide_content":"","_relevanssi_pin_for_all":"","_relevanssi_pin_keywords":"","_relevanssi_unpin_keywords":"","_relevanssi_related_keywords":"","_relevanssi_related_include_ids":"","_relevanssi_related_exclude_ids":"","_relevanssi_related_no_append":"","_relevanssi_related_not_related":"","_relevanssi_related_posts":"","_relevanssi_noindex_reason":"","inline_featured_image":false},"pwb-brand":[1079],"product_brand":[],"product_cat":[84,118,7011],"product_tag":[1248,178,215,1247,1246,1245],"class_list":{"0":"post-8586","1":"product","2":"type-product","3":"status-publish","4":"has-post-thumbnail","6":"pwb-brand-equipo-medico-stryker","7":"product_cat-sistema-de-video-endoscopia","8":"product_cat-endoscopia","9":"product_cat-sistemas-completos-de-laparoscopia","10":"product_tag-1488-hd-video-system","11":"product_tag-stryker","12":"product_tag-stryker-1488","13":"product_tag-stryker-1488-hd","14":"product_tag-stryker-1488-hd-video","15":"product_tag-stryker-1488-hd-video-system","17":"first","18":"instock","19":"shipping-taxable","20":"purchasable","21":"product-type-simple"},"acf":[],"brands":[{"id":1079,"name":"Stryker","slug":"equipo-medico-stryker"}],"_links":{"self":[{"href":"https:\/\/www.somatechnology.com\/spanish\/wp-json\/wp\/v2\/product\/8586","targetHints":{"allow":["GET"]}}],"collection":[{"href":"https:\/\/www.somatechnology.com\/spanish\/wp-json\/wp\/v2\/product"}],"about":[{"href":"https:\/\/www.somatechnology.com\/spanish\/wp-json\/wp\/v2\/types\/product"}],"wp:featuredmedia":[{"embeddable":true,"href":"https:\/\/www.somatechnology.com\/spanish\/wp-json\/wp\/v2\/media\/8589"}],"wp:attachment":[{"href":"https:\/\/www.somatechnology.com\/spanish\/wp-json\/wp\/v2\/media?parent=8586"}],"wp:term":[{"taxonomy":"pwb-brand","embeddable":true,"href":"https:\/\/www.somatechnology.com\/spanish\/wp-json\/wp\/v2\/pwb-brand?post=8586"},{"taxonomy":"product_brand","embeddable":true,"href":"https:\/\/www.somatechnology.com\/spanish\/wp-json\/wp\/v2\/product_brand?post=8586"},{"taxonomy":"product_cat","embeddable":true,"href":"https:\/\/www.somatechnology.com\/spanish\/wp-json\/wp\/v2\/product_cat?post=8586"},{"taxonomy":"product_tag","embeddable":true,"href":"https:\/\/www.somatechnology.com\/spanish\/wp-json\/wp\/v2\/product_tag?post=8586"}],"curies":[{"name":"wp","href":"https:\/\/api.w.org\/{rel}","templated":true}]}}