{"id":8599,"date":"2018-02-23T21:43:43","date_gmt":"2018-02-23T21:43:43","guid":{"rendered":"https:\/\/www.somatechnology.com\/spanish\/?post_type=product&#038;p=8599"},"modified":"2023-08-23T06:22:14","modified_gmt":"2023-08-23T10:22:14","slug":"philips-pagewriter-tc30-cardiograph","status":"publish","type":"product","link":"https:\/\/www.somatechnology.com\/spanish\/equipo-medico-usado-remanufacturado\/cardiologia\/ekg-interpretativo-y-no-interpretativo\/philips-pagewriter-tc30-cardiograph\/","title":{"rendered":"Philips PageWriter TC30 Cardiograph"},"content":{"rendered":"<h2>Caracter\u00edsticas de TC30 Philips Pagewriter<\/h2>\n<p>Avanzado y f\u00e1cil de usar, el <strong>Pagewriter TC30<\/strong> ofrece una velocidad de operaci\u00f3n en una soluci\u00f3n asequible y atractiva que se puede modificar f\u00e1cilmente a medida que cambia el flujo de trabajo. Usted puede esperar la operaci\u00f3n eficiente, r\u00e1pida, y confiable.<\/p>\n<p><strong>Orientaci\u00f3n visual<\/strong><br \/>\nCada bot\u00f3n se enciende en secuencia, lo que le pide que tome un ECG f\u00e1cilmente como 1-2-3 con la pantalla t\u00e1ctil de 10\u2033.<\/p>\n<p><strong>Ayudas al usuario<\/strong><br \/>\nCon ayudas del usuario, el TC30 apoya informes de alta calidad de ECG la primera vez. Los informes de ECG se pueden exportar en formato PDF y XML.<\/p>\n<p><strong>Comunicaci\u00f3n de red avanzada<\/strong><br \/>\nEl TC30 ofrece conectividad inal\u00e1mbrica y segura con protocolos LAN est\u00e1ndar para proteger la informaci\u00f3n confidencial.<\/p>\n<p><strong>Actualizaci\u00f3n facilitada<\/strong><br \/>\nAgregue f\u00e1cilmente nuevas caracter\u00edsticas para aumentar sus capacidades cl\u00ednicas e institucionales.<\/p>\n<h2>Especificaciones de Philips Pagewriter TC30<\/h2>\n<h3>Pantalla<\/h3>\n<ul>\n<li>640 x 480, VGA de resoluci\u00f3n de 600 p\u00edxeles con profundidad de color de 18 bits\/p\u00edxeles.<\/li>\n<li>5-WIRE, pantalla t\u00e1ctil resistiva.<\/li>\n<li>13,33 cm de ancho x 9,9 cm de altura (5,25 pulgadas de ancho x 3,9 pulgadas de alto) color de cristal l\u00edquido pantalla t\u00e1ctil con retroiluminaci\u00f3n.<\/li>\n<\/ul>\n<h3>Dimensiones<\/h3>\n<ul>\n<li><strong>Altura: 8,07 in\/205 mm<\/strong><\/li>\n<li><strong>Anchura: 12,20 in\/310 mm<\/strong><\/li>\n<li><strong>Profundidad: 15,94 in\/405 mm<\/strong><\/li>\n<li><strong>Peso: 19 lbs\/8.6 kg<\/strong><\/li>\n<\/ul>\n<h3>Energ\u00eda el\u00e9ctrica<\/h3>\n<ul>\n<li>Bater\u00edas compatibles con SMBus.<\/li>\n<li>Voltaje: 11,1 VDC (nominal), 7100 mAh (por la bater\u00eda).<\/li>\n<li>Corriente: 6,0 A m\u00e1ximo por bater\u00eda. continua<\/li>\n<li>Energ\u00eda: 54 W m\u00e1ximo por la bater\u00eda. continua<\/li>\n<li>Capacidad: 30 minutos de impresi\u00f3n continua del ritmo, o 30 informes totales de ECG.<\/li>\n<li>Recarga: menos de 4 horas si cardi\u00f3grafo est\u00e1 en espera (no en uso activo) a por lo menos 95% de capacidad; Menos de 8 horas si el cardi\u00f3grafo est\u00e1 en uso activo a por lo menos 95% de capacidad.<\/li>\n<\/ul>\n<p>&nbsp;<\/p>\n","protected":false},"excerpt":{"rendered":"<p>Electrocardi\u00f3grafos (EKG)<\/p>\n","protected":false},"featured_media":11968,"template":"","meta":{"_acf_changed":false,"_relevanssi_hide_post":"","_relevanssi_hide_content":"","_relevanssi_pin_for_all":"","_relevanssi_pin_keywords":"","_relevanssi_unpin_keywords":"","_relevanssi_related_keywords":"","_relevanssi_related_include_ids":"","_relevanssi_related_exclude_ids":"","_relevanssi_related_no_append":"","_relevanssi_related_not_related":"","_relevanssi_related_posts":"","_relevanssi_noindex_reason":"","inline_featured_image":false},"pwb-brand":[1102],"product_brand":[],"product_cat":[49],"product_tag":[4782,4835,273,4830,4834,1229,1266,1265,4836,1267],"class_list":{"0":"post-8599","1":"product","2":"type-product","3":"status-publish","4":"has-post-thumbnail","6":"pwb-brand-equipo-medico-philips","7":"product_cat-ekg-interpretativo-y-no-interpretativo","8":"product_tag-electrocardiografos","9":"product_tag-pagewriter-electrocardiografos","10":"product_tag-philips","11":"product_tag-philips-electrocardiografos","12":"product_tag-philips-pagewrier-electrocardiografos","13":"product_tag-philips-pagewriter","14":"product_tag-philips-pagewriter-tc30","15":"product_tag-philips-pagewriter-tc30-cardiograph","16":"product_tag-philips-pagewriter-tc30-electrocardiografos","17":"product_tag-philips-tc30-cardiograph","19":"first","20":"instock","21":"shipping-taxable","22":"purchasable","23":"product-type-simple"},"acf":[],"brands":[{"id":1102,"name":"Philips","slug":"equipo-medico-philips"}],"_links":{"self":[{"href":"https:\/\/www.somatechnology.com\/spanish\/wp-json\/wp\/v2\/product\/8599","targetHints":{"allow":["GET"]}}],"collection":[{"href":"https:\/\/www.somatechnology.com\/spanish\/wp-json\/wp\/v2\/product"}],"about":[{"href":"https:\/\/www.somatechnology.com\/spanish\/wp-json\/wp\/v2\/types\/product"}],"wp:featuredmedia":[{"embeddable":true,"href":"https:\/\/www.somatechnology.com\/spanish\/wp-json\/wp\/v2\/media\/11968"}],"wp:attachment":[{"href":"https:\/\/www.somatechnology.com\/spanish\/wp-json\/wp\/v2\/media?parent=8599"}],"wp:term":[{"taxonomy":"pwb-brand","embeddable":true,"href":"https:\/\/www.somatechnology.com\/spanish\/wp-json\/wp\/v2\/pwb-brand?post=8599"},{"taxonomy":"product_brand","embeddable":true,"href":"https:\/\/www.somatechnology.com\/spanish\/wp-json\/wp\/v2\/product_brand?post=8599"},{"taxonomy":"product_cat","embeddable":true,"href":"https:\/\/www.somatechnology.com\/spanish\/wp-json\/wp\/v2\/product_cat?post=8599"},{"taxonomy":"product_tag","embeddable":true,"href":"https:\/\/www.somatechnology.com\/spanish\/wp-json\/wp\/v2\/product_tag?post=8599"}],"curies":[{"name":"wp","href":"https:\/\/api.w.org\/{rel}","templated":true}]}}