{"id":8633,"date":"2018-02-26T21:01:54","date_gmt":"2018-02-26T21:01:54","guid":{"rendered":"https:\/\/www.somatechnology.com\/spanish\/?post_type=product&#038;p=8633"},"modified":"2023-08-23T06:22:15","modified_gmt":"2023-08-23T10:22:15","slug":"mortara-eli-280","status":"publish","type":"product","link":"https:\/\/www.somatechnology.com\/spanish\/equipo-medico-usado-remanufacturado\/cardiologia\/ekg-interpretativo-y-no-interpretativo\/mortara-eli-280\/","title":{"rendered":"Mortara ELI 280"},"content":{"rendered":"<h2>Caracter\u00edsticas Mortara ELI 280<\/h2>\n<ul>\n<li>Soluci\u00f3n port\u00e1til compacta y ligera, los electrocardiogramas Eli &#x2122; 280 proporcionan una funcionalidad completa en un dispositivo port\u00e1til de pantalla t\u00e1ctil. El Eli 280, f\u00e1cil de usar, est\u00e1 dise\u00f1ado para satisfacer las demandas de los entornos de alto volumen de ECG.<\/li>\n<li>Color de alta resoluci\u00f3n LCD de pantalla t\u00e1ctil 10.1 \u00abLCD de alta resoluci\u00f3n con pantalla t\u00e1ctil conveniente muestra hasta 12 cables de datos de ECG para revisi\u00f3n inmediata y trazado.<\/li>\n<li>El algoritmo de interpretaci\u00f3n de ECG de reposado morteroa Veritas &#x2122;, ampliamente reconocido algoritmo de interpretaci\u00f3n de ECG en reposo de morteroa, utiliza criterios espec\u00edficos de g\u00e9nero y adultos y pedi\u00e1tricos para proporcionar una segunda opini\u00f3n silenciosa para la interpretaci\u00f3n de ECG en reposo.<\/li>\n<li>Elecci\u00f3n de la adquisici\u00f3n de ECG inal\u00e1mbrica o tradicional Eli 280 ofrece una selecci\u00f3n del innovador m\u00f3dulo de adquisici\u00f3n inal\u00e1mbrica WAM &#x2122; o del m\u00f3dulo de adquisici\u00f3n AM12 &#x2122;. Ambos incluyen los alambres de plomo reemplazables, indicador del fall del plomo, y teledirigido con los botones para la adquisici\u00f3n de ECG y la impresi\u00f3n del ritmo.<\/li>\n<li>El mejor 10 Eli 280 incorpora la caracter\u00edstica \u00fanica del mejor 10 de morteroa que selecciona y exhibe autom\u00e1ticamente los mejores 10 segundos de ECG de la memoria, reduciendo la necesidad de la repetici\u00f3n ECGs causada por el movimiento paciente u otras fuentes del artefacto de ECG.<\/li>\n<li>Funcionalidad optimizada Eli 280 se integra f\u00e1cilmente con los sistemas de gesti\u00f3n de cardiolog\u00eda para aumentar la eficiencia y optimizar el flujo de trabajo.<\/li>\n<li>Con sincronizaci\u00f3n autom\u00e1tica de tiempo y la capacidad de obtener pedidos e informes con un solo toque, el Eli 280 puede ahorrar el tiempo y el esfuerzo del usuario.<\/li>\n<li style=\"list-style-type: none;\">&nbsp;\n<p>Intercambio de informaci\u00f3n experimente los beneficios de la comunicaci\u00f3n bidireccional a trav\u00e9s de m\u00f3dem interno, LAN o LAN inal\u00e1mbrica con el E-Escribano de mortero, as\u00ed como de sistemas PACS de terceros a trav\u00e9s de XML, PDF, UNIPRO32 y DICOM \u00ae<\/li>\n<\/ul>\n","protected":false},"excerpt":{"rendered":"<p><label class=\"selectit\">Electrocardi\u00f3grafos (EKG)<\/label><\/p>\n","protected":false},"featured_media":11953,"template":"","meta":{"_acf_changed":false,"_relevanssi_hide_post":"","_relevanssi_hide_content":"","_relevanssi_pin_for_all":"","_relevanssi_pin_keywords":"","_relevanssi_unpin_keywords":"","_relevanssi_related_keywords":"","_relevanssi_related_include_ids":"","_relevanssi_related_exclude_ids":"","_relevanssi_related_no_append":"","_relevanssi_related_not_related":"","_relevanssi_related_posts":"","_relevanssi_noindex_reason":"","inline_featured_image":false},"pwb-brand":[1103],"product_brand":[],"product_cat":[49],"product_tag":[4782,1286,4822,1285,4813,1284,1283,1282,4821,4817],"class_list":{"0":"post-8633","1":"product","2":"type-product","3":"status-publish","4":"has-post-thumbnail","6":"pwb-brand-mortara","7":"product_cat-ekg-interpretativo-y-no-interpretativo","8":"product_tag-electrocardiografos","9":"product_tag-eli-280","10":"product_tag-eli-280-electrocardiografos","11":"product_tag-mortara","12":"product_tag-mortara-electrocardiografos","13":"product_tag-mortara-eli","14":"product_tag-mortara-eli-280","15":"product_tag-mortara-eli-280-ekg","16":"product_tag-mortara-eli-280-electrocardiografos","17":"product_tag-mortara-eli-electrocardiografos","19":"first","20":"instock","21":"shipping-taxable","22":"purchasable","23":"product-type-simple"},"acf":[],"brands":[{"id":1103,"name":"Mortara","slug":"mortara"}],"_links":{"self":[{"href":"https:\/\/www.somatechnology.com\/spanish\/wp-json\/wp\/v2\/product\/8633","targetHints":{"allow":["GET"]}}],"collection":[{"href":"https:\/\/www.somatechnology.com\/spanish\/wp-json\/wp\/v2\/product"}],"about":[{"href":"https:\/\/www.somatechnology.com\/spanish\/wp-json\/wp\/v2\/types\/product"}],"wp:featuredmedia":[{"embeddable":true,"href":"https:\/\/www.somatechnology.com\/spanish\/wp-json\/wp\/v2\/media\/11953"}],"wp:attachment":[{"href":"https:\/\/www.somatechnology.com\/spanish\/wp-json\/wp\/v2\/media?parent=8633"}],"wp:term":[{"taxonomy":"pwb-brand","embeddable":true,"href":"https:\/\/www.somatechnology.com\/spanish\/wp-json\/wp\/v2\/pwb-brand?post=8633"},{"taxonomy":"product_brand","embeddable":true,"href":"https:\/\/www.somatechnology.com\/spanish\/wp-json\/wp\/v2\/product_brand?post=8633"},{"taxonomy":"product_cat","embeddable":true,"href":"https:\/\/www.somatechnology.com\/spanish\/wp-json\/wp\/v2\/product_cat?post=8633"},{"taxonomy":"product_tag","embeddable":true,"href":"https:\/\/www.somatechnology.com\/spanish\/wp-json\/wp\/v2\/product_tag?post=8633"}],"curies":[{"name":"wp","href":"https:\/\/api.w.org\/{rel}","templated":true}]}}