{"id":8637,"date":"2018-02-26T21:16:26","date_gmt":"2018-02-26T21:16:26","guid":{"rendered":"https:\/\/www.somatechnology.com\/spanish\/?post_type=product&#038;p=8637"},"modified":"2023-08-23T06:22:17","modified_gmt":"2023-08-23T10:22:17","slug":"welch-allyn-cp-150","status":"publish","type":"product","link":"https:\/\/www.somatechnology.com\/spanish\/equipo-medico-usado-remanufacturado\/cardiologia\/ekg-interpretativo-y-no-interpretativo\/welch-allyn-cp-150\/","title":{"rendered":"Welch Allyn CP 150"},"content":{"rendered":"<h2>Caracter\u00edsticas del Welch Allyn CP 150 Features<\/h2>\n<p>El electrocardiograma de reclinaci\u00f3n del<strong> CP 150 de Welch Allyn<\/strong> (ECG) con la espirometr\u00eda opcional combina las mejores caracter\u00edsticas tradicionales del ECG de la caja como impresiones de tama\u00f1o completo y decisi\u00f3n cl\u00ednica con una interfaz simple de la pantalla t\u00e1ctil, una operaci\u00f3n r\u00e1pida del uno-bot\u00f3n, y flexible Opciones de conectividad para ayudarle a mantener su personal productivo y sus pruebas precisas. Y con el m\u00f3dulo opcional de espirometr\u00eda, el CP 150 incluso le permite realizar dos pruebas reembolsables con un solo dispositivo. El resultado final es un dispositivo que ayudar\u00e1 a su instalaci\u00f3n a ahorrar tiempo, mejorar el flujo de trabajo y administrar de manera eficiente la informaci\u00f3n del paciente.<\/p>\n<ul>\n<li>7 \u00abpantalla t\u00e1ctil del color<\/li>\n<li>Bater\u00eda<\/li>\n<li>Espirometr\u00eda opcional<\/li>\n<li>Almacenaje de 100 pruebas<\/li>\n<\/ul>\n","protected":false},"excerpt":{"rendered":"<p>Electrocardi\u00f3grafos (EKG)<\/p>\n","protected":false},"featured_media":11977,"template":"","meta":{"_acf_changed":false,"_relevanssi_hide_post":"","_relevanssi_hide_content":"","_relevanssi_pin_for_all":"","_relevanssi_pin_keywords":"","_relevanssi_unpin_keywords":"","_relevanssi_related_keywords":"","_relevanssi_related_include_ids":"","_relevanssi_related_exclude_ids":"","_relevanssi_related_no_append":"","_relevanssi_related_not_related":"","_relevanssi_related_posts":"","_relevanssi_noindex_reason":"","inline_featured_image":false},"pwb-brand":[1101],"product_brand":[],"product_cat":[49],"product_tag":[4782,1242,1240,1291,1292,4849,1241,4848],"class_list":{"0":"post-8637","1":"product","2":"type-product","3":"status-publish","4":"has-post-thumbnail","6":"pwb-brand-equipo-medico-welch-allyn","7":"product_cat-ekg-interpretativo-y-no-interpretativo","8":"product_tag-electrocardiografos","9":"product_tag-welch-allyn","10":"product_tag-welch-allyn-cp","11":"product_tag-welch-allyn-cp-150","12":"product_tag-welch-allyn-cp-150-ekg","13":"product_tag-welch-allyn-cp-150-electrocardiografos","14":"product_tag-welch-allyn-ekg","15":"product_tag-welch-allyn-electrocardiografos","17":"first","18":"instock","19":"shipping-taxable","20":"purchasable","21":"product-type-simple"},"acf":[],"brands":[{"id":1101,"name":"Welch Allyn","slug":"equipo-medico-welch-allyn"}],"_links":{"self":[{"href":"https:\/\/www.somatechnology.com\/spanish\/wp-json\/wp\/v2\/product\/8637","targetHints":{"allow":["GET"]}}],"collection":[{"href":"https:\/\/www.somatechnology.com\/spanish\/wp-json\/wp\/v2\/product"}],"about":[{"href":"https:\/\/www.somatechnology.com\/spanish\/wp-json\/wp\/v2\/types\/product"}],"wp:featuredmedia":[{"embeddable":true,"href":"https:\/\/www.somatechnology.com\/spanish\/wp-json\/wp\/v2\/media\/11977"}],"wp:attachment":[{"href":"https:\/\/www.somatechnology.com\/spanish\/wp-json\/wp\/v2\/media?parent=8637"}],"wp:term":[{"taxonomy":"pwb-brand","embeddable":true,"href":"https:\/\/www.somatechnology.com\/spanish\/wp-json\/wp\/v2\/pwb-brand?post=8637"},{"taxonomy":"product_brand","embeddable":true,"href":"https:\/\/www.somatechnology.com\/spanish\/wp-json\/wp\/v2\/product_brand?post=8637"},{"taxonomy":"product_cat","embeddable":true,"href":"https:\/\/www.somatechnology.com\/spanish\/wp-json\/wp\/v2\/product_cat?post=8637"},{"taxonomy":"product_tag","embeddable":true,"href":"https:\/\/www.somatechnology.com\/spanish\/wp-json\/wp\/v2\/product_tag?post=8637"}],"curies":[{"name":"wp","href":"https:\/\/api.w.org\/{rel}","templated":true}]}}