{"id":8640,"date":"2018-02-26T21:22:08","date_gmt":"2018-02-26T21:22:08","guid":{"rendered":"https:\/\/www.somatechnology.com\/spanish\/?post_type=product&#038;p=8640"},"modified":"2023-08-23T06:22:18","modified_gmt":"2023-08-23T10:22:18","slug":"mortara-eli-250c","status":"publish","type":"product","link":"https:\/\/www.somatechnology.com\/spanish\/equipo-medico-usado-remanufacturado\/cardiologia\/ekg-interpretativo-y-no-interpretativo\/mortara-eli-250c\/","title":{"rendered":"Mortara ELI 250c"},"content":{"rendered":"<h2>CARACTER\u00cdSTICAS DE MORTARA ELI 250c<\/h2>\n<p>Compacto y ligero, el electrocardiograma <strong>Mortara Eli 250c<\/strong> proporciona una funcionalidad completa, en un dispositivo port\u00e1til f\u00e1cil de usar. Capture los mejores 10 segundos de datos del ECG de la memoria del sistema, reduciendo la necesidad de la repetici\u00f3n ECGs. Aumente la flexibilidad del espacio de trabajo recolectando datos de 12 leads sin necesidad de un cable atado. M\u00faltiples opciones aseguran la transferencia de datos del paciente f\u00e1cilmente desde el Eli 250C a la ubicaci\u00f3n de nuestra elecci\u00f3n.<\/p>\n<ul>\n<li>La pantalla en color de alta resoluci\u00f3n proporciona una vista previa en tiempo real del ECG de 12 derivaciones y una revisi\u00f3n posterior a la adquisici\u00f3n del ECG adquirido<\/li>\n<li>Los indicadores de inversi\u00f3n de derivaciones de t\u00f3rax y extremidades en la pantalla ayudan al cl\u00ednico con los posibles errores durante la adquisici\u00f3n del ECG<\/li>\n<li>El algoritmo de ECG en reposo VERITAS&#x2122; utiliza criterios espec\u00edficos de g\u00e9nero y de adultos y pedi\u00e1tricos para proporcionar una segunda opini\u00f3n silenciosa para la interpretaci\u00f3n del diagn\u00f3stico.<\/li>\n<li>El rendimiento probado de los ECG, la integraci\u00f3n digital y m\u00e1s de 30 a\u00f1os de experiencia ayudan a garantizar que se satisfagan sus necesidades de ECG<\/li>\n<\/ul>\n<h2>ESPECIFICACIONES DE MORTARA ELI 250c<\/h2>\n<ul>\n<li>Dimensiones: 15.5 x 17 x 4 in. (39.4 x 43.2 x 10.2 cm)<\/li>\n<li>Peso: 11.25 lbs (5.1 kg) incluyendo la pila (sin papel)<\/li>\n<\/ul>\n<h3>Poder<\/h3>\n<ul>\n<li>Requisitos de alimentaci\u00f3n: Fuente de alimentaci\u00f3n universal de CA (100-240 VAC a 50\/60 Hz) 110 VA; bater\u00eda interna recargable<\/li>\n<\/ul>\n<h3>General<\/h3>\n<ul>\n<li>Pantalla de forma de onda: Pantalla LCD 1\/4 VGA en color (320 x 240) retroiluminada; presentaci\u00f3n de 3, 4+4 o 6+6 cables<\/li>\n<li>Tipo de instrumento: Electrocardi\u00f3grafo de 12 derivaciones<\/li>\n<li>Canales de entrada: Adquisici\u00f3n simult\u00e1nea de las 12 derivaciones<\/li>\n<li>Corriente de fuga del paciente: Cumple o supera los requisitos de ANSI\/AAMI ES1<\/li>\n<li>Velocidad de muestreo digital: 40.000 s\/seg\/canal utilizado para la detecci\u00f3n de picos de marcapasos; 1000 s\/seg\/canal utilizado para el registro y el an\u00e1lisis<\/li>\n<li>Funciones opcionales: Algoritmo de interpretaci\u00f3n de ECG en reposo VERITAS con criterios espec\u00edficos de edad y sexo; conectividad con comunicaci\u00f3n bidireccional<\/li>\n<li>Papel: Papel t\u00e9rmico perforado plegado en Z, A4 o 8,5 x 11&#8243; de ancho, 250 hojas<\/li>\n<li>Impresora t\u00e9rmica: Matriz de puntos controlada por ordenador; 1 punto\/ms horizontal, 8 puntos\/mm vertical<\/li>\n<li>Velocidades de la impresora t\u00e9rmica: 5, 10, 25 o 50 mm\/s<\/li>\n<li>Ajustes de ganancia: 5, 10 o 20 mm\/mV<\/li>\n<li>Formatos de informe: Est\u00e1ndar o Cabrera: 3+1, 3+3, 6, 6+6, o 12 canales<\/li>\n<li>Formatos de impresi\u00f3n de ritmo: 3, 6 o 12 canales con grupos de plomo configurables<\/li>\n<li>Teclado: Teclado de elast\u00f3mero con teclas alfanum\u00e9ricas completas, men\u00fa de teclas programables y teclas de funci\u00f3n dedicadas<\/li>\n<li>Respuesta en frecuencia: 0,05 a 300 Hz<\/li>\n<li>Conversi\u00f3n A\/D: 20 bits (1,17 microvoltios LSB)<\/li>\n<li>Clasificaci\u00f3n del dispositivo: Clase I, Tipo CF partes aplicadas a prueba de desfibrilaci\u00f3n<\/li>\n<\/ul>\n<h2>M\u00c1S INFORMACI\u00d3N SOBRE EL MORTARA ELI 250C<\/h2>\n<p><strong>Soluci\u00f3n port\u00e1til<\/strong> \u2013 Compacto y ligero, el electrocardi\u00f3grafo ELI&#x2122; 250c proporciona una funcionalidad completa, con papel de 8,5 x 11&#8243; o A4, en un dispositivo port\u00e1til y f\u00e1cil de usar.<\/p>\n<p><strong>Pantalla LCD en color de alta resoluci\u00f3n<\/strong> \u2013 La pantalla en color de alta resoluci\u00f3n proporciona una vista previa en tiempo real del ECG de 12 derivaciones y una revisi\u00f3n posterior a la adquisici\u00f3n del ECG adquirido.<\/p>\n<p><strong>Distinguido algoritmo de interpretaci\u00f3n de ECG en reposo VERITAS\u00ae<\/strong> \u2013 Un algoritmo de interpretaci\u00f3n de ECG en reposo ampliamente reconocido que utiliza criterios espec\u00edficos de g\u00e9nero y de adultos y pedi\u00e1tricos para proporcionar una segunda opini\u00f3n silenciosa para la interpretaci\u00f3n de ECG en reposo.<\/p>\n<p><strong>Elecci\u00f3n de adquisici\u00f3n de ECG inal\u00e1mbrica o tradicional<\/strong> \u2013 El ECG ELI 250c ofrece la posibilidad de elegir entre el innovador m\u00f3dulo de adquisici\u00f3n inal\u00e1mbrica WAM&#x2122; o el m\u00f3dulo de adquisici\u00f3n AM12&#x2122;. Ambos incluyen cables de derivaci\u00f3n reemplazables, indicador de fallo de derivaci\u00f3n y control remoto con botones para la adquisici\u00f3n de ECG y la impresi\u00f3n de ritmos.<\/p>\n<p><strong>Best 10<\/strong> \u2013 El ECG ELI 250c eval\u00faa la se\u00f1al y el ruido del ECG para determinar y seleccionar los 10 segundos de datos con la menor cantidad de ruido. Best 10 simplifica la adquisici\u00f3n de ECG reduciendo el tiempo de revisi\u00f3n cl\u00ednica y eliminando la necesidad de repetir los ECG.<\/p>\n<p><strong>Teclado completo<\/strong> \u2013 El teclado alfanum\u00e9rico de elast\u00f3mero cuenta con botones dedicados de \u00abun toque\u00bb para la adquisici\u00f3n de ECG, la impresi\u00f3n de ritmos y la transmisi\u00f3n de ECG\/recuperaci\u00f3n de \u00f3rdenes.<\/p>\n<p><strong>Intercambio de informaci\u00f3n<\/strong> \u2013 La comunicaci\u00f3n bidireccional a trav\u00e9s de USB, LAN o LAN inal\u00e1mbrica permite la conectividad con los productos Pyramis\u00ae, HeartCentrix\u00ae, E-Scribe&#x2122; y Athena, as\u00ed como con sistemas EHR, PACS y CVIS de terceros. El dispositivo tambi\u00e9n se comunica con el sistema ECG Safe&#x2122;, un servicio en la nube que proporciona una forma f\u00e1cil y eficaz de almacenar los ECG para una c\u00f3moda visualizaci\u00f3n y gesti\u00f3n de archivos desde cualquier lugar.<\/p>\n<h3>Mortara Eli 250c Reconstruido<\/h3>\n<p>Soma Tech Intl ofrece el Mortara Eli 250c electrocardiograma hasta un 50% por debajo de los precios original con el mismo servicio y garant\u00eda que los nuevos. El Mortara Eli 250c no s\u00f3lo est\u00e1 t\u00e9cnicamente reacondicionado, sino que tambi\u00e9n est\u00e1 cosm\u00e9ticamente reacondicionado para que funcione y se vea como nuevo. Cuando se inicia el proceso de reacondicionamiento del Mortara Eli 250c, \u00e9sta cuidadosamente inspeccionado y probado por nuestros propios ingenieros biom\u00e9dicos quien son certificados para trabajar con electrocardiografos. Si es necesario, se reemplazan las piezas para asegurarse de que todos los aspectos del Mortara trabaje con eficaz. Una vez que todo est\u00e1 en orden de funcionamiento, la unidad se calibra con las especificaciones originales del fabricante. Esto asegura que la unidad est\u00e1 funcionando de la misma manera que cuando sali\u00f3 originalmente del fabricante. Despu\u00e9s de que la mesa funciona como nuevo, se somete a un proceso especial de restauraci\u00f3n cosm\u00e9tica. Se limpia, se reparan los peque\u00f1os ara\u00f1azos y abolladuras, se pinta y se sustituyen las calcoman\u00edas si es necesario. Soma Tech Intl cuenta con la certificaci\u00f3n ISO 13485 y se asegura de que se d\u00e9 la mejor calidad a todos los equipos m\u00e9dicos que venden. Antes de que el 250c sea etiquetado como listo para el paciente y empacado para su env\u00edo, pasa por una \u00faltima prueba de control de calidad que asegura que todos los aspectos est\u00e1n funcionando de nuevo como deber\u00edan. Si desea comprar el Mortara Eli 250c reconstruido, p\u00f3ngase en contacto con nosotros en Soma@SomaTechnology.com o ll\u00e1menos al 1-800-GET-SOMA.<\/p>\n<p>Soma Tech Intl tambi\u00e9n est\u00e1 buscando activamente para comprar un Mortara Eli 250c. Si usted o su instalaci\u00f3n est\u00e1 buscando vender su unidad, aseg\u00farese de ponerse en contacto con Soma Tech Intl. Soma tiene un departamento de compras dedicado en ayudar a trav\u00e9s de todo el proceso. La venta de su electrocardiograma usado o de segunda mano a Soma Tech Intl elimina el intermediario en la ecuaci\u00f3n. Esto tambi\u00e9n asegura que su centro m\u00e9dico obtiene el mejor precio por su equipo. Soma cumple al 100% con las normas HIPPA y se asegura de que su equipo llegue a nuestras instalaciones en las mismas condiciones en que sali\u00f3 del suyo. Soma Tech Intl tambi\u00e9n da la opci\u00f3n de cr\u00e9dito de intercambio en su equipo m\u00e9dico. Si usted o su instalaci\u00f3n est\u00e1 buscando recuperar espacio para nuevos equipos, o si usted est\u00e1 buscando para actualizar su equipo actual, p\u00f3ngase en contacto con el departamento de compras en Buyer@SomaTechnology.com o env\u00edenos un mensaje en nuestro sitio web Vender a Soma.<\/p>\n","protected":false},"excerpt":{"rendered":"<p>Electrocardi\u00f3grafos (EKG)<\/p>\n","protected":false},"featured_media":11952,"template":"","meta":{"_acf_changed":false,"_relevanssi_hide_post":"","_relevanssi_hide_content":"","_relevanssi_pin_for_all":"","_relevanssi_pin_keywords":"","_relevanssi_unpin_keywords":"","_relevanssi_related_keywords":"","_relevanssi_related_include_ids":"","_relevanssi_related_exclude_ids":"","_relevanssi_related_no_append":"","_relevanssi_related_not_related":"","_relevanssi_related_posts":"","_relevanssi_noindex_reason":"","inline_featured_image":false},"pwb-brand":[1103],"product_brand":[],"product_cat":[49],"product_tag":[4782,1295,1296,4820,1285,4813,1284,1293,1294,4819,4817],"class_list":{"0":"post-8640","1":"product","2":"type-product","3":"status-publish","4":"has-post-thumbnail","6":"pwb-brand-mortara","7":"product_cat-ekg-interpretativo-y-no-interpretativo","8":"product_tag-electrocardiografos","9":"product_tag-eli-250c","10":"product_tag-eli-250c-ekg","11":"product_tag-eli-250c-electrocardiografos","12":"product_tag-mortara","13":"product_tag-mortara-electrocardiografos","14":"product_tag-mortara-eli","15":"product_tag-mortara-eli-250c","16":"product_tag-mortara-eli-250c-ekg","17":"product_tag-mortara-eli-250c-electrocardiografos","18":"product_tag-mortara-eli-electrocardiografos","20":"first","21":"instock","22":"shipping-taxable","23":"purchasable","24":"product-type-simple"},"acf":[],"brands":[{"id":1103,"name":"Mortara","slug":"mortara"}],"_links":{"self":[{"href":"https:\/\/www.somatechnology.com\/spanish\/wp-json\/wp\/v2\/product\/8640","targetHints":{"allow":["GET"]}}],"collection":[{"href":"https:\/\/www.somatechnology.com\/spanish\/wp-json\/wp\/v2\/product"}],"about":[{"href":"https:\/\/www.somatechnology.com\/spanish\/wp-json\/wp\/v2\/types\/product"}],"wp:featuredmedia":[{"embeddable":true,"href":"https:\/\/www.somatechnology.com\/spanish\/wp-json\/wp\/v2\/media\/11952"}],"wp:attachment":[{"href":"https:\/\/www.somatechnology.com\/spanish\/wp-json\/wp\/v2\/media?parent=8640"}],"wp:term":[{"taxonomy":"pwb-brand","embeddable":true,"href":"https:\/\/www.somatechnology.com\/spanish\/wp-json\/wp\/v2\/pwb-brand?post=8640"},{"taxonomy":"product_brand","embeddable":true,"href":"https:\/\/www.somatechnology.com\/spanish\/wp-json\/wp\/v2\/product_brand?post=8640"},{"taxonomy":"product_cat","embeddable":true,"href":"https:\/\/www.somatechnology.com\/spanish\/wp-json\/wp\/v2\/product_cat?post=8640"},{"taxonomy":"product_tag","embeddable":true,"href":"https:\/\/www.somatechnology.com\/spanish\/wp-json\/wp\/v2\/product_tag?post=8640"}],"curies":[{"name":"wp","href":"https:\/\/api.w.org\/{rel}","templated":true}]}}