{"id":8661,"date":"2018-02-27T16:19:17","date_gmt":"2018-02-27T16:19:17","guid":{"rendered":"https:\/\/www.somatechnology.com\/spanish\/?post_type=product&#038;p=8661"},"modified":"2023-08-23T06:22:24","modified_gmt":"2023-08-23T10:22:24","slug":"olympus-cv-140-video-processor","status":"publish","type":"product","link":"https:\/\/www.somatechnology.com\/spanish\/equipo-medico-usado-remanufacturado\/sistema-de-video-endoscopia\/sistemas-completos-de-endoscopia\/olympus-cv-140-video-processor\/","title":{"rendered":"Olympus CV-140 Video Processor"},"content":{"rendered":"<h2>Olympus CV-140 Video Processor Features<\/h2>\n<p>El CV-140 permite al usuario mejorar, congelar y ajustar los ajustes de color para proporcionar im\u00e1genes claras y precisas desde el interior del cuerpo.<\/p>\n<ul>\n<li>Control autom\u00e1tico de ganancia (AGC) la imagen puede amplificarse el\u00e9ctricamente cuando la luz es inadecuada debido a que el extremo distal del videoscopio est\u00e1 demasiado lejos del sujeto.<\/li>\n<li>Selecci\u00f3n del modo iris el \u00e1rea sobre la que se mide la luz se puede cambiar de acuerdo con la parte del cuerpo que se est\u00e1 observando. Las siguientes selecciones se pueden realizar con el interruptor \u00abIris\u00bb en el panel frontal. Ave: durante la observaci\u00f3n normal; Pico: al enfocar y\/o observar un \u00e1rea peque\u00f1a y luminosa.<\/li>\n<li>Visualizaci\u00f3n de la pantalla de congelaci\u00f3n se puede visualizar una imagen fija utilizando el interruptor de endoscopio, el teclado o el interruptor OVC.<\/li>\n<li>Salida de se\u00f1al de v\u00eddeo compuesto vbs, Y\/C, RGB; la salida simult\u00e1nea es posible.<\/li>\n<\/ul>\n<h2>Dimensiones<\/h2>\n<ul>\n<li>Tama\u00f1o: 450 (W) x 72 (H) x 465 (D) mm<\/li>\n<li>Peso: 10 kg<\/li>\n<\/ul>\n<h2>Memorizaci\u00f3n del Ajuste<\/h2>\n<ul>\n<li>Los siguientes ajustes en el panel frontal se conservan incluso cuando la alimentaci\u00f3n est\u00e1 apagada: color, mejora, balance de blancos<\/li>\n<\/ul>\n<h3>Control Remoto<\/h3>\n<ul>\n<li>Los siguientes equipos auxiliares pueden ser controlados por el interruptor remoto endoscopio, el panel frontal y el teclado (s\u00f3lo los tipos de dispositivo especificados son v\u00e1lidos): monitor, equipo fotogr\u00e1fico, VTR, equipo de videoimpresora, SVR (grabadora de v\u00eddeo fija)<\/li>\n<\/ul>\n<h3>Datos del paciente<\/h3>\n<ul>\n<li>Los siguientes datos y modos se pueden mostrar en el monitor de v\u00eddeo mediante el teclado:\n<ol>\n<li>n\u00famero de identificaci\u00f3n<\/li>\n<li>nombre del paciente<\/li>\n<li>sexo, edad<\/li>\n<li>fecha de nacimiento<\/li>\n<li>Dia\/Hora (reloj incorporado, cron\u00f3metro)<\/li>\n<li>comentarios<\/li>\n<li>n\u00famero de Marcos expuestos<\/li>\n<\/ol>\n<\/li>\n<\/ul>\n<h3>Datos pre-procesales del paciente<\/h3>\n<ul>\n<li>Para un m\u00e1ximo de 40 pacientes:<\/li>\n<\/ul>\n<ol>\n<li>n\u00famero de identificaci\u00f3n<\/li>\n<li>nombre del paciente<\/li>\n<li>sexo, edad<\/li>\n<li>fecha de nacimiento<\/li>\n<\/ol>\n<h3>Interruptor de fuente de imagen<\/h3>\n<p>Por el uso del interruptor \u00abSelect\u00bb en el panel de delante, es posible seleccionar para la visi\u00f3n en el monitor, y la imagen del endoscopio o del printe del v\u00eddeor<\/p>\n<h3>Subpantalla<\/h3>\n<ul>\n<li>Imagen en tiempo real visible en una pantalla de inserci\u00f3n durante el uso del modo de congelaci\u00f3n.<\/li>\n<\/ul>\n<h3>Modo central de la pantalla<\/h3>\n<ul>\n<li>Cuando se utiliza un Elvis-100 o 130 endoscopios o un OVC-100, la imagen endosc\u00f3pica se puede visualizar en el centro de la pantalla del monitor mediante la tecla \u00abShift\u00bb del teclado.<\/li>\n<\/ul>\n<p>&nbsp;<\/p>\n","protected":false},"excerpt":{"rendered":"<p>Sistema de Video Endoscopia<\/p>\n","protected":false},"featured_media":12567,"template":"","meta":{"_acf_changed":false,"_relevanssi_hide_post":"","_relevanssi_hide_content":"","_relevanssi_pin_for_all":"","_relevanssi_pin_keywords":"","_relevanssi_unpin_keywords":"","_relevanssi_related_keywords":"","_relevanssi_related_include_ids":"","_relevanssi_related_exclude_ids":"","_relevanssi_related_no_append":"","_relevanssi_related_not_related":"","_relevanssi_related_posts":"","_relevanssi_noindex_reason":"","inline_featured_image":false},"pwb-brand":[1080],"product_brand":[],"product_cat":[84,7012],"product_tag":[1322,138,611,610],"class_list":{"0":"post-8661","1":"product","2":"type-product","3":"status-publish","4":"has-post-thumbnail","6":"pwb-brand-equipo-medico-olympus","7":"product_cat-sistema-de-video-endoscopia","8":"product_cat-sistemas-completos-de-endoscopia","9":"product_tag-cv-140","10":"product_tag-olympus","11":"product_tag-olympus-cv","12":"product_tag-olympus-cv-140","14":"first","15":"instock","16":"shipping-taxable","17":"purchasable","18":"product-type-simple"},"acf":[],"brands":[{"id":1080,"name":"Olympus","slug":"equipo-medico-olympus"}],"_links":{"self":[{"href":"https:\/\/www.somatechnology.com\/spanish\/wp-json\/wp\/v2\/product\/8661","targetHints":{"allow":["GET"]}}],"collection":[{"href":"https:\/\/www.somatechnology.com\/spanish\/wp-json\/wp\/v2\/product"}],"about":[{"href":"https:\/\/www.somatechnology.com\/spanish\/wp-json\/wp\/v2\/types\/product"}],"wp:featuredmedia":[{"embeddable":true,"href":"https:\/\/www.somatechnology.com\/spanish\/wp-json\/wp\/v2\/media\/12567"}],"wp:attachment":[{"href":"https:\/\/www.somatechnology.com\/spanish\/wp-json\/wp\/v2\/media?parent=8661"}],"wp:term":[{"taxonomy":"pwb-brand","embeddable":true,"href":"https:\/\/www.somatechnology.com\/spanish\/wp-json\/wp\/v2\/pwb-brand?post=8661"},{"taxonomy":"product_brand","embeddable":true,"href":"https:\/\/www.somatechnology.com\/spanish\/wp-json\/wp\/v2\/product_brand?post=8661"},{"taxonomy":"product_cat","embeddable":true,"href":"https:\/\/www.somatechnology.com\/spanish\/wp-json\/wp\/v2\/product_cat?post=8661"},{"taxonomy":"product_tag","embeddable":true,"href":"https:\/\/www.somatechnology.com\/spanish\/wp-json\/wp\/v2\/product_tag?post=8661"}],"curies":[{"name":"wp","href":"https:\/\/api.w.org\/{rel}","templated":true}]}}