{"id":8667,"date":"2018-02-27T17:17:18","date_gmt":"2018-02-27T17:17:18","guid":{"rendered":"https:\/\/www.somatechnology.com\/spanish\/?post_type=product&#038;p=8667"},"modified":"2023-08-23T06:22:25","modified_gmt":"2023-08-23T10:22:25","slug":"pentax-epk-1000-video-processor","status":"publish","type":"product","link":"https:\/\/www.somatechnology.com\/spanish\/equipo-medico-usado-remanufacturado\/sistema-de-video-endoscopia\/procesadores-de-video\/pentax-epk-1000-video-processor\/","title":{"rendered":"Pentax EPK-1000 Video Processor"},"content":{"rendered":"<h2>Pentax EPK-1000 Video Processor Features<\/h2>\n<p>La Pentax EPK 1000 es un procesador de v\u00eddeo digital compacto y ligero con una fuente de luz de xen\u00f3n integrada. Con la tecnolog\u00eda Pentax DSP, el procesador de v\u00eddeo digital EPK-1000 que se utiliza junto con los endoscopios CCD color de v\u00eddeo Pentax ofrece im\u00e1genes de calidad excepcional para el diagn\u00f3stico y la terapia endosc\u00f3picas mejoradas.<\/p>\n<ul>\n<li>Todo el sistema digital: una combinaci\u00f3n de tecnolog\u00eda Pentax DSP (procesamiento de se\u00f1ales digitales) y chips CCD color de alta resoluci\u00f3n que ofrecen im\u00e1genes endosc\u00f3picas de visi\u00f3n completa con mayor brillo y resoluci\u00f3n.<\/li>\n<li>Ajuste autom\u00e1tico de color DSP y realce de contorno para ex\u00e1menes visuales optimizados.<\/li>\n<li>Fuente de luz del xen\u00f3n del arco corto de alto rendimiento y control de brillo digital para la iluminaci\u00f3n superior.<\/li>\n<li>Administraci\u00f3n intuitiva de datos para almacenamiento r\u00e1pido y administraci\u00f3n de datos de pacientes y usuarios.<\/li>\n<li>Puerto del USB para la transferencia f\u00e1cil y conveniente de im\u00e1genes fijas a una PC.<\/li>\n<li>Inversi\u00f3n segura y a prueba de futuro debido a la total compatibilidad con todos los endoscopios Pentax de la serie K.<\/li>\n<li>Gama completa de conectores de salida que soportan una variedad de equipos perif\u00e9ricos.<\/li>\n<\/ul>\n<h3>Dimensiones<\/h3>\n<ul>\n<li>Tama\u00f1o: W x H x D 380 x 155 x 420 mm<\/li>\n<li>Peso: 14 kg<\/li>\n<\/ul>\n<h3>Caracter\u00edsticas<\/h3>\n<ul>\n<li>Sistema: promedio\/pico<\/li>\n<li>Fuente de luz: 100W cortocircuito xen\u00f3n del arco<\/li>\n<li>Temperatura de color: \u2264 6500k<\/li>\n<li>Control de brillo: autom\u00e1tico\/manual (5 pasos)<\/li>\n<li>Correcci\u00f3n de color: rojo\/azul \u00b1 5 incrementos<\/li>\n<li>Realce del contorno: 4 incrementos<\/li>\n<li>Gesti\u00f3n de datos: 30 pacientes\/50 usuarios<\/li>\n<li>Salidas: 2x RGBS (9 \u2013 D \u2013 sub); 2x y\/C; 1x compuesto (BNC); 1x serie digital (USB)<\/li>\n<\/ul>\n<p>&nbsp;<\/p>\n","protected":false},"excerpt":{"rendered":"<p>Pentax EPK-1000 Video Processor Features La Pentax EPK 1000 es un procesador de v\u00eddeo digital compacto y ligero con una fuente de luz de&#8230;<\/p>\n","protected":false},"featured_media":9362,"template":"","meta":{"_acf_changed":false,"_relevanssi_hide_post":"","_relevanssi_hide_content":"","_relevanssi_pin_for_all":"","_relevanssi_pin_keywords":"","_relevanssi_unpin_keywords":"","_relevanssi_related_keywords":"","_relevanssi_related_include_ids":"","_relevanssi_related_exclude_ids":"","_relevanssi_related_no_append":"","_relevanssi_related_not_related":"","_relevanssi_related_posts":"","_relevanssi_noindex_reason":"","inline_featured_image":false},"pwb-brand":[1314],"product_brand":[],"product_cat":[84,7016],"product_tag":[1331,622,620,619,1329,1328,1330],"class_list":{"0":"post-8667","1":"product","2":"type-product","3":"status-publish","4":"has-post-thumbnail","6":"pwb-brand-equipo-de-endoscopia-pentax","7":"product_cat-sistema-de-video-endoscopia","8":"product_cat-procesadores-de-video","9":"product_tag-epk-1000-video-processor","10":"product_tag-pentax","11":"product_tag-pentax-epk","12":"product_tag-pentax-epk-1000","13":"product_tag-pentax-epk-1000-video","14":"product_tag-pentax-epk-1000-video-processor","15":"product_tag-pentax-video-processor","17":"first","18":"instock","19":"shipping-taxable","20":"purchasable","21":"product-type-simple"},"acf":[],"brands":[{"id":1314,"name":"Pentax","slug":"equipo-de-endoscopia-pentax"}],"_links":{"self":[{"href":"https:\/\/www.somatechnology.com\/spanish\/wp-json\/wp\/v2\/product\/8667","targetHints":{"allow":["GET"]}}],"collection":[{"href":"https:\/\/www.somatechnology.com\/spanish\/wp-json\/wp\/v2\/product"}],"about":[{"href":"https:\/\/www.somatechnology.com\/spanish\/wp-json\/wp\/v2\/types\/product"}],"wp:featuredmedia":[{"embeddable":true,"href":"https:\/\/www.somatechnology.com\/spanish\/wp-json\/wp\/v2\/media\/9362"}],"wp:attachment":[{"href":"https:\/\/www.somatechnology.com\/spanish\/wp-json\/wp\/v2\/media?parent=8667"}],"wp:term":[{"taxonomy":"pwb-brand","embeddable":true,"href":"https:\/\/www.somatechnology.com\/spanish\/wp-json\/wp\/v2\/pwb-brand?post=8667"},{"taxonomy":"product_brand","embeddable":true,"href":"https:\/\/www.somatechnology.com\/spanish\/wp-json\/wp\/v2\/product_brand?post=8667"},{"taxonomy":"product_cat","embeddable":true,"href":"https:\/\/www.somatechnology.com\/spanish\/wp-json\/wp\/v2\/product_cat?post=8667"},{"taxonomy":"product_tag","embeddable":true,"href":"https:\/\/www.somatechnology.com\/spanish\/wp-json\/wp\/v2\/product_tag?post=8667"}],"curies":[{"name":"wp","href":"https:\/\/api.w.org\/{rel}","templated":true}]}}