{"id":8682,"date":"2018-02-27T19:09:57","date_gmt":"2018-02-27T19:09:57","guid":{"rendered":"https:\/\/www.somatechnology.com\/spanish\/?post_type=product&#038;p=8682"},"modified":"2025-12-11T01:38:46","modified_gmt":"2025-12-11T06:38:46","slug":"pentax-epm-3500-video-processor","status":"publish","type":"product","link":"https:\/\/www.somatechnology.com\/spanish\/equipo-medico-usado-remanufacturado\/sistema-de-video-endoscopia\/procesadores-de-video\/pentax-epm-3500-video-processor\/","title":{"rendered":"Pentax EPM-3500 Video Processor"},"content":{"rendered":"<div class=\"wpb-content-wrapper\"><p>[vc_row][vc_column][vc_column_text css=\u00bb\u00bb]<\/p>\n<div class=\"pageHeader\">\n<h2>Pentax EPM-3500 Video Processor<\/h2>\n<ul>\n<li>Imagen de alta resoluci\u00f3n con 1 mil millones colores a trav\u00e9s del procesamiento digital de las se\u00f1ales RGB con una profundidad de 10 bits de sombra por canal.<\/li>\n<li>Reproducci\u00f3n de color diferenciada con precisi\u00f3n y realce digital controlable del contorno para las posibilidades \u00f3pticas \u00f3ptimas de la evaluaci\u00f3n.<\/li>\n<li>Iluminaci\u00f3n magn\u00edfica con la fuente de luz de alto rendimiento del xen\u00f3n y el control de brillo digital.<\/li>\n<li>Administraci\u00f3n de datos f\u00e1cil e intuitiva para el almacenamiento r\u00e1pido y la gesti\u00f3n de datos de pacientes y usuarios.<\/li>\n<li>Conexiones posibles extensas para el equipo perif\u00e9rico.<\/li>\n<li>Opciones de configuraci\u00f3n de monitor individual.<\/li>\n<\/ul>\n<h3>Dimensiones<\/h3>\n<ul>\n<li>Anchura: los 45CM<\/li>\n<li>Altura: 15cm<\/li>\n<li>Longitud: 52cm<\/li>\n<li>Peso (lbs): 55.0 lbs<\/li>\n<li>Peso (kilogramo): 25.0 kilogramos<\/li>\n<\/ul>\n<h3>Video<\/h3>\n<p>Salida de v\u00eddeo: RGBS, y\/C, compuesto (NTSC)<\/p>\n<h3>Fuente de luz<\/h3>\n<p>Energ\u00eda: 300W<\/p>\n<p>Tipo de la l\u00e1mpara: xen\u00f3n<\/p>\n<h3>Fuente de alimentaci\u00f3n<\/h3>\n<p>Voltaje: NTSC 110V<\/p>\n<p>Frecuencia: 50-60 Hz<\/p>\n<p>Corriente de entrada: 4.8 a<\/p>\n<\/div>\n<div id=\"mttContainer\" class=\"notranslate\" style=\"transform: translate(253px, 104px);\" aria-expanded=\"false\">\n<div id=\"tippy-1\" style=\"z-index: 100000200; visibility: hidden; position: absolute; inset: auto auto 0px 0px; margin: 0px; transform: translate3d(399.333px, -20px, 0px);\" data-tippy-root=\"\">\n<div class=\"tippy-box\" style=\"max-width: 350px; transition-duration: 250ms;\" tabindex=\"-1\" role=\"mtttooltip\" data-state=\"hidden\" data-theme=\"custom\" data-animation=\"fade\" data-placement=\"top\">\n<div class=\"tippy-content\" style=\"transition-duration: 250ms;\" data-state=\"hidden\"><span dir=\"ltr\">High-resolution image with 1 billion colors through digital processing of RGB signals with a 10-bit shadow depth per channel.<\/span><\/div>\n<div class=\"tippy-arrow\" style=\"position: absolute; left: 0px; transform: translate3d(92px, 0px, 0px);\"><\/div>\n<\/div>\n<\/div>\n<\/div>\n<p>[\/vc_column_text][\/vc_column][\/vc_row]<\/p>\n<\/div>","protected":false},"excerpt":{"rendered":"<p>[vc_row][vc_column][vc_column_text css=\u00bb\u00bb] Pentax EPM-3500 Video Processor Imagen de alta resoluci\u00f3n con 1 mil millones colores a trav\u00e9s del procesamiento digital de las se\u00f1ales RGB&#8230;<\/p>\n","protected":false},"featured_media":9366,"template":"","meta":{"_acf_changed":false,"_relevanssi_hide_post":"","_relevanssi_hide_content":"","_relevanssi_pin_for_all":"","_relevanssi_pin_keywords":"","_relevanssi_unpin_keywords":"","_relevanssi_related_keywords":"","_relevanssi_related_include_ids":"","_relevanssi_related_exclude_ids":"","_relevanssi_related_no_append":"","_relevanssi_related_not_related":"","_relevanssi_related_posts":"","_relevanssi_noindex_reason":"","inline_featured_image":false},"pwb-brand":[1314],"product_brand":[],"product_cat":[84,7016],"product_tag":[1340,622,625,628,1339,1330],"class_list":{"0":"post-8682","1":"product","2":"type-product","3":"status-publish","4":"has-post-thumbnail","6":"pwb-brand-equipo-de-endoscopia-pentax","7":"product_cat-sistema-de-video-endoscopia","8":"product_cat-procesadores-de-video","9":"product_tag-epm-3500-video-processor","10":"product_tag-pentax","11":"product_tag-pentax-epm","12":"product_tag-pentax-epm-3500","13":"product_tag-pentax-epm-3500-video-processor","14":"product_tag-pentax-video-processor","16":"first","17":"instock","18":"shipping-taxable","19":"purchasable","20":"product-type-simple"},"acf":[],"brands":[{"id":1314,"name":"Pentax","slug":"equipo-de-endoscopia-pentax"}],"_links":{"self":[{"href":"https:\/\/www.somatechnology.com\/spanish\/wp-json\/wp\/v2\/product\/8682","targetHints":{"allow":["GET"]}}],"collection":[{"href":"https:\/\/www.somatechnology.com\/spanish\/wp-json\/wp\/v2\/product"}],"about":[{"href":"https:\/\/www.somatechnology.com\/spanish\/wp-json\/wp\/v2\/types\/product"}],"wp:featuredmedia":[{"embeddable":true,"href":"https:\/\/www.somatechnology.com\/spanish\/wp-json\/wp\/v2\/media\/9366"}],"wp:attachment":[{"href":"https:\/\/www.somatechnology.com\/spanish\/wp-json\/wp\/v2\/media?parent=8682"}],"wp:term":[{"taxonomy":"pwb-brand","embeddable":true,"href":"https:\/\/www.somatechnology.com\/spanish\/wp-json\/wp\/v2\/pwb-brand?post=8682"},{"taxonomy":"product_brand","embeddable":true,"href":"https:\/\/www.somatechnology.com\/spanish\/wp-json\/wp\/v2\/product_brand?post=8682"},{"taxonomy":"product_cat","embeddable":true,"href":"https:\/\/www.somatechnology.com\/spanish\/wp-json\/wp\/v2\/product_cat?post=8682"},{"taxonomy":"product_tag","embeddable":true,"href":"https:\/\/www.somatechnology.com\/spanish\/wp-json\/wp\/v2\/product_tag?post=8682"}],"curies":[{"name":"wp","href":"https:\/\/api.w.org\/{rel}","templated":true}]}}