{"id":8723,"date":"2018-03-01T15:03:44","date_gmt":"2018-03-01T15:03:44","guid":{"rendered":"https:\/\/www.somatechnology.com\/spanish\/?post_type=product&#038;p=8723"},"modified":"2025-12-11T04:41:15","modified_gmt":"2025-12-11T09:41:15","slug":"sony-51md-color-printer","status":"publish","type":"product","link":"https:\/\/www.somatechnology.com\/spanish\/equipo-medico-usado-remanufacturado\/sistema-de-video-endoscopia\/impresoras\/sony-51md-color-printer\/","title":{"rendered":"Sony UP 51MD Color Printer"},"content":{"rendered":"<div class=\"wpb-content-wrapper\"><p>[vc_row][vc_column][vc_column_text css=\u00bb\u00bb]<\/p>\n<h2>Sony UP 51MD Impresora de color<\/h2>\n<p>El Sony UP-51MD es una impresora de v\u00eddeo a color A5 utilizando la tecnolog\u00eda de sublimaci\u00f3n de tinta. El Sony UP-51MD proporciona aproximadamente 300 dpi (2048 puntos) de resoluci\u00f3n, 256 gradaciones para amarillo, magenta, y cian y m\u00e1s de 16,7 millones colores por punto. La impresora dispone de un tiempo de impresi\u00f3n muy r\u00e1pido (20) segundos (modo Sony UPC-510 media\/NTSC) y proporciona entrada y salida de v\u00eddeo RGB, S-video y composite. El sistema de imagen de calidad Hi-Eye-Q de Sony, exclusivo de las impresoras de la serie UP-51MD de Sony, combina cuidadosamente el hardware con los productos de los medios para garantizar la fiabilidad y la consistencia.<\/p>\n<ul>\n<li>295 dpi con 16,7 millones colores por punto<\/li>\n<li>Tiempo de impresi\u00f3n de 20 segundos<\/li>\n<li>Visualizaci\u00f3n en pantalla de los recuentos de cinta\/impresi\u00f3n restantes<\/li>\n<li>Sistema f\u00e1cil de la disposici\u00f3n del color<\/li>\n<li>8 MB de memoria est\u00e1ndar<\/li>\n<li>Las opciones de los medios incluyen est\u00e1ndar y uno mismo-laminar<\/li>\n<\/ul>\n<h3>Dimensiones<\/h3>\n<ul>\n<li>Tama\u00f1o:15 5\/8 x 5 x 18 3\/4<\/li>\n<li>Peso: 31 lbs ( approx. 14 kg)<\/li>\n<\/ul>\n<h3>Impresi\u00f3n<\/h3>\n<ul>\n<li>Tama\u00f1o de papel: A5 tama\u00f1o \u2013 148m x 210 mm<\/li>\n<li>Tiempo de impresi\u00f3n: NTSC (UP-51MD) \u2013 PAL (para arriba-51MDP)<\/li>\n<li>Memoria: 8 memoria del marco<\/li>\n<li>Papel m\u00e1ximo en bandeja: 100 hojas<\/li>\n<li>Consumo de energ\u00eda: 2.8 a (UC), 1.2 a (CED)<\/li>\n<\/ul>\n<p>[\/vc_column_text][\/vc_column][\/vc_row]<\/p>\n<\/div>","protected":false},"excerpt":{"rendered":"<p>[vc_row][vc_column][vc_column_text css=\u00bb\u00bb] Sony UP 51MD Impresora de color El Sony UP-51MD es una impresora de v\u00eddeo a color A5 utilizando la tecnolog\u00eda de sublimaci\u00f3n&#8230;<\/p>\n","protected":false},"featured_media":9424,"template":"","meta":{"_acf_changed":false,"_relevanssi_hide_post":"","_relevanssi_hide_content":"","_relevanssi_pin_for_all":"","_relevanssi_pin_keywords":"","_relevanssi_unpin_keywords":"","_relevanssi_related_keywords":"","_relevanssi_related_include_ids":"","_relevanssi_related_exclude_ids":"","_relevanssi_related_no_append":"","_relevanssi_related_not_related":"","_relevanssi_related_posts":"","_relevanssi_noindex_reason":"","inline_featured_image":false},"pwb-brand":[1127],"product_brand":[],"product_cat":[84,106],"product_tag":[1390,1389,1388,1386,1387,1391],"class_list":{"0":"post-8723","1":"product","2":"type-product","3":"status-publish","4":"has-post-thumbnail","6":"pwb-brand-impresoras-sony","7":"product_cat-sistema-de-video-endoscopia","8":"product_cat-impresoras","9":"product_tag-sony-color-printer","10":"product_tag-sony-up","11":"product_tag-sony-up-51md","12":"product_tag-sony-up-51md-color-printer","13":"product_tag-sony-up-51md-printer","14":"product_tag-sony-up-color-printer","16":"first","17":"instock","18":"shipping-taxable","19":"purchasable","20":"product-type-simple"},"acf":[],"brands":[{"id":1127,"name":"Sony","slug":"impresoras-sony"}],"_links":{"self":[{"href":"https:\/\/www.somatechnology.com\/spanish\/wp-json\/wp\/v2\/product\/8723","targetHints":{"allow":["GET"]}}],"collection":[{"href":"https:\/\/www.somatechnology.com\/spanish\/wp-json\/wp\/v2\/product"}],"about":[{"href":"https:\/\/www.somatechnology.com\/spanish\/wp-json\/wp\/v2\/types\/product"}],"wp:featuredmedia":[{"embeddable":true,"href":"https:\/\/www.somatechnology.com\/spanish\/wp-json\/wp\/v2\/media\/9424"}],"wp:attachment":[{"href":"https:\/\/www.somatechnology.com\/spanish\/wp-json\/wp\/v2\/media?parent=8723"}],"wp:term":[{"taxonomy":"pwb-brand","embeddable":true,"href":"https:\/\/www.somatechnology.com\/spanish\/wp-json\/wp\/v2\/pwb-brand?post=8723"},{"taxonomy":"product_brand","embeddable":true,"href":"https:\/\/www.somatechnology.com\/spanish\/wp-json\/wp\/v2\/product_brand?post=8723"},{"taxonomy":"product_cat","embeddable":true,"href":"https:\/\/www.somatechnology.com\/spanish\/wp-json\/wp\/v2\/product_cat?post=8723"},{"taxonomy":"product_tag","embeddable":true,"href":"https:\/\/www.somatechnology.com\/spanish\/wp-json\/wp\/v2\/product_tag?post=8723"}],"curies":[{"name":"wp","href":"https:\/\/api.w.org\/{rel}","templated":true}]}}