{"id":8725,"date":"2018-03-01T15:31:34","date_gmt":"2018-03-01T15:31:34","guid":{"rendered":"https:\/\/www.somatechnology.com\/spanish\/?post_type=product&#038;p=8725"},"modified":"2025-12-11T04:55:24","modified_gmt":"2025-12-11T09:55:24","slug":"stryker-1288-hd-video-endoscopy-tower-system","status":"publish","type":"product","link":"https:\/\/www.somatechnology.com\/spanish\/equipo-medico-usado-remanufacturado\/sistema-de-video-endoscopia\/sistemas-completos-de-laparoscopia\/stryker-1288-hd-video-endoscopy-tower-system\/","title":{"rendered":"Stryker 1288 HD Video Endoscopy Tower System"},"content":{"rendered":"<div class=\"wpb-content-wrapper\"><p>[vc_row][vc_column][vc_column_text css=\u00bb\u00bb]<\/p>\n<h2>Stryker 1288 HD Video Sistema la Endoscopia<\/h2>\n<p>El sistema de la torre de la endoscopia de 1288 HD de Stryker ofrece instalaciones una soluci\u00f3n simple, de alta calidad para todas sus necesidades endosc\u00f3picas de la proyecci\u00f3n de imagen. Cada componente \u2014 c\u00e1mara, fuente de luz, monitor e Insufflator \u2014 encaja convenientemente en la torre m\u00f3vil para una m\u00e1xima portabilidad.<\/p>\n<h3>Componentes<\/h3>\n<ul>\n<li><strong>C\u00e1mara endosc\u00f3pica Stryker 1288 HD 3-Chip:<\/strong><br \/>\nResoluci\u00f3n n\u00edtida y 1920x1080p con nueve ajustes especiales para una visibilidad \u00f3ptima. Completo con cuatro botones de la cabeza de la c\u00e1mara completamente programables, interfaz de pantalla t\u00e1ctil LCD, y capacidades de transmisi\u00f3n inal\u00e1mbrica.<\/li>\n<li><strong>Fuente de luz Stryker X8000:<\/strong><br \/>\nEl bulbo el\u00edptico brillante del xen\u00f3n de 300 vatios entrega la proyecci\u00f3n de imagen exacta, detallada, avanzada. Cuando se utiliza con la c\u00e1mara endosc\u00f3pica de 3 chips de Stryker 1288 HD, la fuente de luz permite a los m\u00e9dicos capturar v\u00eddeo de alta definici\u00f3n durante cualquier procedimiento.<\/li>\n<li><strong>Insuflador Stryker Stryker 40L Core:<\/strong><br \/>\nRendimiento superior con seguridad y fiabilidad sin precedentes. Mantiene pneumoperitoneum bajo las condiciones m\u00e1s extremas con una multiplicidad de caracter\u00edsticas de seguridad.<\/li>\n<\/ul>\n<p><strong>Cada torre incluye un monitor de v\u00eddeo de alta definici\u00f3n y una torre m\u00f3vil para facilitar el transporte en toda su instalaci\u00f3n.<\/strong><\/p>\n<h3>C\u00e1mara Endosc\u00f3pica Stryker 1288 HD 3-Chip<\/h3>\n<ul>\n<li>Digital\/anal\u00f3gico: dos interfaces de v\u00eddeo digital (DVI)\/RGBHV | 1280 x 1024 (HD), 720p, 1080p, formato (HDTV)<\/li>\n<li>Mejora: 16 niveles (cambiable)<\/li>\n<li>Sistema de la proyecci\u00f3n de imagen: 1\/3 \u00abCCD progresivo de la exploraci\u00f3n, alta definici\u00f3n<\/li>\n<\/ul>\n<h3>Fuente De Luz Stryker X8000<\/h3>\n<ul>\n<li>Tipo de bulbo: xen\u00f3n de 300 vatios (el\u00edptico)<\/li>\n<li>Duraci\u00f3n del bulbo: aprox. 500 horas<\/li>\n<li>Peso: 16.0 lbs (7.3 kilogramos)<\/li>\n<li>El\u00e9ctrico: 100 \u2013 120 VAC, 50\/60 Hz, 450 W | 220 \u2013 240 VAC, 50\/60 Hz, 450 W<\/li>\n<\/ul>\n<h3>Insuflador Stryker 40L Core:<\/h3>\n<ul>\n<li>Fuente de alimentaci\u00f3n entrada: 100-240 VAC; 3.5 a<\/li>\n<li>Frecuencia: 50-60 Hz<\/li>\n<li>Peso: 19,84 lbs (8.9 kg)<\/li>\n<\/ul>\n<div id=\"mttContainer\" class=\"notranslate\" style=\"transform: translate(286px, 47px);\" aria-expanded=\"false\"><\/div>\n<p>[\/vc_column_text][\/vc_column][\/vc_row]<\/p>\n<\/div>","protected":false},"excerpt":{"rendered":"<p>Sistema de Video Endoscopia<\/p>\n","protected":false},"featured_media":20708,"template":"","meta":{"_acf_changed":false,"_relevanssi_hide_post":"","_relevanssi_hide_content":"","_relevanssi_pin_for_all":"","_relevanssi_pin_keywords":"","_relevanssi_unpin_keywords":"","_relevanssi_related_keywords":"","_relevanssi_related_include_ids":"","_relevanssi_related_exclude_ids":"","_relevanssi_related_no_append":"","_relevanssi_related_not_related":"","_relevanssi_related_posts":"","_relevanssi_noindex_reason":"","inline_featured_image":false},"pwb-brand":[1079],"product_brand":[],"product_cat":[84,7011],"product_tag":[3557,178,183,1395,6856,1394,6855],"class_list":{"0":"post-8725","1":"product","2":"type-product","3":"status-publish","4":"has-post-thumbnail","6":"pwb-brand-equipo-medico-stryker","7":"product_cat-sistema-de-video-endoscopia","8":"product_cat-sistemas-completos-de-laparoscopia","9":"product_tag-sistema-de-video-endoscopia","10":"product_tag-stryker","11":"product_tag-stryker-1288","12":"product_tag-stryker-1288-hd","13":"product_tag-stryker-1288-hd-sistema-de-video-endoscopia","14":"product_tag-stryker-1288-hd-video","15":"product_tag-stryker-sistema-de-video-endoscopia","17":"first","18":"instock","19":"shipping-taxable","20":"purchasable","21":"product-type-simple"},"acf":[],"brands":[{"id":1079,"name":"Stryker","slug":"equipo-medico-stryker"}],"_links":{"self":[{"href":"https:\/\/www.somatechnology.com\/spanish\/wp-json\/wp\/v2\/product\/8725","targetHints":{"allow":["GET"]}}],"collection":[{"href":"https:\/\/www.somatechnology.com\/spanish\/wp-json\/wp\/v2\/product"}],"about":[{"href":"https:\/\/www.somatechnology.com\/spanish\/wp-json\/wp\/v2\/types\/product"}],"wp:featuredmedia":[{"embeddable":true,"href":"https:\/\/www.somatechnology.com\/spanish\/wp-json\/wp\/v2\/media\/20708"}],"wp:attachment":[{"href":"https:\/\/www.somatechnology.com\/spanish\/wp-json\/wp\/v2\/media?parent=8725"}],"wp:term":[{"taxonomy":"pwb-brand","embeddable":true,"href":"https:\/\/www.somatechnology.com\/spanish\/wp-json\/wp\/v2\/pwb-brand?post=8725"},{"taxonomy":"product_brand","embeddable":true,"href":"https:\/\/www.somatechnology.com\/spanish\/wp-json\/wp\/v2\/product_brand?post=8725"},{"taxonomy":"product_cat","embeddable":true,"href":"https:\/\/www.somatechnology.com\/spanish\/wp-json\/wp\/v2\/product_cat?post=8725"},{"taxonomy":"product_tag","embeddable":true,"href":"https:\/\/www.somatechnology.com\/spanish\/wp-json\/wp\/v2\/product_tag?post=8725"}],"curies":[{"name":"wp","href":"https:\/\/api.w.org\/{rel}","templated":true}]}}