{"id":8727,"date":"2018-03-01T15:47:18","date_gmt":"2018-03-01T15:47:18","guid":{"rendered":"https:\/\/www.somatechnology.com\/spanish\/?post_type=product&#038;p=8727"},"modified":"2025-12-11T01:00:33","modified_gmt":"2025-12-11T06:00:33","slug":"stryker-1188-hd-video-endoscopy-tower-system","status":"publish","type":"product","link":"https:\/\/www.somatechnology.com\/spanish\/equipo-medico-usado-remanufacturado\/sistema-de-video-endoscopia\/sistemas-completos-de-laparoscopia\/stryker-1188-hd-video-endoscopy-tower-system\/","title":{"rendered":"Stryker 1188 HD Video Endoscopy Tower System"},"content":{"rendered":"<div class=\"wpb-content-wrapper\"><p>[vc_row][vc_column][vc_column_text css=\u00bb\u00bb]<\/p>\n<h2>Stryker 1188 HD Video Sistema de Endoscopia<\/h2>\n<p>El equipo innovador de la endoscopia de Stryker ha fijado un nuevo est\u00e1ndar en la sala de operaciones. Stryker fue pionero en la primera c\u00e1mara digital de alta definici\u00f3n, un avance que revolucion\u00f3 el mercado quir\u00fargico m\u00ednimamente invasivo. Esta plataforma de alta definici\u00f3n contin\u00faa brindando una resoluci\u00f3n, brillo y claridad \u00f3ptica sin igual a trav\u00e9s de un sistema de c\u00e1maras. La c\u00e1mara HD, monitores de pantalla plana HD, combinados con un dispositivo de captura de ultra alta definici\u00f3n, proporcionan una tecnolog\u00eda de vanguardia y resultados excepcionales en la sala de operaciones de hoy.<\/p>\n<ul>\n<li>Stryker 1188 HD 3-chip de la consola de la c\u00e1mara<\/li>\n<li>Stryker 1188 HD 3-chip cabeza regular de la c\u00e1mara<\/li>\n<li>Stryker X8000 Xenon 300W fuente de luz<\/li>\n<li>Stryker 240-030-970 Wise Vision elect 26 \u2033 HD monitor<\/li>\n<li>Carro de la endoscopia de Stryker con las puertas<\/li>\n<li>Stryker COSUDE ultra dispositivo de captura<\/li>\n<li>Stryker SDP1000 impresora<\/li>\n<li>Cables y accesorios Stryker<\/li>\n<\/ul>\n<p>[\/vc_column_text][\/vc_column][\/vc_row]<\/p>\n<\/div>","protected":false},"excerpt":{"rendered":"<p>[vc_row][vc_column][vc_column_text css=\u00bb\u00bb] Stryker 1188 HD Video Sistema de Endoscopia El equipo innovador de la endoscopia de Stryker ha fijado un nuevo est\u00e1ndar en la&#8230;<\/p>\n","protected":false},"featured_media":9432,"template":"","meta":{"_acf_changed":false,"_relevanssi_hide_post":"","_relevanssi_hide_content":"","_relevanssi_pin_for_all":"","_relevanssi_pin_keywords":"","_relevanssi_unpin_keywords":"","_relevanssi_related_keywords":"","_relevanssi_related_include_ids":"","_relevanssi_related_exclude_ids":"","_relevanssi_related_no_append":"","_relevanssi_related_not_related":"","_relevanssi_related_posts":"","_relevanssi_noindex_reason":"","inline_featured_image":false},"pwb-brand":[1079],"product_brand":[],"product_cat":[84,7011],"product_tag":[1400,1399,1398,1397],"class_list":{"0":"post-8727","1":"product","2":"type-product","3":"status-publish","4":"has-post-thumbnail","6":"pwb-brand-equipo-medico-stryker","7":"product_cat-sistema-de-video-endoscopia","8":"product_cat-sistemas-completos-de-laparoscopia","9":"product_tag-stryker-1188-hd","10":"product_tag-stryker-1188-hd-video","11":"product_tag-stryker-1188-hd-video-endoscopy","12":"product_tag-stryker-1188-hd-video-endoscopy-tower","14":"first","15":"instock","16":"shipping-taxable","17":"purchasable","18":"product-type-simple"},"acf":[],"brands":[{"id":1079,"name":"Stryker","slug":"equipo-medico-stryker"}],"_links":{"self":[{"href":"https:\/\/www.somatechnology.com\/spanish\/wp-json\/wp\/v2\/product\/8727","targetHints":{"allow":["GET"]}}],"collection":[{"href":"https:\/\/www.somatechnology.com\/spanish\/wp-json\/wp\/v2\/product"}],"about":[{"href":"https:\/\/www.somatechnology.com\/spanish\/wp-json\/wp\/v2\/types\/product"}],"wp:featuredmedia":[{"embeddable":true,"href":"https:\/\/www.somatechnology.com\/spanish\/wp-json\/wp\/v2\/media\/9432"}],"wp:attachment":[{"href":"https:\/\/www.somatechnology.com\/spanish\/wp-json\/wp\/v2\/media?parent=8727"}],"wp:term":[{"taxonomy":"pwb-brand","embeddable":true,"href":"https:\/\/www.somatechnology.com\/spanish\/wp-json\/wp\/v2\/pwb-brand?post=8727"},{"taxonomy":"product_brand","embeddable":true,"href":"https:\/\/www.somatechnology.com\/spanish\/wp-json\/wp\/v2\/product_brand?post=8727"},{"taxonomy":"product_cat","embeddable":true,"href":"https:\/\/www.somatechnology.com\/spanish\/wp-json\/wp\/v2\/product_cat?post=8727"},{"taxonomy":"product_tag","embeddable":true,"href":"https:\/\/www.somatechnology.com\/spanish\/wp-json\/wp\/v2\/product_tag?post=8727"}],"curies":[{"name":"wp","href":"https:\/\/api.w.org\/{rel}","templated":true}]}}