{"id":8732,"date":"2018-03-01T16:32:53","date_gmt":"2018-03-01T16:32:53","guid":{"rendered":"https:\/\/www.somatechnology.com\/spanish\/?post_type=product&#038;p=8732"},"modified":"2025-12-11T01:24:28","modified_gmt":"2025-12-11T06:24:28","slug":"storz-image-1-complete-endoscopy-system","status":"publish","type":"product","link":"https:\/\/www.somatechnology.com\/spanish\/equipo-medico-usado-remanufacturado\/sistema-de-video-endoscopia\/sistemas-completos-de-laparoscopia\/storz-image-1-complete-endoscopy-system\/","title":{"rendered":"Storz Image 1 Complete Endoscopy System"},"content":{"rendered":"<div class=\"wpb-content-wrapper\"><p>[vc_row][vc_column][vc_column_text css=\u00bb\u00bb]<\/p>\n<h2>Storz Image 1 Sistema completo de Endoscopia<\/h2>\n<p>STORZ es uno de los pioneros en el campo de la imagen endosc\u00f3pica. La tecnolog\u00eda de sensores mejorada con mayor resoluci\u00f3n e innovaciones en la tecnolog\u00eda de visualizaci\u00f3n, as\u00ed como la electr\u00f3nica de procesamiento de im\u00e1genes de alto rendimiento conduce a nuevos desarrollos continuos. La torre de v\u00eddeo Storz Image 1 multi-Special incluye; Unidad de control de c\u00e1mara SCB con cabezal y acoplador S3 universal, luz-fuente Storz Xenon, monitor de pantalla plana de 24 pulgadas, sistema de gesti\u00f3n de imagen de DVD Aida y carro de torre Storz universal con portamonitor LCD.<\/p>\n<h3>Componentes<\/h3>\n<ul>\n<li>La unidad de control de c\u00e1mara SCB viene con cabezal universal S3 y acoplador.<\/li>\n<li>Fuente de luz del xen\u00f3n 20133020 de Storz<\/li>\n<li>Monitor de panel plano de 24 \u00abde ancho<\/li>\n<li>Sistema de gesti\u00f3n de im\u00e1genes de DVD Aida<\/li>\n<li>El carro de la torre de Storz universal viene con un sostenedor del monitor del LCD<\/li>\n<\/ul>\n<h3>Storz SCB Image 1 Hub 222010 20<\/h3>\n<ul>\n<li>Sistema de im\u00e1genes Full HD<\/li>\n<li>920 x 1.080 resoluci\u00f3n<\/li>\n<li>Im\u00e1genes sin lag<\/li>\n<li>Reproducci\u00f3n de color natural<\/li>\n<li>STORZ Image 1 S3 Universal c\u00e1mara cabezal y acoplador<\/li>\n<\/ul>\n<h3>Storz Xenon 300 20133020 Fuente de Luz<\/h3>\n<ul>\n<li>Luz de Xen\u00f3n de 300 vatios<\/li>\n<li>Z\u00f3calos de v\u00eddeo in\/out BNC<\/li>\n<li>Mini-DIN-sockets de 6 pines para interfaz de SCB opcional<\/li>\n<\/ul>\n<h3>Monitor de pantalla plana<\/h3>\n<ul>\n<li>24\u201d vista amplia<\/li>\n<\/ul>\n<h3>Storz AIDA DVD-M Sistema de Administracion de Imagenes<\/h3>\n<ul>\n<li>Almacenamiento digital de im\u00e1genes fijas, secuencias de v\u00eddeo y archivos de audio<\/li>\n<li>Archivo en DVD, CD-ROM, memoria USB o ruta de red<\/li>\n<li>Entradas de v\u00eddeo SDI, S-video y composite<\/li>\n<\/ul>\n<h3>Storz GoKart 9601 Torre movil Universal<\/h3>\n<ul>\n<li>Sostenedor del monitor del LCD<\/li>\n<li>Estantes ajustables<\/li>\n<li>M\u00faltiples configuraciones<\/li>\n<\/ul>\n<div id=\"mttContainer\" class=\"notranslate\" style=\"transform: translate(228px, 4px);\" aria-expanded=\"false\"><\/div>\n<p>[\/vc_column_text][\/vc_column][\/vc_row]<\/p>\n<\/div>","protected":false},"excerpt":{"rendered":"<p>[vc_row][vc_column][vc_column_text css=\u00bb\u00bb] Storz Image 1 Sistema completo de Endoscopia STORZ es uno de los pioneros en el campo de la imagen endosc\u00f3pica. La tecnolog\u00eda&#8230;<\/p>\n","protected":false},"featured_media":9427,"template":"","meta":{"_acf_changed":false,"_relevanssi_hide_post":"","_relevanssi_hide_content":"","_relevanssi_pin_for_all":"","_relevanssi_pin_keywords":"","_relevanssi_unpin_keywords":"","_relevanssi_related_keywords":"","_relevanssi_related_include_ids":"","_relevanssi_related_exclude_ids":"","_relevanssi_related_no_append":"","_relevanssi_related_not_related":"","_relevanssi_related_posts":"","_relevanssi_noindex_reason":"","inline_featured_image":false},"pwb-brand":[1081],"product_brand":[],"product_cat":[84,7011],"product_tag":[1412,168,1411,196,1409,1408,1410],"class_list":{"0":"post-8732","1":"product","2":"type-product","3":"status-publish","4":"has-post-thumbnail","6":"pwb-brand-storz","7":"product_cat-sistema-de-video-endoscopia","8":"product_cat-sistemas-completos-de-laparoscopia","9":"product_tag-image-1-complete-endoscopy-system","10":"product_tag-storz","11":"product_tag-storz-endoscopy-system","12":"product_tag-storz-image-1","13":"product_tag-storz-image-1-complete-endoscopy","14":"product_tag-storz-image-1-complete-endoscopy-system","15":"product_tag-storz-image-1-endoscopy-system","17":"first","18":"instock","19":"shipping-taxable","20":"purchasable","21":"product-type-simple"},"acf":[],"brands":[{"id":1081,"name":"Storz","slug":"storz"}],"_links":{"self":[{"href":"https:\/\/www.somatechnology.com\/spanish\/wp-json\/wp\/v2\/product\/8732","targetHints":{"allow":["GET"]}}],"collection":[{"href":"https:\/\/www.somatechnology.com\/spanish\/wp-json\/wp\/v2\/product"}],"about":[{"href":"https:\/\/www.somatechnology.com\/spanish\/wp-json\/wp\/v2\/types\/product"}],"wp:featuredmedia":[{"embeddable":true,"href":"https:\/\/www.somatechnology.com\/spanish\/wp-json\/wp\/v2\/media\/9427"}],"wp:attachment":[{"href":"https:\/\/www.somatechnology.com\/spanish\/wp-json\/wp\/v2\/media?parent=8732"}],"wp:term":[{"taxonomy":"pwb-brand","embeddable":true,"href":"https:\/\/www.somatechnology.com\/spanish\/wp-json\/wp\/v2\/pwb-brand?post=8732"},{"taxonomy":"product_brand","embeddable":true,"href":"https:\/\/www.somatechnology.com\/spanish\/wp-json\/wp\/v2\/product_brand?post=8732"},{"taxonomy":"product_cat","embeddable":true,"href":"https:\/\/www.somatechnology.com\/spanish\/wp-json\/wp\/v2\/product_cat?post=8732"},{"taxonomy":"product_tag","embeddable":true,"href":"https:\/\/www.somatechnology.com\/spanish\/wp-json\/wp\/v2\/product_tag?post=8732"}],"curies":[{"name":"wp","href":"https:\/\/api.w.org\/{rel}","templated":true}]}}