{"id":8817,"date":"2018-03-05T16:44:52","date_gmt":"2018-03-05T16:44:52","guid":{"rendered":"https:\/\/www.somatechnology.com\/spanish\/?post_type=product&#038;p=8817"},"modified":"2025-07-07T10:24:27","modified_gmt":"2025-07-07T14:24:27","slug":"bovie-aaron-smoke-shark-ii-2","status":"publish","type":"product","link":"https:\/\/www.somatechnology.com\/spanish\/equipo-medico-usado-remanufacturado\/unidades-electroquirurgicas-electrobisturis\/bovie-aaron-smoke-shark-ii-2\/","title":{"rendered":"Bovie Aaron Smoke Shark II"},"content":{"rendered":"<h2>Caracter\u00edsticas del\u00a0Bovie Aaron Smoke Shark II<\/h2>\n<p>El evacuador del tibur\u00f3n II del humo con un dise\u00f1o moderno, ligero, compacto permitiendo el uso, el almacenaje y la amontonabilidad simplificados nunca otra vez pide el tibur\u00f3n del humo y todav\u00eda necesita pedir un filtro sobre el recibo, el SE02 se empaqueta con el filtro extendido-vida de SF35 y FSSEP pedal neum\u00e1tico. El filtro de vida prolongada SF35 ofrece hasta 35 horas de funcionamiento, lo que reduce el costo del procedimiento en un 38% (+\/-) del modelo anterior cuando se utiliza en la configuraci\u00f3n m\u00e1s baja.<\/p>\n<ul>\n<li>F\u00e1cil de usar<\/li>\n<li>Evacuaci\u00f3n de humo silenciosa y eficaz<\/li>\n<li>Filtro de larga duraci\u00f3n de 35 horas<\/li>\n<li>Bajo costo por procedimiento<\/li>\n<li>Captura de part\u00edculas excelente<\/li>\n<\/ul>\n<h2>Especificaciones del\u00a0Bovie Aaron Smoke Shark II<\/h2>\n<h3>Dimensiones<\/h3>\n<ul>\n<li>2 cm (6 in.) H x 27.9 cm (11 in.) W x 39.4 cm (15.5 in.) D<\/li>\n<\/ul>\n<h3>Peso<\/h3>\n<ul>\n<li>3 kgs (10 lbs)<\/li>\n<\/ul>\n<h3>Voltage<\/h3>\n<ul>\n<li>Voltaje de l\u00ednea<\/li>\n<li>SE02:100\/120 VAC<\/li>\n<\/ul>\n<h3>Frecuencia de l\u00ednea<\/h3>\n<ul>\n<li>50-60 Hz<\/li>\n<\/ul>\n<p>&nbsp;<\/p>\n<p>&nbsp;<\/p>\n","protected":false},"excerpt":{"rendered":"<p><label class=\"selectit\">Electrobisturis<\/label><\/p>\n","protected":false},"featured_media":12005,"template":"","meta":{"_acf_changed":false,"_relevanssi_hide_post":"","_relevanssi_hide_content":"","_relevanssi_pin_for_all":"","_relevanssi_pin_keywords":"","_relevanssi_unpin_keywords":"","_relevanssi_related_keywords":"","_relevanssi_related_include_ids":"","_relevanssi_related_exclude_ids":"","_relevanssi_related_no_append":"","_relevanssi_related_not_related":"","_relevanssi_related_posts":"","_relevanssi_noindex_reason":"","inline_featured_image":false},"pwb-brand":[1170],"product_brand":[],"product_cat":[76,9627],"product_tag":[1449,4886,1452,1460,1459,1457,4889,1458,1896,4888],"class_list":{"0":"post-8817","1":"product","2":"type-product","3":"status-publish","4":"has-post-thumbnail","6":"pwb-brand-electrobisturis-bovie","7":"product_cat-unidades-electroquirurgicas-electrobisturis","8":"product_cat-evacuadores-de-humo","9":"product_tag-bovie","10":"product_tag-bovie-aaron-electrobisturis","11":"product_tag-bovie-aaron-esu","12":"product_tag-bovie-aaron-smoke-esu","13":"product_tag-bovie-aaron-smoke-shark","14":"product_tag-bovie-aaron-smoke-shark-ii","15":"product_tag-bovie-aaron-smoke-shark-ii-electrobisturis","16":"product_tag-bovie-aaron-smoke-shark-ii-esu","17":"product_tag-electrobisturis","18":"product_tag-ovie-electrobisturis","20":"first","21":"instock","22":"featured","23":"shipping-taxable","24":"purchasable","25":"product-type-simple"},"acf":[],"brands":[{"id":1170,"name":"Bovie Aaron","slug":"electrobisturis-bovie"}],"_links":{"self":[{"href":"https:\/\/www.somatechnology.com\/spanish\/wp-json\/wp\/v2\/product\/8817","targetHints":{"allow":["GET"]}}],"collection":[{"href":"https:\/\/www.somatechnology.com\/spanish\/wp-json\/wp\/v2\/product"}],"about":[{"href":"https:\/\/www.somatechnology.com\/spanish\/wp-json\/wp\/v2\/types\/product"}],"wp:featuredmedia":[{"embeddable":true,"href":"https:\/\/www.somatechnology.com\/spanish\/wp-json\/wp\/v2\/media\/12005"}],"wp:attachment":[{"href":"https:\/\/www.somatechnology.com\/spanish\/wp-json\/wp\/v2\/media?parent=8817"}],"wp:term":[{"taxonomy":"pwb-brand","embeddable":true,"href":"https:\/\/www.somatechnology.com\/spanish\/wp-json\/wp\/v2\/pwb-brand?post=8817"},{"taxonomy":"product_brand","embeddable":true,"href":"https:\/\/www.somatechnology.com\/spanish\/wp-json\/wp\/v2\/product_brand?post=8817"},{"taxonomy":"product_cat","embeddable":true,"href":"https:\/\/www.somatechnology.com\/spanish\/wp-json\/wp\/v2\/product_cat?post=8817"},{"taxonomy":"product_tag","embeddable":true,"href":"https:\/\/www.somatechnology.com\/spanish\/wp-json\/wp\/v2\/product_tag?post=8817"}],"curies":[{"name":"wp","href":"https:\/\/api.w.org\/{rel}","templated":true}]}}