{"id":8831,"date":"2018-03-05T17:39:08","date_gmt":"2018-03-05T17:39:08","guid":{"rendered":"https:\/\/www.somatechnology.com\/spanish\/?post_type=product&#038;p=8831"},"modified":"2025-06-25T16:32:40","modified_gmt":"2025-06-25T20:32:40","slug":"newport-e100i","status":"publish","type":"product","link":"https:\/\/www.somatechnology.com\/spanish\/equipo-medico-usado-remanufacturado\/ventiladores\/newport-e100i\/","title":{"rendered":"Newport E100i"},"content":{"rendered":"<h2>Newport E100i<\/h2>\n<ul>\n<li>Ventilador transportable<\/li>\n<li>Un ventilador universal que es accionado neum\u00e1ticamente y controlado electr\u00f3nicamente.<\/li>\n<li>Controles precisamente calibrados para la frecuencia respiratoria, flujo, tiempo inspiratorio, PEEP\/CPAP y concentraci\u00f3n de ox\u00edgeno.<\/li>\n<li>V\u00e1lvula de alivio de presi\u00f3n ajustable para prevenir una alta presi\u00f3n excesiva o para implementar ventilaci\u00f3n limitada de presi\u00f3n.<\/li>\n<\/ul>\n<h3>Informaci\u00f3n General<\/h3>\n<ul>\n<li>FiO2 0.21 a el 1.0 \u00b1 3%<\/li>\n<li>Modos del ventilador a\/C y SIMV (volumen o presi\u00f3n limitados) espont\u00e1neo.<\/li>\n<li>Presi\u00f3n inspiratoria<\/li>\n<li>Gama 0 a 100 cm\/H2O<\/li>\n<li>Trigger LEVEL-10 a + 25 cm\/H2O<\/li>\n<li>Tiempo inspiratorio 0.1 a 3.0 segundos<\/li>\n<li>Frecuencia respiratoria 1 a 120 respiraciones por minuto<\/li>\n<li>Volumen de marea 10 CC a 2500 CC<\/li>\n<li>Flujo mec\u00e1nico 0 a 100 l\/minute (0 a 1.6 l\/Second)<\/li>\n<li>Caudal contin\u00fao de 0 a 55 L\/min. Interruptor de ON\/OFF y fluj\u00f3metro<\/li>\n<li>PEEP\/CPA 0 a + 25 cm\/H2O<\/li>\n<li>Interruptor de encendido\/apagado del nebulizador<\/li>\n<li>Respiraci\u00f3n manual independiente de la funci\u00f3n del ventilador<\/li>\n<li>Bater\u00eda (opcional) c\u00e9lula del gel. Hasta cuatro horas de uso. Cuatro horas de recarga. Recarga completamente despu\u00e9s de 18 horas.<\/li>\n<li>Relevaci\u00f3n de presi\u00f3n de seguridad 0 a 100 cm\/H2O<\/li>\n<li>Dimensiones altura: 10.5 \u00ab. Anchura: 9.5 \u00ab. Profundidad: 6.5 \u00ab. Peso: 13 lbs.<\/li>\n<li>Requisitos de potencia de 100 a 120 VCA 50\/60 Hz, 200 a 240 VCA 50\/60 Hz. fusible protegido.<\/li>\n<li>Tap\u00f3n de grado hospitalario.<\/li>\n<li>Suministro de gas ox\u00edgeno 35 a 70 psi\/50 psi normal. Aire 35 a 70 psi\/50 psi normal<\/li>\n<li>Compresible interno<\/li>\n<li>Volumen 0.20 litros<\/li>\n<\/ul>\n<h3>Alarmas<\/h3>\n<ul>\n<li>Alta presi\u00f3n visual\/audible, presi\u00f3n baja, espont\u00e1neo\/apnea, demora de 15 a 30 segundos. Bater\u00eda \u2013 20 minutos restantes.<\/li>\n<li>S\u00f3lo visual tiempo inspiratorio a largo<\/li>\n<li>S\u00f3lo audible fuente de suministro de aire\/mezclador de ox\u00edgeno fallo. Apag\u00f3n el\u00e9ctrico<\/li>\n<li>Silencio de la alarma 55 segundos<\/li>\n<\/ul>\n<p>&nbsp;<\/p>\n","protected":false},"excerpt":{"rendered":"<p>Ventilador transportable. Un ventilador universal que es accionado neum\u00e1ticamente y controlado electr\u00f3nicamente. Controles precisamente calibrados para la frecuencia respiratoria, flujo, tiempo inspiratorio, PEEP\/CPAP y concentraci\u00f3n de ox\u00edgeno. V\u00e1lvula de alivio de presi\u00f3n ajustable para prevenir una alta presi\u00f3n excesiva o para implementar ventilaci\u00f3n limitada de presi\u00f3n.<\/p>\n","protected":false},"featured_media":9656,"template":"","meta":{"_acf_changed":false,"_relevanssi_hide_post":"","_relevanssi_hide_content":"","_relevanssi_pin_for_all":"","_relevanssi_pin_keywords":"","_relevanssi_unpin_keywords":"","_relevanssi_related_keywords":"","_relevanssi_related_include_ids":"","_relevanssi_related_exclude_ids":"","_relevanssi_related_no_append":"","_relevanssi_related_not_related":"","_relevanssi_related_posts":"","_relevanssi_noindex_reason":"","inline_featured_image":false},"pwb-brand":[1342],"product_brand":[],"product_cat":[51],"product_tag":[1486,1485,1487,1032,1469,1028],"class_list":{"0":"post-8831","1":"product","2":"type-product","3":"status-publish","4":"has-post-thumbnail","6":"pwb-brand-ventiladores-newport","7":"product_cat-ventiladores","8":"product_tag-e100i","9":"product_tag-newport","10":"product_tag-newport-e100i","11":"product_tag-ventilador","12":"product_tag-ventiladore","13":"product_tag-ventiladores","15":"first","16":"instock","17":"shipping-taxable","18":"purchasable","19":"product-type-simple"},"acf":[],"brands":[{"id":1342,"name":"Newport","slug":"ventiladores-newport"}],"_links":{"self":[{"href":"https:\/\/www.somatechnology.com\/spanish\/wp-json\/wp\/v2\/product\/8831","targetHints":{"allow":["GET"]}}],"collection":[{"href":"https:\/\/www.somatechnology.com\/spanish\/wp-json\/wp\/v2\/product"}],"about":[{"href":"https:\/\/www.somatechnology.com\/spanish\/wp-json\/wp\/v2\/types\/product"}],"wp:featuredmedia":[{"embeddable":true,"href":"https:\/\/www.somatechnology.com\/spanish\/wp-json\/wp\/v2\/media\/9656"}],"wp:attachment":[{"href":"https:\/\/www.somatechnology.com\/spanish\/wp-json\/wp\/v2\/media?parent=8831"}],"wp:term":[{"taxonomy":"pwb-brand","embeddable":true,"href":"https:\/\/www.somatechnology.com\/spanish\/wp-json\/wp\/v2\/pwb-brand?post=8831"},{"taxonomy":"product_brand","embeddable":true,"href":"https:\/\/www.somatechnology.com\/spanish\/wp-json\/wp\/v2\/product_brand?post=8831"},{"taxonomy":"product_cat","embeddable":true,"href":"https:\/\/www.somatechnology.com\/spanish\/wp-json\/wp\/v2\/product_cat?post=8831"},{"taxonomy":"product_tag","embeddable":true,"href":"https:\/\/www.somatechnology.com\/spanish\/wp-json\/wp\/v2\/product_tag?post=8831"}],"curies":[{"name":"wp","href":"https:\/\/api.w.org\/{rel}","templated":true}]}}