{"id":8849,"date":"2018-03-05T19:44:55","date_gmt":"2018-03-05T19:44:55","guid":{"rendered":"https:\/\/www.somatechnology.com\/spanish\/?post_type=product&#038;p=8849"},"modified":"2025-06-25T16:32:15","modified_gmt":"2025-06-25T20:32:15","slug":"philips-respironics-plv-102b","status":"publish","type":"product","link":"https:\/\/www.somatechnology.com\/spanish\/equipo-medico-usado-remanufacturado\/ventiladores\/philips-respironics-plv-102b\/","title":{"rendered":"Philips Respironics PLV 102b"},"content":{"rendered":"<h2>Ventilator Philips Respironics PLV-102b<\/h2>\n<p>Ventilador de volumen port\u00e1til controlado por microprocesador que es capaz de ventilar una amplia gama de pacientes. Adecuado para el transporte y aplicaciones port\u00e1tiles debido a su peque\u00f1o tama\u00f1o. Capaz de ventilar a pacientes pedi\u00e1tricos y adultos.<\/p>\n<ul>\n<li>Modos de control y control de asistencia con el modo opcional suspiro y SIMV.<\/li>\n<li>Seis c\u00f3digos de alarma ayudan en la soluci\u00f3n de problemas.<\/li>\n<li>Ajustable de-6 a + 18 cm H2O, que permite el uso de PEEP hasta 20 cm H2O.<\/li>\n<li>Correcciones autom\u00e1ticas de sensibilidad contin\u00faa para cambios de presiones barom\u00e9tricas.<\/li>\n<li>Las fuentes de energ\u00eda m\u00faltiples incluyen 120 voltios de CA, una bater\u00eda interna de 12 voltios DC y una bater\u00eda externa de 12 voltios DC.<\/li>\n<\/ul>\n<p>&nbsp;<\/p>\n","protected":false},"excerpt":{"rendered":"<p>Ventilador de volumen port\u00e1til controlado por microprocesador que es capaz de ventilar una amplia gama de pacientes. Adecuado para el transporte y aplicaciones port\u00e1tiles debido a su peque\u00f1o tama\u00f1o. Capaz de ventilar a pacientes pedi\u00e1tricos y adultos.<\/p>\n","protected":false},"featured_media":22108,"template":"","meta":{"_acf_changed":false,"_relevanssi_hide_post":"","_relevanssi_hide_content":"","_relevanssi_pin_for_all":"","_relevanssi_pin_keywords":"","_relevanssi_unpin_keywords":"","_relevanssi_related_keywords":"","_relevanssi_related_include_ids":"","_relevanssi_related_exclude_ids":"","_relevanssi_related_no_append":"","_relevanssi_related_not_related":"","_relevanssi_related_posts":"","_relevanssi_noindex_reason":"","inline_featured_image":false},"pwb-brand":[1102],"product_brand":[],"product_cat":[51],"product_tag":[1533,273,1536,1529,1534,1531,1532,1530,1535,1032,1469,1028,6885],"class_list":{"0":"post-8849","1":"product","2":"type-product","3":"status-publish","4":"has-post-thumbnail","6":"pwb-brand-equipo-medico-philips","7":"product_cat-ventiladores","8":"product_tag-102b","9":"product_tag-philips","10":"product_tag-philips-plv-201b","11":"product_tag-philips-respironics","12":"product_tag-philips-respironics-plv-102b","13":"product_tag-plv","14":"product_tag-plv-102b","15":"product_tag-respironics","16":"product_tag-respironics-plv-102b","17":"product_tag-ventilador","18":"product_tag-ventiladore","19":"product_tag-ventiladores","20":"product_tag-ventiladores-philips","22":"first","23":"instock","24":"shipping-taxable","25":"purchasable","26":"product-type-simple"},"acf":[],"brands":[{"id":1102,"name":"Philips","slug":"equipo-medico-philips"}],"_links":{"self":[{"href":"https:\/\/www.somatechnology.com\/spanish\/wp-json\/wp\/v2\/product\/8849","targetHints":{"allow":["GET"]}}],"collection":[{"href":"https:\/\/www.somatechnology.com\/spanish\/wp-json\/wp\/v2\/product"}],"about":[{"href":"https:\/\/www.somatechnology.com\/spanish\/wp-json\/wp\/v2\/types\/product"}],"wp:featuredmedia":[{"embeddable":true,"href":"https:\/\/www.somatechnology.com\/spanish\/wp-json\/wp\/v2\/media\/22108"}],"wp:attachment":[{"href":"https:\/\/www.somatechnology.com\/spanish\/wp-json\/wp\/v2\/media?parent=8849"}],"wp:term":[{"taxonomy":"pwb-brand","embeddable":true,"href":"https:\/\/www.somatechnology.com\/spanish\/wp-json\/wp\/v2\/pwb-brand?post=8849"},{"taxonomy":"product_brand","embeddable":true,"href":"https:\/\/www.somatechnology.com\/spanish\/wp-json\/wp\/v2\/product_brand?post=8849"},{"taxonomy":"product_cat","embeddable":true,"href":"https:\/\/www.somatechnology.com\/spanish\/wp-json\/wp\/v2\/product_cat?post=8849"},{"taxonomy":"product_tag","embeddable":true,"href":"https:\/\/www.somatechnology.com\/spanish\/wp-json\/wp\/v2\/product_tag?post=8849"}],"curies":[{"name":"wp","href":"https:\/\/api.w.org\/{rel}","templated":true}]}}