{"id":8942,"date":"2018-03-07T17:03:56","date_gmt":"2018-03-07T17:03:56","guid":{"rendered":"https:\/\/www.somatechnology.com\/spanish\/?post_type=product&#038;p=8942"},"modified":"2025-06-25T16:30:53","modified_gmt":"2025-06-25T20:30:53","slug":"philips-respironics-trilogy-100","status":"publish","type":"product","link":"https:\/\/www.somatechnology.com\/spanish\/equipo-medico-usado-remanufacturado\/ventiladores\/philips-respironics-trilogy-100\/","title":{"rendered":"Philips Respironics Trilogy 100"},"content":{"rendered":"<h2>Character\u00edsticas de Philips Respironics Trilogy 100<\/h2>\n<p>El sistema de la trilog\u00eda 100 de Philips Respironics proporciona la ayuda ventilatoria continua o intermitente para el cuidado de los individuos que requieren la ventilaci\u00f3n mec\u00e1nica. Trilog\u00eda 100 est\u00e1 destinada a pacientes pedi\u00e1tricos a trav\u00e9s de adultos que pesen al menos 5 kg (11 lbs.). El dispositivo est\u00e1 dise\u00f1ado para ser utilizado en el hogar, instituci\u00f3n\/hospital, y aplicaciones port\u00e1tiles tales como sillas de ruedas y Camilla, y puede ser utilizado para la ventilaci\u00f3n invasiva y no invasiva. No est\u00e1 dise\u00f1ado para ser utilizado como un ventilador de transporte. El sistema se recomienda para ser utilizado solamente con las varias combinaciones de Philips Respironics-aprob\u00f3 los accesorios del circuito del paciente, tales como dispositivos de interfaz del paciente, humidificadores, trampas de agua, y tuber\u00eda del circuito.<\/p>\n<ul>\n<li>Innovaci\u00f3n, versatilidad y fiabilidad de un l\u00edder de la industria confiable<\/li>\n<li>Las pantallas de la pantalla son f\u00e1ciles de leer<\/li>\n<li>Dos opciones del circuito para el uso simple, flexible<\/li>\n<li>F\u00e1cil de configurar y f\u00e1cil de usar<\/li>\n<li>Opci\u00f3n de circuito pasivo para espiraci\u00f3n pasiva<\/li>\n<li>D\u00e1ndoles opciones de selecci\u00f3n de volumen con AVAPS-AE<\/li>\n<li>Dar a los pacientes la libertad de ventilaci\u00f3n de la boquilla (MPV)<\/li>\n<li>Tecnolog\u00eda probada para la terapia no invasor con Auto-Trak digital<\/li>\n<li>Control de la ventilaci\u00f3n de la visi\u00f3n directa software para la gerencia de la prescripci\u00f3n<\/li>\n<\/ul>\n","protected":false},"excerpt":{"rendered":"<p>El sistema de la trilog\u00eda 100 de Philips Respironics proporciona la ayuda ventilatoria continua o intermitente para el cuidado de los individuos que requieren la ventilaci\u00f3n mec\u00e1nica. Trilog\u00eda 100 est\u00e1 destinada a pacientes pedi\u00e1tricos a trav\u00e9s de adultos que pesen al menos 5 kg (11 lbs.). El dispositivo est\u00e1 dise\u00f1ado para ser utilizado en el hogar, instituci\u00f3n\/hospital, y aplicaciones port\u00e1tiles tales como sillas de ruedas y Camilla, y puede ser utilizado para la ventilaci\u00f3n invasiva y no invasiva. No est\u00e1 dise\u00f1ado para ser utilizado como un ventilador de transporte. El sistema se recomienda para ser utilizado solamente con las varias combinaciones de Philips Respironics-aprob\u00f3 los accesorios del circuito del paciente, tales como dispositivos de interfaz del paciente, humidificadores, trampas de agua, y tuber\u00eda del circuito.<\/p>\n","protected":false},"featured_media":30778,"template":"","meta":{"_acf_changed":false,"_relevanssi_hide_post":"","_relevanssi_hide_content":"","_relevanssi_pin_for_all":"","_relevanssi_pin_keywords":"","_relevanssi_unpin_keywords":"","_relevanssi_related_keywords":"","_relevanssi_related_include_ids":"","_relevanssi_related_exclude_ids":"","_relevanssi_related_no_append":"","_relevanssi_related_not_related":"","_relevanssi_related_posts":"","_relevanssi_noindex_reason":"","inline_featured_image":false},"pwb-brand":[1102],"product_brand":[],"product_cat":[51,4780],"product_tag":[3291,273,1529,1659,1660,1656,1658,1530,1537,1662,1661,1780,1655,1657,1032,10060,10061,1469,1028,6885,10062],"class_list":{"0":"post-8942","1":"product","2":"type-product","3":"status-publish","4":"has-post-thumbnail","6":"pwb-brand-equipo-medico-philips","7":"product_cat-ventiladores","8":"product_cat-ventiladores-portatil","9":"product_tag-3291","10":"product_tag-philips","11":"product_tag-philips-respironics","12":"product_tag-philips-respironics-trilogy-100","13":"product_tag-philips-respironics-trilogy100","14":"product_tag-philips-trilogy-100","15":"product_tag-philips-trilogy100","16":"product_tag-respironics","17":"product_tag-respironics-philips","18":"product_tag-respironics-trilogy-100","19":"product_tag-respironics-trilogy100","20":"product_tag-trilogy","21":"product_tag-trilogy-100","22":"product_tag-trilogy100","23":"product_tag-ventilador","24":"product_tag-ventilador-philips","25":"product_tag-ventilador-respironics","26":"product_tag-ventiladore","27":"product_tag-ventiladores","28":"product_tag-ventiladores-philips","29":"product_tag-ventiladores-respironics","31":"first","32":"instock","33":"shipping-taxable","34":"purchasable","35":"product-type-simple"},"acf":[],"brands":[{"id":1102,"name":"Philips","slug":"equipo-medico-philips"}],"_links":{"self":[{"href":"https:\/\/www.somatechnology.com\/spanish\/wp-json\/wp\/v2\/product\/8942","targetHints":{"allow":["GET"]}}],"collection":[{"href":"https:\/\/www.somatechnology.com\/spanish\/wp-json\/wp\/v2\/product"}],"about":[{"href":"https:\/\/www.somatechnology.com\/spanish\/wp-json\/wp\/v2\/types\/product"}],"wp:featuredmedia":[{"embeddable":true,"href":"https:\/\/www.somatechnology.com\/spanish\/wp-json\/wp\/v2\/media\/30778"}],"wp:attachment":[{"href":"https:\/\/www.somatechnology.com\/spanish\/wp-json\/wp\/v2\/media?parent=8942"}],"wp:term":[{"taxonomy":"pwb-brand","embeddable":true,"href":"https:\/\/www.somatechnology.com\/spanish\/wp-json\/wp\/v2\/pwb-brand?post=8942"},{"taxonomy":"product_brand","embeddable":true,"href":"https:\/\/www.somatechnology.com\/spanish\/wp-json\/wp\/v2\/product_brand?post=8942"},{"taxonomy":"product_cat","embeddable":true,"href":"https:\/\/www.somatechnology.com\/spanish\/wp-json\/wp\/v2\/product_cat?post=8942"},{"taxonomy":"product_tag","embeddable":true,"href":"https:\/\/www.somatechnology.com\/spanish\/wp-json\/wp\/v2\/product_tag?post=8942"}],"curies":[{"name":"wp","href":"https:\/\/api.w.org\/{rel}","templated":true}]}}