{"id":8944,"date":"2018-03-07T17:10:29","date_gmt":"2018-03-07T17:10:29","guid":{"rendered":"https:\/\/www.somatechnology.com\/spanish\/?post_type=product&#038;p=8944"},"modified":"2025-11-17T15:35:20","modified_gmt":"2025-11-17T20:35:20","slug":"medtronic-valleylab-ft10-energy-platform","status":"publish","type":"product","link":"https:\/\/www.somatechnology.com\/spanish\/equipo-medico-usado-remanufacturado\/unidades-electroquirurgicas-electrobisturis\/medtronic-valleylab-ft10-energy-platform\/","title":{"rendered":"Medtronic Valleylab FT10"},"content":{"rendered":"<h2>Caraster\u00edsticas del Medtronic Valleylab FT10<\/h2>\n<p>El electrobistur\u00eds <a href=\"https:\/\/www.somatechnology.com\/wp-content\/uploads\/sites\/2\/2018\/03\/Medtronic-Convidien-Valleylab-FT10-Electrosurgical-Unit-spa.pdf\"><strong>Medtronic Covidien Valleylab FT10<\/strong><\/a> proporciona cantidades precisas de energ\u00eda con un rendimiento mejorado para lograr tiempos de sellado y corte m\u00e1s r\u00e1pidos. El TissueFect incorporado en el Covidien FT10 es una tecnolog\u00eda de detecci\u00f3n de tejidos que no s\u00f3lo mejora la velocidad sino tambi\u00e9n la consistencia de los dispositivos manuales actuales al leer la composici\u00f3n del tejido en tiempo real. TissueFect, en el FT10 de Valleylab, examina el rendimiento del dispositivo 434.000 veces por segundo, controlando la impedancia del tejido y permitiendo un suministro de energ\u00eda eficaz y eficiente. El Medtronic FT10 proporciona energ\u00eda de RF para aplicaciones quir\u00fargicas monopolares y bipolares, as\u00ed como para aplicaciones de fusi\u00f3n de tejidos y sellado de vasos. La pantalla t\u00e1ctil est\u00e1 dividida en cuatro secciones para que el usuario pueda introducir datos y verlos. Esta plataforma de energ\u00eda (VLFT10GEN) detectar\u00e1 autom\u00e1ticamente los terminales codificados y configurar\u00e1 la plataforma de energ\u00eda en consecuencia.<\/p>\n<ul>\n<li>Tiempos de sellado un 50% m\u00e1s r\u00e1pidos<\/li>\n<li>Temperaturas de mand\u00edbula m\u00e1s bajas<\/li>\n<li>La bipolaridad autom\u00e1tica tiene un tiempo de activaci\u00f3n m\u00e1s r\u00e1pido<\/li>\n<li>Se mejora el rendimiento monopolar<\/li>\n<li>Alimentaci\u00f3n mediante generadores inteligentes que gestionan cada entrega de energ\u00eda<\/li>\n<li>Mejora todas las aplicaciones quir\u00fargicas<\/li>\n<\/ul>\n<p>&nbsp;<\/p>\n","protected":false},"excerpt":{"rendered":"<p>El electrobistur\u00eds Medtronic Covidien Valleylab FT10 proporciona cantidades precisas de energ\u00eda con un rendimiento mejorado para lograr tiempos de sellado y corte m\u00e1s r\u00e1pidos. El TissueFect incorporado en el Covidien FT10 es una tecnolog\u00eda de detecci\u00f3n de tejidos que no s\u00f3lo mejora la velocidad sino tambi\u00e9n la consistencia de los dispositivos manuales actuales al leer la composici\u00f3n del tejido en tiempo real.<\/p>\n","protected":false},"featured_media":32923,"template":"","meta":{"_acf_changed":false,"_relevanssi_hide_post":"","_relevanssi_hide_content":"","_relevanssi_pin_for_all":"","_relevanssi_pin_keywords":"","_relevanssi_unpin_keywords":"","_relevanssi_related_keywords":"","_relevanssi_related_include_ids":"","_relevanssi_related_exclude_ids":"","_relevanssi_related_no_append":"","_relevanssi_related_not_related":"","_relevanssi_related_posts":"","_relevanssi_noindex_reason":"","inline_featured_image":false},"pwb-brand":[1107],"product_brand":[],"product_cat":[76],"product_tag":[352,10403,1609,10408,10406,10411,10409,10407,10410,6771,466,1668,10404,10414,10412,10416,10405,10415,10413,10417,1608,1669],"class_list":{"0":"post-8944","1":"product","2":"type-product","3":"status-publish","4":"has-post-thumbnail","6":"pwb-brand-equipo-medico-medtronic","7":"product_cat-unidades-electroquirurgicas-electrobisturis","8":"product_tag-covidien","9":"product_tag-covidien-ft10","10":"product_tag-esu","11":"product_tag-esu-covidien","12":"product_tag-esu-medtronic","13":"product_tag-esu-valleylab","14":"product_tag-esus-covidien","15":"product_tag-esus-medtronic","16":"product_tag-esus-valleylab","17":"product_tag-ft10","18":"product_tag-medtronic","19":"product_tag-medtronic-ft10","20":"product_tag-unidad-electroquirurgica","21":"product_tag-unidad-electroquirurgica-covidien","22":"product_tag-unidad-electroquirurgica-medtronic","23":"product_tag-unidad-electroquirurgica-valleylab","24":"product_tag-unidades-electroquirurgicas","25":"product_tag-unidades-electroquirurgicas-covidien","26":"product_tag-unidades-electroquirurgicas-medtronic","27":"product_tag-unidades-electroquirurgicas-valleylab","28":"product_tag-valleylab","29":"product_tag-valleylab-ft10","31":"first","32":"instock","33":"featured","34":"shipping-taxable","35":"purchasable","36":"product-type-simple"},"acf":[],"brands":[{"id":1107,"name":"Medtronic","slug":"equipo-medico-medtronic"}],"_links":{"self":[{"href":"https:\/\/www.somatechnology.com\/spanish\/wp-json\/wp\/v2\/product\/8944","targetHints":{"allow":["GET"]}}],"collection":[{"href":"https:\/\/www.somatechnology.com\/spanish\/wp-json\/wp\/v2\/product"}],"about":[{"href":"https:\/\/www.somatechnology.com\/spanish\/wp-json\/wp\/v2\/types\/product"}],"wp:featuredmedia":[{"embeddable":true,"href":"https:\/\/www.somatechnology.com\/spanish\/wp-json\/wp\/v2\/media\/32923"}],"wp:attachment":[{"href":"https:\/\/www.somatechnology.com\/spanish\/wp-json\/wp\/v2\/media?parent=8944"}],"wp:term":[{"taxonomy":"pwb-brand","embeddable":true,"href":"https:\/\/www.somatechnology.com\/spanish\/wp-json\/wp\/v2\/pwb-brand?post=8944"},{"taxonomy":"product_brand","embeddable":true,"href":"https:\/\/www.somatechnology.com\/spanish\/wp-json\/wp\/v2\/product_brand?post=8944"},{"taxonomy":"product_cat","embeddable":true,"href":"https:\/\/www.somatechnology.com\/spanish\/wp-json\/wp\/v2\/product_cat?post=8944"},{"taxonomy":"product_tag","embeddable":true,"href":"https:\/\/www.somatechnology.com\/spanish\/wp-json\/wp\/v2\/product_tag?post=8944"}],"curies":[{"name":"wp","href":"https:\/\/api.w.org\/{rel}","templated":true}]}}