{"id":8952,"date":"2018-03-07T17:15:47","date_gmt":"2018-03-07T17:15:47","guid":{"rendered":"https:\/\/www.somatechnology.com\/spanish\/?post_type=product&#038;p=8952"},"modified":"2025-06-25T16:27:35","modified_gmt":"2025-06-25T20:27:35","slug":"ge-versamed-ivent-201","status":"publish","type":"product","link":"https:\/\/www.somatechnology.com\/spanish\/equipo-medico-usado-remanufacturado\/ventiladores\/ge-versamed-ivent-201\/","title":{"rendered":"GE Versamed iVent 201"},"content":{"rendered":"<h2>CARACTER\u00cdSTICAS DE GE VERSAMED IVENT 201<\/h2>\n<p>El <strong>GE Versamed iVent 201<\/strong> ventilador tiene la versatilidad y capacidad de ventiladores m\u00e1s grandes y costosos. Este ventilador es un ventilador compacto, port\u00e1til y con m\u00faltiples funciones controlado por microprocesador. El ventilador iVent cuenta con una fuente de aire alimentada por turbina y una bater\u00eda interna recargable que permite prescindir de las tomas de aire y de energ\u00eda de la pared. Cuenta con una pantalla bien organizada y de f\u00e1cil lectura que permite un control r\u00e1pido y una monitorizaci\u00f3n continua en tiempo real de la ventilaci\u00f3n del paciente. El paquete de software opcional de forma de onda y diagn\u00f3stico muestra los datos de forma de onda de presi\u00f3n y flujo, bucles, tendencias y totales registrados en una variedad de modos gr\u00e1ficos y num\u00e9ricos.<\/p>\n<ul>\n<li>Bi-nivel adaptativo (NIV).<\/li>\n<li>Par\u00e1metros preestablecidos seg\u00fan el peso del paciente.<\/li>\n<li>Ventilaci\u00f3n de reserva de apnea.<\/li>\n<li>Tiempo de subida ajustable.<\/li>\n<li>Exhalaci\u00f3n f\u00e1cil.<\/li>\n<li>Respiraci\u00f3n de suspiro.<\/li>\n<li>Succi\u00f3n 100% O2.<\/li>\n<\/ul>\n","protected":false},"excerpt":{"rendered":"<p>El GE Versamed iVent 201 ventilador tiene la versatilidad y capacidad de ventiladores m\u00e1s grandes y costosos. Este ventilador es un ventilador compacto, port\u00e1til y con m\u00faltiples funciones controlado por microprocesador. El ventilador iVent cuenta con una fuente de aire alimentada por turbina y una bater\u00eda interna recargable que permite prescindir de las tomas de aire y de energ\u00eda de la pared. Cuenta con una pantalla bien organizada y de f\u00e1cil lectura que permite un control r\u00e1pido y una monitorizaci\u00f3n continua en tiempo real de la ventilaci\u00f3n del paciente. El paquete de software opcional de forma de onda y diagn\u00f3stico muestra los datos de forma de onda de presi\u00f3n y flujo, bucles, tendencias y totales registrados en una variedad de modos gr\u00e1ficos y num\u00e9ricos.<\/p>\n","protected":false},"featured_media":21842,"template":"","meta":{"_acf_changed":false,"_relevanssi_hide_post":"","_relevanssi_hide_content":"","_relevanssi_pin_for_all":"","_relevanssi_pin_keywords":"","_relevanssi_unpin_keywords":"","_relevanssi_related_keywords":"","_relevanssi_related_include_ids":"","_relevanssi_related_exclude_ids":"","_relevanssi_related_no_append":"","_relevanssi_related_not_related":"","_relevanssi_related_posts":"","_relevanssi_noindex_reason":"","inline_featured_image":false},"pwb-brand":[1100],"product_brand":[],"product_cat":[51,4780],"product_tag":[1677,224,1670,1671,1672,1674,1680,1676,1678,1032,1469,1028,1673,1675,1679],"class_list":{"0":"post-8952","1":"product","2":"type-product","3":"status-publish","4":"has-post-thumbnail","6":"pwb-brand-equipo-medico-ge","7":"product_cat-ventiladores","8":"product_cat-ventiladores-portatil","9":"product_tag-1677","10":"product_tag-ge","11":"product_tag-ge-ventilador","12":"product_tag-ge-ventiladores","13":"product_tag-ge-versamed","14":"product_tag-ge-versamed-ivent","15":"product_tag-ge-versamed-ivent-201","16":"product_tag-ivent","17":"product_tag-ivent-201","18":"product_tag-ventilador","19":"product_tag-ventiladore","20":"product_tag-ventiladores","21":"product_tag-versamed","22":"product_tag-versamed-ivent","23":"product_tag-versamed-ivent-201","25":"first","26":"instock","27":"shipping-taxable","28":"purchasable","29":"product-type-simple"},"acf":[],"brands":[{"id":1100,"name":"GE","slug":"equipo-medico-ge"}],"_links":{"self":[{"href":"https:\/\/www.somatechnology.com\/spanish\/wp-json\/wp\/v2\/product\/8952","targetHints":{"allow":["GET"]}}],"collection":[{"href":"https:\/\/www.somatechnology.com\/spanish\/wp-json\/wp\/v2\/product"}],"about":[{"href":"https:\/\/www.somatechnology.com\/spanish\/wp-json\/wp\/v2\/types\/product"}],"wp:featuredmedia":[{"embeddable":true,"href":"https:\/\/www.somatechnology.com\/spanish\/wp-json\/wp\/v2\/media\/21842"}],"wp:attachment":[{"href":"https:\/\/www.somatechnology.com\/spanish\/wp-json\/wp\/v2\/media?parent=8952"}],"wp:term":[{"taxonomy":"pwb-brand","embeddable":true,"href":"https:\/\/www.somatechnology.com\/spanish\/wp-json\/wp\/v2\/pwb-brand?post=8952"},{"taxonomy":"product_brand","embeddable":true,"href":"https:\/\/www.somatechnology.com\/spanish\/wp-json\/wp\/v2\/product_brand?post=8952"},{"taxonomy":"product_cat","embeddable":true,"href":"https:\/\/www.somatechnology.com\/spanish\/wp-json\/wp\/v2\/product_cat?post=8952"},{"taxonomy":"product_tag","embeddable":true,"href":"https:\/\/www.somatechnology.com\/spanish\/wp-json\/wp\/v2\/product_tag?post=8952"}],"curies":[{"name":"wp","href":"https:\/\/api.w.org\/{rel}","templated":true}]}}