{"id":8960,"date":"2018-03-07T17:52:47","date_gmt":"2018-03-07T17:52:47","guid":{"rendered":"https:\/\/www.somatechnology.com\/spanish\/?post_type=product&#038;p=8960"},"modified":"2023-08-23T06:23:11","modified_gmt":"2023-08-23T10:23:11","slug":"boston-scientific-endostat-iii","status":"publish","type":"product","link":"https:\/\/www.somatechnology.com\/spanish\/equipo-medico-usado-remanufacturado\/unidades-electroquirurgicas-electrobisturis\/boston-scientific-endostat-iii\/","title":{"rendered":"Boston Scientific Endostat III"},"content":{"rendered":"<div id=\"tabs\">\n<div class=\"tab-content\">\n<div id=\"descPane\" class=\"tab-pane active\">\n<div id=\"ctl00_ctl00_NestedMaster_PageContent_ctl00_ProductDescription1_DescriptionAjax\">\n<div class=\"widget productDescription\">\n<div class=\"innerSection\">\n<div class=\"content\">\n<div class=\"descriptionWrapper\">\n<h2>Caracter\u00edsticas del Boston Scientific Endostat III<\/h2>\n<p>El <strong>Endostat III<\/strong> est\u00e1 dise\u00f1ado para la compatibilidad con los cat\u00e9teres de electrohemostasia de inyecci\u00f3n Gold probe &#x2122; y Gold probe &#x2122;, trampas polipectom\u00eda, tomos de la esfinge y pinzas para biopsias calientes.<\/p>\n<ul>\n<li>Un sistema de energ\u00eda autolimitante que est\u00e1 dise\u00f1ado para limitar la profundidad de la penetraci\u00f3n de la quemadura.<\/li>\n<li>Una bomba de perist\u00e1ltica de velocidad variable destinada a proporcionar un riego exacto controlado.<\/li>\n<li>Dos modos bipolares: tiempo continuo o variable, dise\u00f1ado para variar la duraci\u00f3n de la entrega de energ\u00eda.<\/li>\n<li>Las capacidades monopolares del generador Endostat III est\u00e1n dise\u00f1adas para proporcionar a los m\u00e9dicos la capacidad de realizar ciertos procedimientos terap\u00e9uticos utilizando dispositivos monopolares est\u00e1ndar como trampas polipectom\u00eda, sphincterotomes y pinzas para biopsias calientes.<\/li>\n<li>Una selecci\u00f3n de cuatro formas de onda de RF individuales: coagulaci\u00f3n, mezcla, corte de control o corte.<\/li>\n<li>Recept\u00e1culos que aceptan cables activos monopolares ampliamente utilizados y electrodos dispersantes desechables (placas para pacientes o almohadillas de puesta a tierra).<\/li>\n<\/ul>\n<p>&nbsp;<\/p>\n<\/div>\n<\/div>\n<\/div>\n<\/div>\n<\/div>\n<\/div>\n<\/div>\n<\/div>\n","protected":false},"excerpt":{"rendered":"<p>Electrobisturis<\/p>\n","protected":false},"featured_media":11986,"template":"","meta":{"_acf_changed":false,"_relevanssi_hide_post":"","_relevanssi_hide_content":"","_relevanssi_pin_for_all":"","_relevanssi_pin_keywords":"","_relevanssi_unpin_keywords":"","_relevanssi_related_keywords":"","_relevanssi_related_include_ids":"","_relevanssi_related_exclude_ids":"","_relevanssi_related_no_append":"","_relevanssi_related_not_related":"","_relevanssi_related_posts":"","_relevanssi_noindex_reason":"","inline_featured_image":false},"pwb-brand":[1693],"product_brand":[],"product_cat":[76],"product_tag":[1700,4859,1699,1698,1896,4857,4858],"class_list":{"0":"post-8960","1":"product","2":"type-product","3":"status-publish","4":"has-post-thumbnail","6":"pwb-brand-electrobisturis-boston-scientific","7":"product_cat-unidades-electroquirurgicas-electrobisturis","8":"product_tag-boston-scientific","9":"product_tag-boston-scientific-electrobisturis","10":"product_tag-boston-scientific-endostat","11":"product_tag-boston-scientific-endostat-iii","12":"product_tag-electrobisturis","13":"product_tag-endostat","14":"product_tag-endostat-iii-electrobisturis","16":"first","17":"instock","18":"shipping-taxable","19":"purchasable","20":"product-type-simple"},"acf":[],"brands":[{"id":1693,"name":"Boston Scientific","slug":"electrobisturis-boston-scientific"}],"_links":{"self":[{"href":"https:\/\/www.somatechnology.com\/spanish\/wp-json\/wp\/v2\/product\/8960","targetHints":{"allow":["GET"]}}],"collection":[{"href":"https:\/\/www.somatechnology.com\/spanish\/wp-json\/wp\/v2\/product"}],"about":[{"href":"https:\/\/www.somatechnology.com\/spanish\/wp-json\/wp\/v2\/types\/product"}],"wp:featuredmedia":[{"embeddable":true,"href":"https:\/\/www.somatechnology.com\/spanish\/wp-json\/wp\/v2\/media\/11986"}],"wp:attachment":[{"href":"https:\/\/www.somatechnology.com\/spanish\/wp-json\/wp\/v2\/media?parent=8960"}],"wp:term":[{"taxonomy":"pwb-brand","embeddable":true,"href":"https:\/\/www.somatechnology.com\/spanish\/wp-json\/wp\/v2\/pwb-brand?post=8960"},{"taxonomy":"product_brand","embeddable":true,"href":"https:\/\/www.somatechnology.com\/spanish\/wp-json\/wp\/v2\/product_brand?post=8960"},{"taxonomy":"product_cat","embeddable":true,"href":"https:\/\/www.somatechnology.com\/spanish\/wp-json\/wp\/v2\/product_cat?post=8960"},{"taxonomy":"product_tag","embeddable":true,"href":"https:\/\/www.somatechnology.com\/spanish\/wp-json\/wp\/v2\/product_tag?post=8960"}],"curies":[{"name":"wp","href":"https:\/\/api.w.org\/{rel}","templated":true}]}}