{"id":8961,"date":"2018-03-07T17:48:30","date_gmt":"2018-03-07T17:48:30","guid":{"rendered":"https:\/\/www.somatechnology.com\/spanish\/?post_type=product&#038;p=8961"},"modified":"2025-09-23T10:52:44","modified_gmt":"2025-09-23T14:52:44","slug":"vyaire-carefusion-ltv","status":"publish","type":"product","link":"https:\/\/www.somatechnology.com\/spanish\/equipo-medico-usado-remanufacturado\/ventiladores\/vyaire-carefusion-ltv\/","title":{"rendered":"Vyaire CareFusion LTV Series"},"content":{"rendered":"<h2>Vyaire CareFusion LTV Series<\/h2>\n<p>Para los pacientes que requieren ventilaci\u00f3n por volumen, el ventilador de la serie LTV \u00ae ofrece de manera rentable modos de ventilaci\u00f3n invasivos y no invasivos en soporte de presi\u00f3n, control de volumen y tipos de respiraci\u00f3n espont\u00e1nea. Peque\u00f1o y f\u00e1cil de usar, tambi\u00e9n proporciona portabilidad para los pacientes en el movimiento o en el hogar, ya sea en un stand, en una mochila o en un transportista personalizado.<\/p>\n<h3>Informaci\u00f3n General<\/h3>\n<ul>\n<li>Ventilaci\u00f3n de alto rendimiento en un peque\u00f1o paquete ligero (10 \u00abx 12\u00bb x 3 \u00ab, 13.4 lbs).<\/li>\n<li>La tecnolog\u00eda de turbinas permite que el ventilador de la serie LTV funcione sin una fuente externa de gas comprimido.<\/li>\n<li>Modos de ventilaci\u00f3n CPAP5, SIMV6, control, Assist\/control y apnea.<\/li>\n<li>Ventilaci\u00f3n del modo NPPV7, proporcionando un paquete de alarma adecuado para la ventilaci\u00f3n de la mascarilla de los pacientes que no requieren ventilaci\u00f3n de soporte vital.<\/li>\n<li>Control de volumen, control de presi\u00f3n (opcional) y ventilaci\u00f3n de soporte de presi\u00f3n.<\/li>\n<li>Ajustes variables de la alarma incluyendo alta presi\u00f3n m\u00e1xima, presi\u00f3n baja del pico, volumen de minuto bajo, apnea, alta tarifa de la respiraci\u00f3n, y alto P\u00edo.<\/li>\n<li>Mezcla de ox\u00edgeno a partir de una fuente de ox\u00edgeno de alta presi\u00f3n, de baja presi\u00f3n de ox\u00edgeno de sangrado, descarga de O2, y el control de la duraci\u00f3n del cilindro de O2 en el LTV \u00ae 1000, y de baja presi\u00f3n de ox\u00edgeno de sangrado en el LTV \u00ae 950 y 900.<\/li>\n<li>Controles del panel frontal con cerradura.<\/li>\n<li>Monitores para la velocidad de respiraci\u00f3n (f), relaci\u00f3n I:E, mapa, ventilaci\u00f3n minuciosa (ve), PEEP, PIP y volumen de marea (TEV).<\/li>\n<li>Pantalla de presi\u00f3n del circuito del paciente en tiempo real con indicador de presi\u00f3n inspiratoria Peak.<\/li>\n<li>Las condiciones de terminaci\u00f3n variables para el apoyo a la presi\u00f3n respira, incluyendo la terminaci\u00f3n inspiratoria m\u00e1xima del tiempo y el porcentaje del flujo m\u00e1ximo.<\/li>\n<li>Porcentaje seleccionable de la terminaci\u00f3n del flujo m\u00e1ximo para el control de presi\u00f3n respira.<\/li>\n<li>Compensaci\u00f3n de fugas para mejorar la activaci\u00f3n cuando hay una fuga de circuito.<\/li>\n<li>Capacidad de salida de tono simple o doble.<\/li>\n<li>Operaci\u00f3n de una variedad de fuentes de energ\u00eda incluyendo energ\u00eda de la CA, bater\u00eda interna, y fuentes de energ\u00eda.<\/li>\n<\/ul>\n<p>&nbsp;<\/p>\n","protected":false},"excerpt":{"rendered":"<p>Para los pacientes que requieren ventilaci\u00f3n por volumen, el ventilador de la serie LTV \u00ae ofrece de manera rentable modos de ventilaci\u00f3n invasivos y no invasivos en soporte de presi\u00f3n, control de volumen y tipos de respiraci\u00f3n espont\u00e1nea. Peque\u00f1o y f\u00e1cil de usar, tambi\u00e9n proporciona portabilidad para los pacientes en el movimiento o en el hogar, ya sea en un stand, en una mochila o en un transportista personalizado.<\/p>\n","protected":false},"featured_media":9694,"template":"","meta":{"_acf_changed":false,"_relevanssi_hide_post":"","_relevanssi_hide_content":"","_relevanssi_pin_for_all":"","_relevanssi_pin_keywords":"","_relevanssi_unpin_keywords":"","_relevanssi_related_keywords":"","_relevanssi_related_include_ids":"","_relevanssi_related_exclude_ids":"","_relevanssi_related_no_append":"","_relevanssi_related_not_related":"","_relevanssi_related_posts":"","_relevanssi_noindex_reason":"","inline_featured_image":false},"pwb-brand":[1117],"product_brand":[],"product_cat":[51,4780],"product_tag":[1025,1697,1694,1695,1032,1469,1028,1024,1696],"class_list":{"0":"post-8961","1":"product","2":"type-product","3":"status-publish","4":"has-post-thumbnail","6":"pwb-brand-desfibriladores-zoll","7":"product_cat-ventiladores","8":"product_cat-ventiladores-portatil","9":"product_tag-carefusion","10":"product_tag-carefusion-ltv","11":"product_tag-ltv","12":"product_tag-ltv-series","13":"product_tag-ventilador","14":"product_tag-ventiladore","15":"product_tag-ventiladores","16":"product_tag-vyaire","17":"product_tag-vyaire-ltv","19":"first","20":"instock","21":"shipping-taxable","22":"purchasable","23":"product-type-simple"},"acf":[],"brands":[{"id":1117,"name":"Zoll","slug":"desfibriladores-zoll"}],"_links":{"self":[{"href":"https:\/\/www.somatechnology.com\/spanish\/wp-json\/wp\/v2\/product\/8961","targetHints":{"allow":["GET"]}}],"collection":[{"href":"https:\/\/www.somatechnology.com\/spanish\/wp-json\/wp\/v2\/product"}],"about":[{"href":"https:\/\/www.somatechnology.com\/spanish\/wp-json\/wp\/v2\/types\/product"}],"wp:featuredmedia":[{"embeddable":true,"href":"https:\/\/www.somatechnology.com\/spanish\/wp-json\/wp\/v2\/media\/9694"}],"wp:attachment":[{"href":"https:\/\/www.somatechnology.com\/spanish\/wp-json\/wp\/v2\/media?parent=8961"}],"wp:term":[{"taxonomy":"pwb-brand","embeddable":true,"href":"https:\/\/www.somatechnology.com\/spanish\/wp-json\/wp\/v2\/pwb-brand?post=8961"},{"taxonomy":"product_brand","embeddable":true,"href":"https:\/\/www.somatechnology.com\/spanish\/wp-json\/wp\/v2\/product_brand?post=8961"},{"taxonomy":"product_cat","embeddable":true,"href":"https:\/\/www.somatechnology.com\/spanish\/wp-json\/wp\/v2\/product_cat?post=8961"},{"taxonomy":"product_tag","embeddable":true,"href":"https:\/\/www.somatechnology.com\/spanish\/wp-json\/wp\/v2\/product_tag?post=8961"}],"curies":[{"name":"wp","href":"https:\/\/api.w.org\/{rel}","templated":true}]}}