{"id":8981,"date":"2018-03-07T19:40:39","date_gmt":"2018-03-07T19:40:39","guid":{"rendered":"https:\/\/www.somatechnology.com\/spanish\/?post_type=product&#038;p=8981"},"modified":"2026-04-24T13:08:59","modified_gmt":"2026-04-24T17:08:59","slug":"conmed-aer-defense-electrosurgical-unit","status":"publish","type":"product","link":"https:\/\/www.somatechnology.com\/spanish\/equipo-medico-usado-remanufacturado\/unidades-electroquirurgicas-electrobisturis\/conmed-aer-defense-electrosurgical-unit\/","title":{"rendered":"Conmed Aer Defense Electrosurgical Unit"},"content":{"rendered":"<div id=\"tabs\">\n<div class=\"tab-content\">\n<div id=\"descPane\" class=\"tab-pane active\">\n<div id=\"ctl00_ctl00_NestedMaster_PageContent_ctl00_ProductDescription1_DescriptionAjax\">\n<div class=\"widget productDescription\">\n<div class=\"innerSection\">\n<div class=\"content\">\n<div class=\"descriptionWrapper\">\n<h2>Caracter\u00edsticas del Unidad Electroquir\u00fargica Conmed Aer Defense<\/h2>\n<p>M\u00e1s de 80 diversos compuestos org\u00e1nicos, incluyendo una gama de subproductos qu\u00edmicos t\u00f3xicos, se han identificado en penachos quir\u00fargicos del humo. El sistema de evacuador del humo de la defensa de AER de Conmed se ha dise\u00f1ado para proporcionar a los pacientes y o al personal la protecci\u00f3n eficiente contra las part\u00edculas da\u00f1osas en humo y aerosoles quir\u00fargicos.<\/p>\n<p>Reduce el riesgo de infecci\u00f3n: el sistema de defensa AER captura y filtra el humo quir\u00fargico para eliminar las bacterias potencialmente peligrosas e infecciosas y los virus del medio ambiente. Esto reduce masivamente el riesgo de contraer infecciones para el personal quir\u00fargico. Adem\u00e1s, este sistema quita olores nocivos del sitio de funcionamiento, asegurando una m\u00e1s agradable o experiencia. Silenciosamente eficientes: este sistema es accionado por un motor del dual-etapa, que permite capacidades m\u00e1s eficientes de la succi\u00f3n. Tambi\u00e9n resulta en menos producci\u00f3n de ruido \u2013 la defensa de AER es 11% (7dBA) m\u00e1s silencioso que el anterior modelo de evacuaci\u00f3n de humos de Conmed.<\/p>\n<p>Impresionante funcionalidad y eficiencia: dise\u00f1ada para ofrecer una versatilidad excepcional en el or, Aer Defense ofrece cuatro modos operativos especializados: autom\u00e1tico, laparosc\u00f3pico, continuo y activaci\u00f3n de pedal. Esto permite al personal quir\u00fargico su elecci\u00f3n de activaci\u00f3n y uso. El sistema de defensa de AER utiliza ULPA graduado FilterOne, que tiene 99,9995% de eficacia en 0.1 \u03bc (micr\u00f3n) tama\u00f1o de part\u00edcula, proporcionando la filtraci\u00f3n y la limpieza incre\u00edblemente eficaces. La vida de estos filtros es calculada por el flujo de aire, permitiendo una vida \u00fatil m\u00e1s larga de 35 horas.<\/p>\n<h3>F\u00e1cil de usar<\/h3>\n<p>AER Defense es compatible con las Unidades Electroquir\u00fargicas de otros fabricantes. Cuenta con un indicador LED que muestra la vida \u00fatil del filtro para maximizar la eficiencia. El sistema es un tama\u00f1o peque\u00f1o para caber en un carro o un brazo del auge e incluye una manija que lleva incorporada para el transporte f\u00e1cil.<\/p>\n<p>&nbsp;<\/p>\n<\/div>\n<\/div>\n<\/div>\n<\/div>\n<\/div>\n<\/div>\n<\/div>\n<\/div>\n","protected":false},"excerpt":{"rendered":"<p>Electrobisturis<\/p>\n","protected":false},"featured_media":33691,"template":"","meta":{"_acf_changed":false,"_relevanssi_hide_post":"","_relevanssi_hide_content":"","_relevanssi_pin_for_all":"","_relevanssi_pin_keywords":"","_relevanssi_unpin_keywords":"","_relevanssi_related_keywords":"","_relevanssi_related_include_ids":"","_relevanssi_related_exclude_ids":"","_relevanssi_related_no_append":"","_relevanssi_related_not_related":"","_relevanssi_related_posts":"","_relevanssi_noindex_reason":"","inline_featured_image":false},"pwb-brand":[1168],"product_brand":[],"product_cat":[76,9627],"product_tag":[1528,1738,1737,1736,1735],"class_list":{"0":"post-8981","1":"product","2":"type-product","3":"status-publish","4":"has-post-thumbnail","6":"pwb-brand-electrobisturis-conmed","7":"product_cat-unidades-electroquirurgicas-electrobisturis","8":"product_cat-evacuadores-de-humo","9":"product_tag-conmed","10":"product_tag-conmed-aer","11":"product_tag-conmed-aer-defense","12":"product_tag-conmed-aer-defense-electrosurgical","13":"product_tag-conmed-aer-defense-electrosurgical-unit","15":"first","16":"instock","17":"shipping-taxable","18":"purchasable","19":"product-type-simple"},"acf":[],"brands":[{"id":1168,"name":"Conmed","slug":"electrobisturis-conmed"}],"_links":{"self":[{"href":"https:\/\/www.somatechnology.com\/spanish\/wp-json\/wp\/v2\/product\/8981","targetHints":{"allow":["GET"]}}],"collection":[{"href":"https:\/\/www.somatechnology.com\/spanish\/wp-json\/wp\/v2\/product"}],"about":[{"href":"https:\/\/www.somatechnology.com\/spanish\/wp-json\/wp\/v2\/types\/product"}],"wp:featuredmedia":[{"embeddable":true,"href":"https:\/\/www.somatechnology.com\/spanish\/wp-json\/wp\/v2\/media\/33691"}],"wp:attachment":[{"href":"https:\/\/www.somatechnology.com\/spanish\/wp-json\/wp\/v2\/media?parent=8981"}],"wp:term":[{"taxonomy":"pwb-brand","embeddable":true,"href":"https:\/\/www.somatechnology.com\/spanish\/wp-json\/wp\/v2\/pwb-brand?post=8981"},{"taxonomy":"product_brand","embeddable":true,"href":"https:\/\/www.somatechnology.com\/spanish\/wp-json\/wp\/v2\/product_brand?post=8981"},{"taxonomy":"product_cat","embeddable":true,"href":"https:\/\/www.somatechnology.com\/spanish\/wp-json\/wp\/v2\/product_cat?post=8981"},{"taxonomy":"product_tag","embeddable":true,"href":"https:\/\/www.somatechnology.com\/spanish\/wp-json\/wp\/v2\/product_tag?post=8981"}],"curies":[{"name":"wp","href":"https:\/\/api.w.org\/{rel}","templated":true}]}}