{"id":8987,"date":"2018-03-08T13:53:03","date_gmt":"2018-03-08T13:53:03","guid":{"rendered":"https:\/\/www.somatechnology.com\/spanish\/?post_type=product&#038;p=8987"},"modified":"2025-06-25T16:25:00","modified_gmt":"2025-06-25T20:25:00","slug":"bear-cub-750-psv","status":"publish","type":"product","link":"https:\/\/www.somatechnology.com\/spanish\/equipo-medico-usado-remanufacturado\/ventiladores\/bear-cub-750-psv\/","title":{"rendered":"Bear Cub 750 PSV"},"content":{"rendered":"<h2>Bear Cub 750 PSV<\/h2>\n<p>El ventilador Bear Cub 750 VP se puede clasificar como un microprocesador controlado, ciclo de tiempo, presi\u00f3n limitada, flujo dual, neonatal\/ventilador de cuidado cr\u00edtico pedi\u00e1trico. Las respiraciones se inician ya sea por el ventilador (controlado), por la actividad del paciente (asistida), o por el operador (manual).<\/p>\n<ul>\n<li>Ventilador neum\u00e1tico<\/li>\n<li>Acondicionamiento de entrada de gas<\/li>\n<li>Mezcla exacta de gases en la licuadora de O2<\/li>\n<li>V\u00e1lvula de control de caudal<\/li>\n<li>Salida de gas auxiliar<\/li>\n<li>Sistema de control de presi\u00f3n<\/li>\n<li>Sensor de caudal<\/li>\n<\/ul>\n<h3>Controles<\/h3>\n<ul>\n<li>Modo: CA del ciclo de flujo, CA, SIMV\/IMV, SIMV\/PSV, flujo ciclado SIMV CPAP\/PSV<\/li>\n<li>Tarifa: 1 a 150 BPM<\/li>\n<li>Tiempo inspiratorio: 0.1 a 3.0 sec<\/li>\n<li>P\u00edo: 0 a 30 cmH2O<\/li>\n<li>Presi\u00f3n inspiratoria: 0 a 72 cmH2O<\/li>\n<li>Respiraci\u00f3n manual: x1<\/li>\n<li>Sensibilidad de la ayuda: 0.02 a 5.0 L\/min<\/li>\n<li>Relevaci\u00f3n de la presi\u00f3n excesiva: 15 a 75 cmH2O<\/li>\n<li>% O2:21 a 100%<\/li>\n<li>Alarma de la apnea (seleccionable): 5, 10, 20 o 30 sec<\/li>\n<\/ul>\n<h3>Monitores<\/h3>\n<ul>\n<li>Frecuencia de respiraci\u00f3n: 0 a 255 BPM<\/li>\n<li>Indicador Iniciado por el paciente: LED<\/li>\n<li>Volumen minucioso: 0 a 30.0 L\/min<\/li>\n<li>Volumen de marea: 0 a 500 ml (inspirado y expirado)<\/li>\n<li>Lea del tubo: k 0 a 100%<\/li>\n<li>Tiempo inspiratorio: 0.1 a 3.10 sec<\/li>\n<li>Tiempo expiratorio: 0 a 99.9 sec<\/li>\n<li>Cociente de I:E: 9.1 a 1:9.9<\/li>\n<li>Presi\u00f3n inspiratoria m\u00e1xima: 0 a 99 cmH2O<\/li>\n<li>Presi\u00f3n media de la v\u00eda a\u00e9rea: 0 a 75,0 cmH2O<\/li>\n<li>P\u00edo: 0 a 30.0 cmH2O<\/li>\n<li>Presi\u00f3n de aire: 0 a 100 psig<\/li>\n<li>Presi\u00f3n de O2:0 a 100 psig<\/li>\n<li>Presi\u00f3n pr\u00f3xima de la v\u00eda a\u00e9rea: 10 a 100 cmH2O (calibrador)<\/li>\n<li>Contador: 0 a 99.999 horas<\/li>\n<li>Test: pulsador<\/li>\n<\/ul>\n<h3>Alarmas \/ Limites<\/h3>\n<ul>\n<li>Alta tarifa de la respiraci\u00f3n: 3 a 255 BPM<\/li>\n<li>PEEP\/CPAP bajo:-5 a 30 cmH2O<\/li>\n<li>Presi\u00f3n inspiratoria baja: 0.25 (l\u00edmite de alta presi\u00f3n-PEEP\/CPAP bajo) + PEEP\/CPAP bajos<\/li>\n<li>Circuito del paciente: LED encendido\/apagado<\/li>\n<li>No se pudo ciclar: encendido\/apagado<\/li>\n<li>Suministro de gas bajo: LED encendido\/apagado<\/li>\n<li>Apnea: LED ON\/OFF<\/li>\n<li>Ajustes de la presi\u00f3n incompatibles: LED encendido\/apagado<\/li>\n<li>Presi\u00f3n inspiratoria prolongada: LED encendido\/apagado<\/li>\n<li>Sensor de caudal: LED encendido\/apagado<\/li>\n<li>Bater\u00eda baja: LED encendido\/apagado<\/li>\n<li>Silencio de la alarma: 60 sec<\/li>\n<li>RESET visual: pulsador<\/li>\n<li>L\u00edmite de alta presi\u00f3n: 10 a 75 cmH2O<\/li>\n<li>L\u00ednea energ\u00eda: LED verde\/rojo<\/li>\n<\/ul>\n<p>&nbsp;<\/p>\n","protected":false},"excerpt":{"rendered":"<p>El ventilador Bear Cub 750 VP se puede clasificar como un microprocesador controlado, ciclo de tiempo, presi\u00f3n limitada, flujo dual, neonatal\/ventilador de cuidado cr\u00edtico pedi\u00e1trico. Las respiraciones se inician ya sea por el ventilador (controlado), por la actividad del paciente (asistida), o por el operador (manual).<\/p>\n","protected":false},"featured_media":22004,"template":"","meta":{"_acf_changed":false,"_relevanssi_hide_post":"","_relevanssi_hide_content":"","_relevanssi_pin_for_all":"","_relevanssi_pin_keywords":"","_relevanssi_unpin_keywords":"","_relevanssi_related_keywords":"","_relevanssi_related_include_ids":"","_relevanssi_related_exclude_ids":"","_relevanssi_related_no_append":"","_relevanssi_related_not_related":"","_relevanssi_related_posts":"","_relevanssi_noindex_reason":"","inline_featured_image":false},"pwb-brand":[1344],"product_brand":[],"product_cat":[51],"product_tag":[390,1746,1739,1740,1743,1745,1741,1747,1748,1744,1032,1469,1028],"class_list":{"0":"post-8987","1":"product","2":"type-product","3":"status-publish","4":"has-post-thumbnail","6":"pwb-brand-ventiladores-bear","7":"product_cat-ventiladores","8":"product_tag-390","9":"product_tag-750-psv","10":"product_tag-bear","11":"product_tag-bear-cub","12":"product_tag-bear-cub-750","13":"product_tag-bear-cub-750-psv","14":"product_tag-cub","15":"product_tag-cub-750","16":"product_tag-cub-750-psv","17":"product_tag-psv","18":"product_tag-ventilador","19":"product_tag-ventiladore","20":"product_tag-ventiladores","22":"first","23":"instock","24":"shipping-taxable","25":"purchasable","26":"product-type-simple"},"acf":[],"brands":[{"id":1344,"name":"Bear","slug":"ventiladores-bear"}],"_links":{"self":[{"href":"https:\/\/www.somatechnology.com\/spanish\/wp-json\/wp\/v2\/product\/8987","targetHints":{"allow":["GET"]}}],"collection":[{"href":"https:\/\/www.somatechnology.com\/spanish\/wp-json\/wp\/v2\/product"}],"about":[{"href":"https:\/\/www.somatechnology.com\/spanish\/wp-json\/wp\/v2\/types\/product"}],"wp:featuredmedia":[{"embeddable":true,"href":"https:\/\/www.somatechnology.com\/spanish\/wp-json\/wp\/v2\/media\/22004"}],"wp:attachment":[{"href":"https:\/\/www.somatechnology.com\/spanish\/wp-json\/wp\/v2\/media?parent=8987"}],"wp:term":[{"taxonomy":"pwb-brand","embeddable":true,"href":"https:\/\/www.somatechnology.com\/spanish\/wp-json\/wp\/v2\/pwb-brand?post=8987"},{"taxonomy":"product_brand","embeddable":true,"href":"https:\/\/www.somatechnology.com\/spanish\/wp-json\/wp\/v2\/product_brand?post=8987"},{"taxonomy":"product_cat","embeddable":true,"href":"https:\/\/www.somatechnology.com\/spanish\/wp-json\/wp\/v2\/product_cat?post=8987"},{"taxonomy":"product_tag","embeddable":true,"href":"https:\/\/www.somatechnology.com\/spanish\/wp-json\/wp\/v2\/product_tag?post=8987"}],"curies":[{"name":"wp","href":"https:\/\/api.w.org\/{rel}","templated":true}]}}