{"id":8989,"date":"2018-03-08T14:00:35","date_gmt":"2018-03-08T14:00:35","guid":{"rendered":"https:\/\/www.somatechnology.com\/spanish\/?post_type=product&#038;p=8989"},"modified":"2025-09-23T10:52:31","modified_gmt":"2025-09-23T14:52:31","slug":"vyaire-carefusion-avea","status":"publish","type":"product","link":"https:\/\/www.somatechnology.com\/spanish\/equipo-medico-usado-remanufacturado\/ventiladores\/vyaire-carefusion-avea\/","title":{"rendered":"Vyaire CareFusion Avea"},"content":{"rendered":"<h2>CARACTER\u00cdSTICAS DE VYAIRE CAREFUSION AVEA<\/h2>\n<p>El <strong>Vyaire CareFusion Avea<\/strong> proporciona una ventilaci\u00f3n integral de cuidados cr\u00edticos para los pacientes m\u00e1s peque\u00f1os de la UCIN hasta los ni\u00f1os y adultos con enfermedades respiratorias complejas. El ventilador Vyaire CareFusion Avea proporciona ventilaci\u00f3n invasiva y no invasiva para todo tipo de pacientes. La capnograf\u00eda volum\u00e9trica y la monitorizaci\u00f3n de la presi\u00f3n transpulmonar, en el ventilador Vyaire Avea, tienen la capacidad de aportar a los m\u00e9dicos y a la direcci\u00f3n del hospital informaci\u00f3n procesable para ayudar a abordar mejor los retos cl\u00ednicos y operativos en la atenci\u00f3n al paciente.<\/p>\n<p>El Vyaire CareFusion Avea lleva <strong>integrada la tecnolog\u00eda BiCore<\/strong> para la monitorizaci\u00f3n pulmonar avanzada. Dispone de puertos de conexi\u00f3n en el panel frontal para cat\u00e9teres de bal\u00f3n esof\u00e1gico, cat\u00e9teres traqueales y sensores bajos proximales. La administraci\u00f3n de Heliox, Pflex, nCPAP y el exclusivo compresor de bomba scroll son caracter\u00edsticas est\u00e1ndar.<\/p>\n<ul>\n<li>Este ventilador ofrece un sistema de <strong>administraci\u00f3n de gas de precisi\u00f3n<\/strong> que suministra vol\u00famenes exactos.<\/li>\n<li>La v\u00e1lvula de exhalaci\u00f3n activa del CareFusion Avea favorece la sincron\u00eda del ventilador y la comodidad de sus pacientes.<\/li>\n<li>La capnograf\u00eda volum\u00e9trica ofrece a los m\u00e9dicos <strong>herramientas m\u00e1s precisas<\/strong> para ayudar a reaccionar m\u00e1s r\u00e1pidamente en situaciones cr\u00edticas.<\/li>\n<li>Mediciones precisas de la presi\u00f3n esof\u00e1gica.<\/li>\n<\/ul>\n<p>El Avea ofrece una amplia gama de modos y funciones avanzadas que le permiten centrarse en el paciente, no en el equipo:<\/p>\n<ul>\n<li>Capnograf\u00eda volum\u00e9trica: equipado con esta opci\u00f3n, este ventilador a\u00f1ade otra pieza clave de informaci\u00f3n para proporcionar una mejor supervisi\u00f3n del estado del paciente. Cuando se combina con la exclusiva tecnolog\u00eda BiCore, esta potente herramienta proporciona la gama de monitorizaci\u00f3n m\u00e1s completa de todos los ventiladores disponibles.<\/li>\n<li>Sistema de suministro de gas de precisi\u00f3n: suministra vol\u00famenes tidales precisos de 2 mL a 2,5 L y fue el primero de su clase en compensar autom\u00e1ticamente el suministro de gas heliox.<\/li>\n<li>Compresor a bordo: el compresor de aire a bordo opcional puede satisfacer las necesidades de su paciente, ya sea en la unidad de cuidados intensivos (UCI) o en el traslado a la tomograf\u00eda computarizada (TC). Este potente compresor scroll s\u00f3lo se encuentra en el ventilador y es capaz de hacer funcionar el ventilador hasta dos horas con la bater\u00eda.<\/li>\n<li>Comunicaci\u00f3n: se pueden seleccionar tres protocolos serie diferentes desde la pantalla de utilidades para simplificar la integraci\u00f3n con los sistemas de informaci\u00f3n del hospital o la monitorizaci\u00f3n remota de alarmas.<\/li>\n<\/ul>\n","protected":false},"excerpt":{"rendered":"<p>El Vyaire CareFusion Avea proporciona una ventilaci\u00f3n integral de cuidados cr\u00edticos para los pacientes m\u00e1s peque\u00f1os de la UCIN hasta los ni\u00f1os y adultos con enfermedades respiratorias complejas. El ventilador Vyaire CareFusion Avea proporciona ventilaci\u00f3n invasiva y no invasiva para todo tipo de pacientes. La capnograf\u00eda volum\u00e9trica y la monitorizaci\u00f3n de la presi\u00f3n transpulmonar, en el ventilador Vyaire Avea, tienen la capacidad de aportar a los m\u00e9dicos y a la direcci\u00f3n del hospital informaci\u00f3n procesable para ayudar a abordar mejor los retos cl\u00ednicos y operativos en la atenci\u00f3n al paciente.<\/p>\n","protected":false},"featured_media":22132,"template":"","meta":{"_acf_changed":false,"_relevanssi_hide_post":"","_relevanssi_hide_content":"","_relevanssi_pin_for_all":"","_relevanssi_pin_keywords":"","_relevanssi_unpin_keywords":"","_relevanssi_related_keywords":"","_relevanssi_related_include_ids":"","_relevanssi_related_exclude_ids":"","_relevanssi_related_no_append":"","_relevanssi_related_not_related":"","_relevanssi_related_posts":"","_relevanssi_noindex_reason":"","inline_featured_image":false},"pwb-brand":[1117],"product_brand":[],"product_cat":[51],"product_tag":[1749,1025,1751,1032,1469,1028,1024,1750,1752],"class_list":{"0":"post-8989","1":"product","2":"type-product","3":"status-publish","4":"has-post-thumbnail","6":"pwb-brand-desfibriladores-zoll","7":"product_cat-ventiladores","8":"product_tag-avea","9":"product_tag-carefusion","10":"product_tag-carefusion-avea","11":"product_tag-ventilador","12":"product_tag-ventiladore","13":"product_tag-ventiladores","14":"product_tag-vyaire","15":"product_tag-vyaire-avea","16":"product_tag-vyaire-carefusion-avea","18":"first","19":"instock","20":"shipping-taxable","21":"purchasable","22":"product-type-simple"},"acf":[],"brands":[{"id":1117,"name":"Zoll","slug":"desfibriladores-zoll"}],"_links":{"self":[{"href":"https:\/\/www.somatechnology.com\/spanish\/wp-json\/wp\/v2\/product\/8989","targetHints":{"allow":["GET"]}}],"collection":[{"href":"https:\/\/www.somatechnology.com\/spanish\/wp-json\/wp\/v2\/product"}],"about":[{"href":"https:\/\/www.somatechnology.com\/spanish\/wp-json\/wp\/v2\/types\/product"}],"wp:featuredmedia":[{"embeddable":true,"href":"https:\/\/www.somatechnology.com\/spanish\/wp-json\/wp\/v2\/media\/22132"}],"wp:attachment":[{"href":"https:\/\/www.somatechnology.com\/spanish\/wp-json\/wp\/v2\/media?parent=8989"}],"wp:term":[{"taxonomy":"pwb-brand","embeddable":true,"href":"https:\/\/www.somatechnology.com\/spanish\/wp-json\/wp\/v2\/pwb-brand?post=8989"},{"taxonomy":"product_brand","embeddable":true,"href":"https:\/\/www.somatechnology.com\/spanish\/wp-json\/wp\/v2\/product_brand?post=8989"},{"taxonomy":"product_cat","embeddable":true,"href":"https:\/\/www.somatechnology.com\/spanish\/wp-json\/wp\/v2\/product_cat?post=8989"},{"taxonomy":"product_tag","embeddable":true,"href":"https:\/\/www.somatechnology.com\/spanish\/wp-json\/wp\/v2\/product_tag?post=8989"}],"curies":[{"name":"wp","href":"https:\/\/api.w.org\/{rel}","templated":true}]}}