{"id":9017,"date":"2018-03-09T13:56:43","date_gmt":"2018-03-09T13:56:43","guid":{"rendered":"https:\/\/www.somatechnology.com\/spanish\/?post_type=product&#038;p=9017"},"modified":"2025-09-23T10:51:59","modified_gmt":"2025-09-23T14:51:59","slug":"covidien-newport-e360","status":"publish","type":"product","link":"https:\/\/www.somatechnology.com\/spanish\/equipo-medico-usado-remanufacturado\/ventiladores\/covidien-newport-e360\/","title":{"rendered":"Covidien Newport e360"},"content":{"rendered":"<h2>CARACTER\u00cdSTICAS DE COVIDIEN NEWPORT e360<\/h2>\n<p>El Covidien Newport e360 es un ventilador que puede funcionar para pacientes adultos y pedi\u00e1tricos.El ventilador E360 ofrece opciones de ventilaci\u00f3n tanto no invasivas como invasivas. El ventilador Newport viene de serie con un completo sistema de alarma junto con una bater\u00eda interna de reserva. El ventilador puede contener hasta 1.0000 registros que se pueden guardar o descargar.<\/p>\n<ul>\n<li>Este vers\u00e1til ventilador admite pacientes desde beb\u00e9s hasta adultos en entornos de cuidados intensivos o de larga duraci\u00f3n.<\/li>\n<li>El tama\u00f1o compacto del ventilador facilita el transporte intrahospitalario.<\/li>\n<li>Una interfaz de usuario intuitiva permite el acceso directo a los controles m\u00e1s utilizados e incluye funciones m\u00e1s avanzadas en la pantalla gr\u00e1fica t\u00e1ctil, sin men\u00fas ocultos.<\/li>\n<li>Las caracter\u00edsticas automatizadas del ventilador trabajan juntas para a\u00f1adir m\u00e1s eficiencia a las operaciones diarias para apoyar la liberaci\u00f3n del ventilador en la primera oportunidad posible.<\/li>\n<li>La funci\u00f3n patentada FlexCycle utiliza un algoritmo \u00fanico controlado por retroalimentaci\u00f3n para gestionar autom\u00e1ticamente el umbral de presi\u00f3n de soporte o de presi\u00f3n de volumen objetivo (VTPS), respiraci\u00f3n a respiraci\u00f3n.<\/li>\n<li>La compensaci\u00f3n autom\u00e1tica de fugas gestiona autom\u00e1ticamente el flujo de polarizaci\u00f3n al tiempo que mantiene el umbral de activaci\u00f3n del flujo para una activaci\u00f3n m\u00e1s fiable.<\/li>\n<li>La inclinaci\u00f3n\/elevaci\u00f3n autom\u00e1tica* o ajustable permite el ajuste autom\u00e1tico o manual de la configuraci\u00f3n de la inclinaci\u00f3n\/elevaci\u00f3n para permitir a los m\u00e9dicos minimizar el trabajo impuesto de la respiraci\u00f3n y maximizar la comodidad del paciente.<\/li>\n<li>La gesti\u00f3n adaptativa de la respiraci\u00f3n de doble control, para el control de la presi\u00f3n objetivo del volumen (VTPC) y el soporte de la presi\u00f3n objetivo del volumen (VTPS), aplica autom\u00e1ticamente la presi\u00f3n de conducci\u00f3n m\u00e1s baja posible dentro del l\u00edmite de presi\u00f3n establecido para suministrar el volumen tidal objetivo.<\/li>\n<\/ul>\n","protected":false},"excerpt":{"rendered":"<p>El Covidien Newport e360 es un ventilador que puede funcionar para pacientes adultos y pedi\u00e1tricos.El ventilador E360 ofrece opciones de ventilaci\u00f3n tanto no invasivas como invasivas. El ventilador Newport viene de serie con un completo sistema de alarma junto con una bater\u00eda interna de reserva. El ventilador puede contener hasta 1.0000 registros que se pueden guardar o descargar.<\/p>\n","protected":false},"featured_media":21564,"template":"","meta":{"_acf_changed":false,"_relevanssi_hide_post":"","_relevanssi_hide_content":"","_relevanssi_pin_for_all":"","_relevanssi_pin_keywords":"","_relevanssi_unpin_keywords":"","_relevanssi_related_keywords":"","_relevanssi_related_include_ids":"","_relevanssi_related_exclude_ids":"","_relevanssi_related_no_append":"","_relevanssi_related_not_related":"","_relevanssi_related_posts":"","_relevanssi_noindex_reason":"","inline_featured_image":false},"pwb-brand":[1107],"product_brand":[],"product_cat":[51],"product_tag":[352,1796,1793,1795,1485,1794,1797,1032,1469,1028],"class_list":{"0":"post-9017","1":"product","2":"type-product","3":"status-publish","4":"has-post-thumbnail","6":"pwb-brand-equipo-medico-medtronic","7":"product_cat-ventiladores","8":"product_tag-covidien","9":"product_tag-covidien-e360","10":"product_tag-covidien-newport","11":"product_tag-e360","12":"product_tag-newport","13":"product_tag-newport-covidien","14":"product_tag-newport-e360","15":"product_tag-ventilador","16":"product_tag-ventiladore","17":"product_tag-ventiladores","19":"first","20":"instock","21":"shipping-taxable","22":"purchasable","23":"product-type-simple"},"acf":[],"brands":[{"id":1107,"name":"Medtronic","slug":"equipo-medico-medtronic"}],"_links":{"self":[{"href":"https:\/\/www.somatechnology.com\/spanish\/wp-json\/wp\/v2\/product\/9017","targetHints":{"allow":["GET"]}}],"collection":[{"href":"https:\/\/www.somatechnology.com\/spanish\/wp-json\/wp\/v2\/product"}],"about":[{"href":"https:\/\/www.somatechnology.com\/spanish\/wp-json\/wp\/v2\/types\/product"}],"wp:featuredmedia":[{"embeddable":true,"href":"https:\/\/www.somatechnology.com\/spanish\/wp-json\/wp\/v2\/media\/21564"}],"wp:attachment":[{"href":"https:\/\/www.somatechnology.com\/spanish\/wp-json\/wp\/v2\/media?parent=9017"}],"wp:term":[{"taxonomy":"pwb-brand","embeddable":true,"href":"https:\/\/www.somatechnology.com\/spanish\/wp-json\/wp\/v2\/pwb-brand?post=9017"},{"taxonomy":"product_brand","embeddable":true,"href":"https:\/\/www.somatechnology.com\/spanish\/wp-json\/wp\/v2\/product_brand?post=9017"},{"taxonomy":"product_cat","embeddable":true,"href":"https:\/\/www.somatechnology.com\/spanish\/wp-json\/wp\/v2\/product_cat?post=9017"},{"taxonomy":"product_tag","embeddable":true,"href":"https:\/\/www.somatechnology.com\/spanish\/wp-json\/wp\/v2\/product_tag?post=9017"}],"curies":[{"name":"wp","href":"https:\/\/api.w.org\/{rel}","templated":true}]}}