{"id":9019,"date":"2018-03-09T17:25:21","date_gmt":"2018-03-09T17:25:21","guid":{"rendered":"https:\/\/www.somatechnology.com\/spanish\/?post_type=product&#038;p=9019"},"modified":"2025-09-23T10:51:44","modified_gmt":"2025-09-23T14:51:44","slug":"covidien-newport-ht70","status":"publish","type":"product","link":"https:\/\/www.somatechnology.com\/spanish\/equipo-medico-usado-remanufacturado\/ventiladores\/covidien-newport-ht70\/","title":{"rendered":"Covidien Newport HT70"},"content":{"rendered":"<h2>CARACTER\u00cdSTICAS DE COVIDIEN NEWPORT HT70<\/h2>\n<p>El ventilador <strong>Newport HT70<\/strong> puede utilizarse para el transporte, la ventilaci\u00f3n de emergencia y la ventilaci\u00f3n hospitalaria de los pacientes. El HT70 ofrece opciones invasivas y no invasivas. El ventilador Newport fue dise\u00f1ado con tecnolog\u00eda de micro-pist\u00f3n que puede eliminar la necesidad de una fuente externa de gas comprimido. El sistema de bater\u00edas viene con 2 bater\u00edas que ofrecen hasta 10 horas de uso continuo y s\u00f3lo tardan 3 horas en recargarse completamente. El exterior del Newport HT70 est\u00e1 hecho de material de policarbonato, lo que lo hace indestructible.<\/p>\n<ul>\n<li>Sensor de flujo en la v\u00eda a\u00e9rea para m\u00e1s opciones de ventilaci\u00f3n &#8211; alarmas de monitorizaci\u00f3n inspiratoria o espiratoria, activaci\u00f3n de flujo o presi\u00f3n.<\/li>\n<li>La bater\u00eda intercambiable en caliente proporciona hasta 10 horas de funcionamiento y puede cambiarse sin interrumpir la ventilaci\u00f3n.<\/li>\n<li>Los estimadores del tiempo de la bater\u00eda y del uso de la botella proporcionan una mayor tranquilidad durante el uso.<\/li>\n<li>La monitorizaci\u00f3n del ox\u00edgeno y las alarmas integradas alertan a los usuarios de los cambios o las interrupciones en el uso del ox\u00edgeno suplementario.<\/li>\n<li>La pantalla t\u00e1ctil a todo color es grande y f\u00e1cil de navegar para mayor comodidad.<\/li>\n<li>Las funciones avanzadas incluyen el ajuste r\u00e1pido de las alarmas, los preajustes personalizados y la ventilaci\u00f3n de reserva personalizada.<\/li>\n<\/ul>\n<p>&nbsp;<\/p>\n","protected":false},"excerpt":{"rendered":"<p>El ventilador Newport HT70 puede utilizarse para el transporte, la ventilaci\u00f3n de emergencia y la ventilaci\u00f3n hospitalaria de los pacientes. El HT70 ofrece opciones invasivas y no invasivas. El ventilador Newport fue dise\u00f1ado con tecnolog\u00eda de micro-pist\u00f3n que puede eliminar la necesidad de una fuente externa de gas comprimido. El sistema de bater\u00edas viene con 2 bater\u00edas que ofrecen hasta 10 horas de uso continuo y s\u00f3lo tardan 3 horas en recargarse completamente. El exterior del Newport HT70 est\u00e1 hecho de material de policarbonato, lo que lo hace indestructible.<\/p>\n","protected":false},"featured_media":21562,"template":"","meta":{"_acf_changed":false,"_relevanssi_hide_post":"","_relevanssi_hide_content":"","_relevanssi_pin_for_all":"","_relevanssi_pin_keywords":"","_relevanssi_unpin_keywords":"","_relevanssi_related_keywords":"","_relevanssi_related_include_ids":"","_relevanssi_related_exclude_ids":"","_relevanssi_related_no_append":"","_relevanssi_related_not_related":"","_relevanssi_related_posts":"","_relevanssi_noindex_reason":"","inline_featured_image":false},"pwb-brand":[1107],"product_brand":[],"product_cat":[51,4780],"product_tag":[352,1799,1798,1485,1800,1032,1469,1028],"class_list":{"0":"post-9019","1":"product","2":"type-product","3":"status-publish","4":"has-post-thumbnail","6":"pwb-brand-equipo-medico-medtronic","7":"product_cat-ventiladores","8":"product_cat-ventiladores-portatil","9":"product_tag-covidien","10":"product_tag-covidien-ht70","11":"product_tag-ht70","12":"product_tag-newport","13":"product_tag-newport-ht70","14":"product_tag-ventilador","15":"product_tag-ventiladore","16":"product_tag-ventiladores","18":"first","19":"instock","20":"shipping-taxable","21":"purchasable","22":"product-type-simple"},"acf":[],"brands":[{"id":1107,"name":"Medtronic","slug":"equipo-medico-medtronic"}],"_links":{"self":[{"href":"https:\/\/www.somatechnology.com\/spanish\/wp-json\/wp\/v2\/product\/9019","targetHints":{"allow":["GET"]}}],"collection":[{"href":"https:\/\/www.somatechnology.com\/spanish\/wp-json\/wp\/v2\/product"}],"about":[{"href":"https:\/\/www.somatechnology.com\/spanish\/wp-json\/wp\/v2\/types\/product"}],"wp:featuredmedia":[{"embeddable":true,"href":"https:\/\/www.somatechnology.com\/spanish\/wp-json\/wp\/v2\/media\/21562"}],"wp:attachment":[{"href":"https:\/\/www.somatechnology.com\/spanish\/wp-json\/wp\/v2\/media?parent=9019"}],"wp:term":[{"taxonomy":"pwb-brand","embeddable":true,"href":"https:\/\/www.somatechnology.com\/spanish\/wp-json\/wp\/v2\/pwb-brand?post=9019"},{"taxonomy":"product_brand","embeddable":true,"href":"https:\/\/www.somatechnology.com\/spanish\/wp-json\/wp\/v2\/product_brand?post=9019"},{"taxonomy":"product_cat","embeddable":true,"href":"https:\/\/www.somatechnology.com\/spanish\/wp-json\/wp\/v2\/product_cat?post=9019"},{"taxonomy":"product_tag","embeddable":true,"href":"https:\/\/www.somatechnology.com\/spanish\/wp-json\/wp\/v2\/product_tag?post=9019"}],"curies":[{"name":"wp","href":"https:\/\/api.w.org\/{rel}","templated":true}]}}