{"id":9024,"date":"2018-03-09T17:49:27","date_gmt":"2018-03-09T17:49:27","guid":{"rendered":"https:\/\/www.somatechnology.com\/spanish\/?post_type=product&#038;p=9024"},"modified":"2025-06-24T16:29:30","modified_gmt":"2025-06-24T20:29:30","slug":"vyaire-3100a","status":"publish","type":"product","link":"https:\/\/www.somatechnology.com\/spanish\/equipo-medico-usado-remanufacturado\/ventiladores\/vyaire-3100a\/","title":{"rendered":"Vyaire 3100a"},"content":{"rendered":"<h2>Vyaire 3100a<\/h2>\n<p>El ventilador oscilatorio de alta frecuencia de Vyaire 3100A (AROAF) es U.S. FDA-aprobado para intervenir en tratar falta respiratoria en reci\u00e9n nacidos. Usando las herramientas protectoras del pulm\u00f3n, usted puede aplicar la presi\u00f3n de distensi\u00f3n continua y sobreponer oscilaciones m\u00ednimas de la presi\u00f3n y del volumen para inflar el pulm\u00f3n y para evitar falta respiratoria neonatal. Como se muestra en numerosos estudios cl\u00ednicos y revisados por pares, el 3100A AROAF ayuda a mejorar el cuidado del paciente para pacientes neonatales y pedi\u00e1tricos gravemente heridos.<\/p>\n<ul>\n<li>Entrega de 1 a 3 ml de volumen de marea para ventilar al beb\u00e9 m\u00e1s prematuro y entrega hasta 180 ml para soportar la ventilaci\u00f3n de pacientes pedi\u00e1tricos.<\/li>\n<li>Produce una exhalaci\u00f3n activa, 4 que es esencial en las tasas respiratorias de alta frecuencia para prevenir la captura de aire que puede ocurrir con la exhalaci\u00f3n pasiva.<\/li>\n<li>Ofrece tecnolog\u00eda patentada y un pist\u00f3n de alta fiabilidad, electromagn\u00e9ticamente impulsado que lo distingue de otros ventiladores de gran frecuencia.<\/li>\n<li>Permite proporciones I:E variables, que son deseables para la gesti\u00f3n de la ventilaci\u00f3n y la reducci\u00f3n del riesgo de captura de aire.<\/li>\n<\/ul>\n<h3>Dimensiones<\/h3>\n<ul>\n<li>Altura: 53,8 in (136,7 cm)<\/li>\n<li>Anchura: 18.6 in (47.2 cm)<\/li>\n<li>Profundidad: 11.4 pulg (29 cm)<\/li>\n<li>Peso: 143 lbs (64,9 kg)<\/li>\n<\/ul>\n<h3>Bias Flow<\/h3>\n<ul>\n<li>0 \u2013 40 litros por minuto (LPM) continuo, 15-gire el control.<\/li>\n<li>Resoluci\u00f3n: 2,5 LPM.<\/li>\n<li>Exactitud: el \u00b1 10% de la escala completa en las condiciones siguientes: aire o ox\u00edgeno @ 70 \u00b0 f y 760 Torr.<\/li>\n<\/ul>\n<h3>Ajuste de presi\u00f3n media<\/h3>\n<ul>\n<li>Aproximadamente 3 \u2013 45 cmH2O de alcance m\u00ednimo; Sesgo dependiente del flujo.<\/li>\n<li>Resoluci\u00f3n: 0.1 cmH2O en el metro digital de la presi\u00f3n de la v\u00eda a\u00e9rea, 1-Turn control.<\/li>\n<li>Exactitud: perilla de control no-calibrada.<\/li>\n<\/ul>\n<h3>L\u00edmite de presi\u00f3n media<\/h3>\n<ul>\n<li>Aproximadamente 10 \u2013 45 cmH2O la presi\u00f3n media proximal de la v\u00eda a\u00e9rea.<\/li>\n<li>Resoluci\u00f3n: 0.1 cmH2O en el metro digital de la presi\u00f3n de la v\u00eda a\u00e9rea, 1-Turn control.<\/li>\n<li>Exactitud: perilla de control no-calibrada.<\/li>\n<\/ul>\n<h3>Informaci\u00f3n de energia<\/h3>\n<ul>\n<li>Al 100% de potencia, \u0394p &gt; 90 cmH20 la amplitud m\u00e1xima de la presi\u00f3n de las v\u00edas respiratorias proximales.<\/li>\n<li>Resoluci\u00f3n: graduado 10-gire el dial de fijaci\u00f3n, no calibrado en% Power.<\/li>\n<\/ul>\n<h3>Frecuencia-hertzio<\/h3>\n<ul>\n<li>Frecuencia del oscilador de 3 \u2013 15 Hz.<\/li>\n<li>Resoluci\u00f3n: 0.1 Hz en el metro digital, 10-gire el control.<\/li>\n<li>Exactitud: el \u00b1 5% de la escala completa.<\/li>\n<\/ul>\n<h3>% Tiempo inspiratorio<\/h3>\n<ul>\n<li>30 \u2013 50% del ciclo oscilatorio.<\/li>\n<li>Resoluci\u00f3n: el +\/-1% seg\u00fan lo le\u00eddo en metro digital<\/li>\n<li>Exactitud: el \u00b1 5% de la escala completa.<\/li>\n<\/ul>\n<h3>Alarmas<\/h3>\n<ul>\n<li>0 \u2013 49 cmH2O media de presi\u00f3n de v\u00eda a\u00e9rea.<\/li>\n<li>Resoluci\u00f3n: 1 cmH2O<\/li>\n<li>Exactitud: dentro de \u00b1 2 cmH20.<\/li>\n<\/ul>\n","protected":false},"excerpt":{"rendered":"<p>El ventilador oscilatorio de alta frecuencia de Vyaire 3100A (AROAF) es U.S. FDA-aprobado para intervenir en tratar falta respiratoria en reci\u00e9n nacidos. Usando las herramientas protectoras del pulm\u00f3n, usted puede aplicar la presi\u00f3n de distensi\u00f3n continua y sobreponer oscilaciones m\u00ednimas de la presi\u00f3n y del volumen para inflar el pulm\u00f3n y para evitar falta respiratoria neonatal. Como se muestra en numerosos estudios cl\u00ednicos y revisados por pares, el 3100A AROAF ayuda a mejorar el cuidado del paciente para pacientes neonatales y pedi\u00e1tricos gravemente heridos.<\/p>\n","protected":false},"featured_media":9793,"template":"","meta":{"_acf_changed":false,"_relevanssi_hide_post":"","_relevanssi_hide_content":"","_relevanssi_pin_for_all":"","_relevanssi_pin_keywords":"","_relevanssi_unpin_keywords":"","_relevanssi_related_keywords":"","_relevanssi_related_include_ids":"","_relevanssi_related_exclude_ids":"","_relevanssi_related_no_append":"","_relevanssi_related_not_related":"","_relevanssi_related_posts":"","_relevanssi_noindex_reason":"","inline_featured_image":false},"pwb-brand":[1337],"product_brand":[],"product_cat":[51],"product_tag":[1805,1806,1032,1469,1028,1024,1807,1808],"class_list":{"0":"post-9024","1":"product","2":"type-product","3":"status-publish","4":"has-post-thumbnail","6":"pwb-brand-equipo-medico-vyaire","7":"product_cat-ventiladores","8":"product_tag-1805","9":"product_tag-3100a","10":"product_tag-ventilador","11":"product_tag-ventiladore","12":"product_tag-ventiladores","13":"product_tag-vyaire","14":"product_tag-vyaire-3100","15":"product_tag-vyaire-3100a","17":"first","18":"instock","19":"shipping-taxable","20":"purchasable","21":"product-type-simple"},"acf":[],"brands":[{"id":1337,"name":"Vyaire","slug":"equipo-medico-vyaire"}],"_links":{"self":[{"href":"https:\/\/www.somatechnology.com\/spanish\/wp-json\/wp\/v2\/product\/9024","targetHints":{"allow":["GET"]}}],"collection":[{"href":"https:\/\/www.somatechnology.com\/spanish\/wp-json\/wp\/v2\/product"}],"about":[{"href":"https:\/\/www.somatechnology.com\/spanish\/wp-json\/wp\/v2\/types\/product"}],"wp:featuredmedia":[{"embeddable":true,"href":"https:\/\/www.somatechnology.com\/spanish\/wp-json\/wp\/v2\/media\/9793"}],"wp:attachment":[{"href":"https:\/\/www.somatechnology.com\/spanish\/wp-json\/wp\/v2\/media?parent=9024"}],"wp:term":[{"taxonomy":"pwb-brand","embeddable":true,"href":"https:\/\/www.somatechnology.com\/spanish\/wp-json\/wp\/v2\/pwb-brand?post=9024"},{"taxonomy":"product_brand","embeddable":true,"href":"https:\/\/www.somatechnology.com\/spanish\/wp-json\/wp\/v2\/product_brand?post=9024"},{"taxonomy":"product_cat","embeddable":true,"href":"https:\/\/www.somatechnology.com\/spanish\/wp-json\/wp\/v2\/product_cat?post=9024"},{"taxonomy":"product_tag","embeddable":true,"href":"https:\/\/www.somatechnology.com\/spanish\/wp-json\/wp\/v2\/product_tag?post=9024"}],"curies":[{"name":"wp","href":"https:\/\/api.w.org\/{rel}","templated":true}]}}