{"id":9028,"date":"2018-03-09T18:40:38","date_gmt":"2018-03-09T18:40:38","guid":{"rendered":"https:\/\/www.somatechnology.com\/spanish\/?post_type=product&#038;p=9028"},"modified":"2025-09-23T10:48:37","modified_gmt":"2025-09-23T14:48:37","slug":"vyaire-carefusion-ltv-1200","status":"publish","type":"product","link":"https:\/\/www.somatechnology.com\/spanish\/equipo-medico-usado-remanufacturado\/ventiladores\/vyaire-carefusion-ltv-1200\/","title":{"rendered":"Vyaire CareFusion LTV 1200"},"content":{"rendered":"<h2>Caracter\u00edsticas del Vyaire CareFusion LTV 1200<\/h2>\n<p>El peque\u00f1o y ligero ventilador <strong>Vyaire CareFusion LTV 1200<\/strong> ofrece una sofisticada ventilaci\u00f3n de cuidados cr\u00edticos en entornos austeros. El ventilador es compatible con aplicaciones invasivas y no invasivas. Combina portabilidad, construcci\u00f3n resistente a impactos, pantallas de f\u00e1cil lectura y un control exhaustivo. Una sola soluci\u00f3n para cualquier paciente que pese 5 kg o m\u00e1s, el ventilador LTV 1200 pesa s\u00f3lo 14,5 lbs y es una soluci\u00f3n de recolecci\u00f3n y salida que puede viajar con los pacientes desde el cuidado de campo para el transporte a la unidad de cuidados intensivos (UCI).<\/p>\n<ul>\n<li>Ventilaci\u00f3n r\u00e1pida del paciente \u2013 escoja Infante, pedi\u00e1trico o adulto para configurar r\u00e1pidamente la ventilaci\u00f3n inicial.<\/li>\n<li>M\u00e1s vers\u00e1til que los ventiladores de transporte y significativamente m\u00e1s peque\u00f1os que los sistemas de ICU.<\/li>\n<li>La funci\u00f3n de O2 conservar reduce el consumo de O2 cuando el tiempo y el lugar de la atenci\u00f3n lo requieren.<\/li>\n<li>La bater\u00eda interna permite la transferencia de una fuente de energ\u00eda al siguiente sin la interrupci\u00f3n.<\/li>\n<\/ul>\n","protected":false},"excerpt":{"rendered":"<p>El peque\u00f1o y ligero ventilador Vyaire CareFusion LTV 1200 ofrece una sofisticada ventilaci\u00f3n de cuidados cr\u00edticos en entornos austeros. El ventilador es compatible con aplicaciones invasivas y no invasivas. Combina portabilidad, construcci\u00f3n resistente a impactos, pantallas de f\u00e1cil lectura y un control exhaustivo. Una sola soluci\u00f3n para cualquier paciente que pese 5 kg o m\u00e1s, el ventilador LTV 1200 pesa s\u00f3lo 14,5 lbs y es una soluci\u00f3n de recolecci\u00f3n y salida que puede viajar con los pacientes desde el cuidado de campo para el transporte a la unidad de cuidados intensivos (UCI).<\/p>\n","protected":false},"featured_media":9753,"template":"","meta":{"_acf_changed":false,"_relevanssi_hide_post":"","_relevanssi_hide_content":"","_relevanssi_pin_for_all":"","_relevanssi_pin_keywords":"","_relevanssi_unpin_keywords":"","_relevanssi_related_keywords":"","_relevanssi_related_include_ids":"","_relevanssi_related_exclude_ids":"","_relevanssi_related_no_append":"","_relevanssi_related_not_related":"","_relevanssi_related_posts":"","_relevanssi_noindex_reason":"","inline_featured_image":false},"pwb-brand":[1117],"product_brand":[],"product_cat":[51,4780],"product_tag":[1813,1025,1697,1816,1812,1694,1814,1032,1469,1028,1024,1811,1817,1696,1815],"class_list":{"0":"post-9028","1":"product","2":"type-product","3":"status-publish","4":"has-post-thumbnail","6":"pwb-brand-desfibriladores-zoll","7":"product_cat-ventiladores","8":"product_cat-ventiladores-portatil","9":"product_tag-1813","10":"product_tag-carefusion","11":"product_tag-carefusion-ltv","12":"product_tag-carefusion-ltv-1200","13":"product_tag-carefusion-vyaire","14":"product_tag-ltv","15":"product_tag-ltv-1200","16":"product_tag-ventilador","17":"product_tag-ventiladore","18":"product_tag-ventiladores","19":"product_tag-vyaire","20":"product_tag-vyaire-carefusion","21":"product_tag-vyaire-carefusion-ltv-1200","22":"product_tag-vyaire-ltv","23":"product_tag-vyaire-ltv-1200","25":"first","26":"instock","27":"shipping-taxable","28":"purchasable","29":"product-type-simple"},"acf":[],"brands":[{"id":1117,"name":"Zoll","slug":"desfibriladores-zoll"}],"_links":{"self":[{"href":"https:\/\/www.somatechnology.com\/spanish\/wp-json\/wp\/v2\/product\/9028","targetHints":{"allow":["GET"]}}],"collection":[{"href":"https:\/\/www.somatechnology.com\/spanish\/wp-json\/wp\/v2\/product"}],"about":[{"href":"https:\/\/www.somatechnology.com\/spanish\/wp-json\/wp\/v2\/types\/product"}],"wp:featuredmedia":[{"embeddable":true,"href":"https:\/\/www.somatechnology.com\/spanish\/wp-json\/wp\/v2\/media\/9753"}],"wp:attachment":[{"href":"https:\/\/www.somatechnology.com\/spanish\/wp-json\/wp\/v2\/media?parent=9028"}],"wp:term":[{"taxonomy":"pwb-brand","embeddable":true,"href":"https:\/\/www.somatechnology.com\/spanish\/wp-json\/wp\/v2\/pwb-brand?post=9028"},{"taxonomy":"product_brand","embeddable":true,"href":"https:\/\/www.somatechnology.com\/spanish\/wp-json\/wp\/v2\/product_brand?post=9028"},{"taxonomy":"product_cat","embeddable":true,"href":"https:\/\/www.somatechnology.com\/spanish\/wp-json\/wp\/v2\/product_cat?post=9028"},{"taxonomy":"product_tag","embeddable":true,"href":"https:\/\/www.somatechnology.com\/spanish\/wp-json\/wp\/v2\/product_tag?post=9028"}],"curies":[{"name":"wp","href":"https:\/\/api.w.org\/{rel}","templated":true}]}}