{"id":9032,"date":"2018-03-09T19:19:00","date_gmt":"2018-03-09T19:19:00","guid":{"rendered":"https:\/\/www.somatechnology.com\/spanish\/?post_type=product&#038;p=9032"},"modified":"2025-09-23T10:36:18","modified_gmt":"2025-09-23T14:36:18","slug":"vyaire-carefusion-ltv-1100","status":"publish","type":"product","link":"https:\/\/www.somatechnology.com\/spanish\/equipo-medico-usado-remanufacturado\/ventiladores\/vyaire-carefusion-ltv-1100\/","title":{"rendered":"Vyaire CareFusion LTV 1100"},"content":{"rendered":"<h2>Caracter\u00edsticas del Vyaire CareFusion LTV 1100<\/h2>\n<p>Para los pacientes que requieren ventilaci\u00f3n por volumen, el ventilador Vyaire CareFusion LTV 1100 ofrece de manera rentable modos de ventilaci\u00f3n invasivos y no invasivos en soporte de presi\u00f3n, control de volumen y tipos de respiraci\u00f3n espont\u00e1nea. Peque\u00f1o y f\u00e1cil de utilizar, tambi\u00e9n proporciona la portabilidad para los pacientes en el movimiento o en el pa\u00eds-si en un soporte, en una mochila o en un portador de encargo.<\/p>\n<ul>\n<li>Una amplia gama de terapias de ventilaci\u00f3n para los pacientes \u2014 el ventilador Vyaire LTV 1100 ofrece modos invasivos y no invasivos de ventilaci\u00f3n en soporte de presi\u00f3n, control de volumen y tipos de respiraci\u00f3n espont\u00e1nea, suministrados con accionamiento por flujo. Una fuente de O2 puede ser usada para sangrar en ox\u00edgeno. La adici\u00f3n de SIMV\/CPAP y apnea de respaldo se combinan para crear una potente tecnolog\u00eda port\u00e1til de ventilaci\u00f3n.<\/li>\n<li>Operaci\u00f3n simple del usuario-el panel de exhibici\u00f3n de LED f\u00e1cil-a-ley\u00f3 y los botones del panel de delante se combinan para proporcionar la operaci\u00f3n r\u00e1pida y conveniente del usuario<\/li>\n<li>\u2022 M\u00faltiples fuentes de energ\u00eda: hay una gran variedad de fuentes de energ\u00eda disponibles para el ventilador CareFusion LTV 1000. La bater\u00eda interna ofrece una capa adicional de protecci\u00f3n de la energ\u00eda para asegurar seguridad y confianza para su paciente y el cuidador. El ventilador LTV 1100 se puede conectar directamente a un tomacorriente de pared utilizando el adaptador de CA LTV, a un adaptador de potencia del autom\u00f3vil o a opciones de bater\u00eda externa, incluyendo nuestro sistema de alimentaci\u00f3n de iones de litio de bater\u00eda SprintPack.<\/li>\n<\/ul>\n<p>&nbsp;<\/p>\n","protected":false},"excerpt":{"rendered":"<p>Para los pacientes que requieren ventilaci\u00f3n por volumen, el ventilador Vyaire CareFusion LTV 1100 ofrece de manera rentable modos de ventilaci\u00f3n invasivos y no invasivos en soporte de presi\u00f3n, control de volumen y tipos de respiraci\u00f3n espont\u00e1nea. Peque\u00f1o y f\u00e1cil de utilizar, tambi\u00e9n proporciona la portabilidad para los pacientes en el movimiento o en el pa\u00eds-si en un soporte, en una mochila o en un portador de encargo.<\/p>\n","protected":false},"featured_media":9748,"template":"","meta":{"_acf_changed":false,"_relevanssi_hide_post":"","_relevanssi_hide_content":"","_relevanssi_pin_for_all":"","_relevanssi_pin_keywords":"","_relevanssi_unpin_keywords":"","_relevanssi_related_keywords":"","_relevanssi_related_include_ids":"","_relevanssi_related_exclude_ids":"","_relevanssi_related_no_append":"","_relevanssi_related_not_related":"","_relevanssi_related_posts":"","_relevanssi_noindex_reason":"","inline_featured_image":false},"pwb-brand":[1117],"product_brand":[],"product_cat":[51,4780],"product_tag":[1823,1025,1825,1812,1694,1824,1032,1469,1028,1024,1811,1826],"class_list":{"0":"post-9032","1":"product","2":"type-product","3":"status-publish","4":"has-post-thumbnail","6":"pwb-brand-desfibriladores-zoll","7":"product_cat-ventiladores","8":"product_cat-ventiladores-portatil","9":"product_tag-1823","10":"product_tag-carefusion","11":"product_tag-carefusion-ltv-1100","12":"product_tag-carefusion-vyaire","13":"product_tag-ltv","14":"product_tag-ltv-1100","15":"product_tag-ventilador","16":"product_tag-ventiladore","17":"product_tag-ventiladores","18":"product_tag-vyaire","19":"product_tag-vyaire-carefusion","20":"product_tag-vyaire-ltv-1100","22":"first","23":"instock","24":"shipping-taxable","25":"purchasable","26":"product-type-simple"},"acf":[],"brands":[{"id":1117,"name":"Zoll","slug":"desfibriladores-zoll"}],"_links":{"self":[{"href":"https:\/\/www.somatechnology.com\/spanish\/wp-json\/wp\/v2\/product\/9032","targetHints":{"allow":["GET"]}}],"collection":[{"href":"https:\/\/www.somatechnology.com\/spanish\/wp-json\/wp\/v2\/product"}],"about":[{"href":"https:\/\/www.somatechnology.com\/spanish\/wp-json\/wp\/v2\/types\/product"}],"wp:featuredmedia":[{"embeddable":true,"href":"https:\/\/www.somatechnology.com\/spanish\/wp-json\/wp\/v2\/media\/9748"}],"wp:attachment":[{"href":"https:\/\/www.somatechnology.com\/spanish\/wp-json\/wp\/v2\/media?parent=9032"}],"wp:term":[{"taxonomy":"pwb-brand","embeddable":true,"href":"https:\/\/www.somatechnology.com\/spanish\/wp-json\/wp\/v2\/pwb-brand?post=9032"},{"taxonomy":"product_brand","embeddable":true,"href":"https:\/\/www.somatechnology.com\/spanish\/wp-json\/wp\/v2\/product_brand?post=9032"},{"taxonomy":"product_cat","embeddable":true,"href":"https:\/\/www.somatechnology.com\/spanish\/wp-json\/wp\/v2\/product_cat?post=9032"},{"taxonomy":"product_tag","embeddable":true,"href":"https:\/\/www.somatechnology.com\/spanish\/wp-json\/wp\/v2\/product_tag?post=9032"}],"curies":[{"name":"wp","href":"https:\/\/api.w.org\/{rel}","templated":true}]}}