{"id":9037,"date":"2018-03-09T21:08:33","date_gmt":"2018-03-09T21:08:33","guid":{"rendered":"https:\/\/www.somatechnology.com\/spanish\/?post_type=product&#038;p=9037"},"modified":"2025-06-24T11:22:26","modified_gmt":"2025-06-24T15:22:26","slug":"maquet-servo-n","status":"publish","type":"product","link":"https:\/\/www.somatechnology.com\/spanish\/equipo-medico-usado-remanufacturado\/ventiladores\/maquet-servo-n\/","title":{"rendered":"Maquet Servo-n"},"content":{"rendered":"<h2>Maquet Servo-n<\/h2>\n<p>El Servo-n de MAQUET ofrece asistencia ventilat\u00f3ria ajustada neuralmente (Nava), un modo de ventilaci\u00f3n con la capacidad de emparejar verdaderamente la asistencia al patr\u00f3n respiratorio irregular de los neonatos. Cada respiraci\u00f3n entregada es lo que el beb\u00e9 necesita, seg\u00fan lo determinado por su propia fisiolog\u00eda. El servo-n ha sido dise\u00f1ado para ayudarle a proporcionar neonatos vulnerables con el apoyo que necesitan mientras protegen los pulmones, el cerebro y otros \u00f3rganos en desarrollo.<\/p>\n<ul>\n<li>Configuraci\u00f3n, monitoreo y operaci\u00f3n intuitivos.<\/li>\n<li>Supervisa la actividad el\u00e9ctrica del diafragma (EDI).<\/li>\n<li>Asistencia ventilatoria ajustada neuralmente (Nava), un modo de ventilaci\u00f3n con la capacidad de emparejar el apoyo a los patrones de respiraci\u00f3n irregulares de los neonatos.<\/li>\n<li>Compensa las fugas variables en los modos de ventilaci\u00f3n invasivos y no invasivos.<\/li>\n<li>La capacidad de entregar vol\u00famenes de marea tan bajo como 2ml en pacientes tan peque\u00f1os como 0.6 lbs (0.3 kg).<\/li>\n<\/ul>\n","protected":false},"excerpt":{"rendered":"<p>El Servo-n de MAQUET ofrece asistencia ventilat\u00f3ria ajustada neuralmente (Nava), un modo de ventilaci\u00f3n con la capacidad de emparejar verdaderamente la asistencia al patr\u00f3n respiratorio irregular de los neonatos. Cada respiraci\u00f3n entregada es lo que el beb\u00e9 necesita, seg\u00fan lo determinado por su propia fisiolog\u00eda. El servo-n ha sido dise\u00f1ado para ayudarle a proporcionar neonatos vulnerables con el apoyo que necesitan mientras protegen los pulmones, el cerebro y otros \u00f3rganos en desarrollo.<\/p>\n","protected":false},"featured_media":9740,"template":"","meta":{"_acf_changed":false,"_relevanssi_hide_post":"","_relevanssi_hide_content":"","_relevanssi_pin_for_all":"","_relevanssi_pin_keywords":"","_relevanssi_unpin_keywords":"","_relevanssi_related_keywords":"","_relevanssi_related_include_ids":"","_relevanssi_related_exclude_ids":"","_relevanssi_related_no_append":"","_relevanssi_related_not_related":"","_relevanssi_related_posts":"","_relevanssi_noindex_reason":"","inline_featured_image":false},"pwb-brand":[1109],"product_brand":[],"product_cat":[51],"product_tag":[519,1835,1836,1837,1834,1833,1838,1839,1032,1469,1028,6890],"class_list":{"0":"post-9037","1":"product","2":"type-product","3":"status-publish","4":"has-post-thumbnail","6":"pwb-brand-equipo-medico-maquet","7":"product_cat-ventiladores","8":"product_tag-maquet","9":"product_tag-maquet-servo","10":"product_tag-maquet-servo-n","11":"product_tag-maquet-servon","12":"product_tag-n","13":"product_tag-servo","14":"product_tag-servo-n","15":"product_tag-servon","16":"product_tag-ventilador","17":"product_tag-ventiladore","18":"product_tag-ventiladores","19":"product_tag-ventiladores-maquet","21":"first","22":"instock","23":"shipping-taxable","24":"purchasable","25":"product-type-simple"},"acf":[],"brands":[{"id":1109,"name":"Maquet","slug":"equipo-medico-maquet"}],"_links":{"self":[{"href":"https:\/\/www.somatechnology.com\/spanish\/wp-json\/wp\/v2\/product\/9037","targetHints":{"allow":["GET"]}}],"collection":[{"href":"https:\/\/www.somatechnology.com\/spanish\/wp-json\/wp\/v2\/product"}],"about":[{"href":"https:\/\/www.somatechnology.com\/spanish\/wp-json\/wp\/v2\/types\/product"}],"wp:featuredmedia":[{"embeddable":true,"href":"https:\/\/www.somatechnology.com\/spanish\/wp-json\/wp\/v2\/media\/9740"}],"wp:attachment":[{"href":"https:\/\/www.somatechnology.com\/spanish\/wp-json\/wp\/v2\/media?parent=9037"}],"wp:term":[{"taxonomy":"pwb-brand","embeddable":true,"href":"https:\/\/www.somatechnology.com\/spanish\/wp-json\/wp\/v2\/pwb-brand?post=9037"},{"taxonomy":"product_brand","embeddable":true,"href":"https:\/\/www.somatechnology.com\/spanish\/wp-json\/wp\/v2\/product_brand?post=9037"},{"taxonomy":"product_cat","embeddable":true,"href":"https:\/\/www.somatechnology.com\/spanish\/wp-json\/wp\/v2\/product_cat?post=9037"},{"taxonomy":"product_tag","embeddable":true,"href":"https:\/\/www.somatechnology.com\/spanish\/wp-json\/wp\/v2\/product_tag?post=9037"}],"curies":[{"name":"wp","href":"https:\/\/api.w.org\/{rel}","templated":true}]}}