{"id":9049,"date":"2018-03-12T14:12:03","date_gmt":"2018-03-12T14:12:03","guid":{"rendered":"https:\/\/www.somatechnology.com\/spanish\/?post_type=product&#038;p=9049"},"modified":"2023-08-23T06:23:43","modified_gmt":"2023-08-23T10:23:43","slug":"conmed-beamer-ce600","status":"publish","type":"product","link":"https:\/\/www.somatechnology.com\/spanish\/equipo-medico-usado-remanufacturado\/unidades-electroquirurgicas-electrobisturis\/conmed-beamer-ce600\/","title":{"rendered":"Conmed Beamer CE600"},"content":{"rendered":"<h2>Caracter\u00edsticas del\u00a0Conmed Beamer CE600<\/h2>\n<p>El Beamer CE600 fue dise\u00f1ado espec\u00edficamente para uso endosc\u00f3pico y ofrece m\u00faltiples terapias desde una sola plataforma. Combinando tecnolog\u00eda sofisticada con la facilidad de uso incomparable, el Beamer C6200 asiste en la entrega de resultados cl\u00ednicos excepcionales cualesquiera que su nivel de maestr\u00eda en electrocirug\u00eda. Integrando la inteligencia incorporada, la innovaci\u00f3n, y una interfaz de usuario intuitiva, Beamer CE600 permite la selecci\u00f3n r\u00e1pida del efecto cl\u00ednico deseado y entrega resultados cl\u00ednicos repetibles constantes.<\/p>\n<ul>\n<li>Exhibici\u00f3n clara; se centra en lo esencial<\/li>\n<li>F\u00e1cil funcionar; control de paso r\u00e1pido<\/li>\n<li>ABC \u00ae opci\u00f3n<\/li>\n<li>Opci\u00f3n de la bomba de irrigaci\u00f3n<\/li>\n<li>Almacenaje conveniente<\/li>\n<li>Opci\u00f3n de pedal de pie doble sin manos<\/li>\n<\/ul>\n<h2>Especificaciones del\u00a0Conmed Beamer CE600<\/h2>\n<h3>Dimensiones<\/h3>\n<ul>\n<li>Dimensiones (W x H x D) 390 x 182 x 435mm<\/li>\n<li>Peso 8.3kg<\/li>\n<\/ul>\n<h3>Requisitos de energ\u00eda<\/h3>\n<ul>\n<li>Requisitos de alimentaci\u00f3n 100 \u2013 240 V _ + 10%<\/li>\n<li>Corrientes de red m\u00e1x. 6.3 A<\/li>\n<li>Fusible de red 6.3 A<\/li>\n<li>Frecuencias nominales (red) 50\/60 Hz<\/li>\n<li>Entrada de alimentaci\u00f3n modo standby 40 va<\/li>\n<li>MaX. entrada de energ\u00eda 600 VA<\/li>\n<\/ul>\n<h3>Datos de salida<\/h3>\n<ul>\n<li>Potencia de corte (pulso) m\u00e1x. 350 vatios<\/li>\n<li>Potencia de coagulaci\u00f3n m\u00e1x. 120 vatios<\/li>\n<li>Frecuencias de HF 350 \u2013 850 kH<\/li>\n<\/ul>\n<h3>Informaci\u00f3n General<\/h3>\n<ul>\n<li>Clasificaci\u00f3n seg\u00fan tipo mdd de homologaci\u00f3n de parte aplicada\/marca de conformidad: IIB; CF; desfibrilaci\u00f3n-prueba; CE 0297, de acuerdo con 93\/42\/EEC<\/li>\n<li>Corrientes de fuga LF que cumplen con la norma IEC 601, parte 1 (pruebas en conexi\u00f3n con el sistema Beamer)<\/li>\n<li>Tipo de deber int 10 s\/30 s (= duty factor of 25%)<\/li>\n<\/ul>\n<p>&nbsp;<\/p>\n<p>&nbsp;<\/p>\n","protected":false},"excerpt":{"rendered":"<p>Electrobisturis<\/p>\n","protected":false},"featured_media":9800,"template":"","meta":{"_acf_changed":false,"_relevanssi_hide_post":"","_relevanssi_hide_content":"","_relevanssi_pin_for_all":"","_relevanssi_pin_keywords":"","_relevanssi_unpin_keywords":"","_relevanssi_related_keywords":"","_relevanssi_related_include_ids":"","_relevanssi_related_exclude_ids":"","_relevanssi_related_no_append":"","_relevanssi_related_not_related":"","_relevanssi_related_posts":"","_relevanssi_noindex_reason":"","inline_featured_image":false},"pwb-brand":[1168],"product_brand":[],"product_cat":[76],"product_tag":[1528,1848,4915,1847,4916,1846,4914,1849,1850,4904,1896],"class_list":{"0":"post-9049","1":"product","2":"type-product","3":"status-publish","4":"has-post-thumbnail","6":"pwb-brand-electrobisturis-conmed","7":"product_cat-unidades-electroquirurgicas-electrobisturis","8":"product_tag-conmed","9":"product_tag-conmed-beamer","10":"product_tag-conmed-beamer-ce-6000-electrobisturis","11":"product_tag-conmed-beamer-ce600","12":"product_tag-conmed-beamer-ce600-electrobisturis","13":"product_tag-conmed-beamer-ce600-esu","14":"product_tag-conmed-beamer-electrobisturis","15":"product_tag-conmed-ce600","16":"product_tag-conmed-ce600-esu","17":"product_tag-conmed-electrobisturis","18":"product_tag-electrobisturis","20":"first","21":"instock","22":"shipping-taxable","23":"purchasable","24":"product-type-simple"},"acf":[],"brands":[{"id":1168,"name":"Conmed","slug":"electrobisturis-conmed"}],"_links":{"self":[{"href":"https:\/\/www.somatechnology.com\/spanish\/wp-json\/wp\/v2\/product\/9049","targetHints":{"allow":["GET"]}}],"collection":[{"href":"https:\/\/www.somatechnology.com\/spanish\/wp-json\/wp\/v2\/product"}],"about":[{"href":"https:\/\/www.somatechnology.com\/spanish\/wp-json\/wp\/v2\/types\/product"}],"wp:featuredmedia":[{"embeddable":true,"href":"https:\/\/www.somatechnology.com\/spanish\/wp-json\/wp\/v2\/media\/9800"}],"wp:attachment":[{"href":"https:\/\/www.somatechnology.com\/spanish\/wp-json\/wp\/v2\/media?parent=9049"}],"wp:term":[{"taxonomy":"pwb-brand","embeddable":true,"href":"https:\/\/www.somatechnology.com\/spanish\/wp-json\/wp\/v2\/pwb-brand?post=9049"},{"taxonomy":"product_brand","embeddable":true,"href":"https:\/\/www.somatechnology.com\/spanish\/wp-json\/wp\/v2\/product_brand?post=9049"},{"taxonomy":"product_cat","embeddable":true,"href":"https:\/\/www.somatechnology.com\/spanish\/wp-json\/wp\/v2\/product_cat?post=9049"},{"taxonomy":"product_tag","embeddable":true,"href":"https:\/\/www.somatechnology.com\/spanish\/wp-json\/wp\/v2\/product_tag?post=9049"}],"curies":[{"name":"wp","href":"https:\/\/api.w.org\/{rel}","templated":true}]}}