{"id":9051,"date":"2018-03-12T14:18:32","date_gmt":"2018-03-12T14:18:32","guid":{"rendered":"https:\/\/www.somatechnology.com\/spanish\/?post_type=product&#038;p=9051"},"modified":"2023-08-23T06:23:47","modified_gmt":"2023-08-23T10:23:47","slug":"conmed-helixar","status":"publish","type":"product","link":"https:\/\/www.somatechnology.com\/spanish\/equipo-medico-usado-remanufacturado\/unidades-electroquirurgicas-electrobisturis\/conmed-helixar\/","title":{"rendered":"Conmed HelixAR"},"content":{"rendered":"<h2>Caracter\u00edsticas del\u00a0Conmed HelixAR<\/h2>\n<p>El <strong>HelixARTM<\/strong> combina los modos avanzados de especialidad de una Unidad Electro Quirurgica con los beneficios de la \u00faltima tecnolog\u00eda ABC \u00ae de Conmed.<\/p>\n<p>El <strong>HelixAR<\/strong> est\u00e1 dise\u00f1ado para procedimientos abiertos y laparosc\u00f3picos e incluye:<\/p>\n<h4>Modos de especialidad monopolar<\/h4>\n<ul>\n<li>Laparoscopia: limita el voltaje a 2700V en el modo LAP, ayudando<\/li>\n<\/ul>\n<p>Reduzca los riesgos de quemaduras inadvertidas del acoplamiento capacitivo<\/p>\n<ul>\n<li>Fluidos: iniciaci\u00f3n r\u00e1pida de energ\u00eda para efectos cl\u00ednicos inmediatos en condiciones de alta carga\/baja impedancia<\/li>\n<li>Pulso coagulaci\u00f3n: r\u00e1fagas de coagulaci\u00f3n pulsantes para la hemostasia controlada con reducci\u00f3n de la carbonizaci\u00f3n tisular<\/li>\n<li>Modos ABC \u00ae<\/li>\n<li>Diseccion de arg\u00f3n: trabaja con el electrodo de disecci\u00f3n de Conmed para proporcionar el corte mejorado arg\u00f3n con cuatro niveles diversos de hemostasis<\/li>\n<li>Arg\u00f3n del pulso: proporciona la hemostasis controlada para los peque\u00f1os sangradores superficiales con cuatro tiempos del pulso<\/li>\n<li>La hemostasia r\u00e1pida y superficial reduce la carbonizaci\u00f3n al permitir que ABC \u00ae se coagula directamente en el estroma del tejido objetivo, menos p\u00e9rdida de sangre, menos o tiempo y la integridad eschar mejorada puede resultar de esta hemostasia r\u00e1pida<\/li>\n<li>Menos da\u00f1o tisular debido a los efectos de enfriamiento del flujo de arg\u00f3n durante la entrega de energ\u00eda de RF, ABC \u00ae opera a temperaturas m\u00e1s bajas que la coagulaci\u00f3n con pulverizaci\u00f3n<\/li>\n<li>El gas de arg\u00f3n enfocado de la energ\u00eda del RF permite la entrega exacta de la energ\u00eda del RF en una corriente uniforme, que se distribuye uniformemente en el tejido<\/li>\n<li>La visualizaci\u00f3n clara mejora la visualizaci\u00f3n ayudando a llevar el humo quir\u00fargico lejos del campo visual, reduce olores desagradables y despeja el sitio quir\u00fargico de la sangre y de otros l\u00edquidos<\/li>\n<\/ul>\n<h3>Efectos tisulares constantes<\/h3>\n<ul>\n<li>La tecnolog\u00eda de respuesta din\u00e1mica muestra la corriente y el voltaje, respondiendo a los cambios en el tejido en menos de 10 milisegundos<\/li>\n<li>Ayuda a minimizar el exceso de carbonizaci\u00f3n tisular y disminuir el tiempo de curaci\u00f3n del paciente<\/li>\n<\/ul>\n<h3>Dos tanques de gas arg\u00f3n<\/h3>\n<ul>\n<li>\u00a0El sistema cambia autom\u00e1ticamente al segundo tanque cuando se agota la primera toma<\/li>\n<li>Reduce el tiempo perdido y la inconveniencia de reemplazar un procedimiento de toma a mediados<\/li>\n<\/ul>\n<h3>Kit de pedal inal\u00e1mbrico<\/h3>\n<ul>\n<li>Para mayor conveniencia, hay disponible un kit de pedal inal\u00e1mbrico<\/li>\n<li>Incluye interruptores de pedal monopolar y ABC<\/li>\n<\/ul>\n<h3>Pedal ABC<\/h3>\n<ul>\n<li>Nuevo dise\u00f1o moderno y racionalizado<\/li>\n<\/ul>\n<h3>ABC Modes<\/h3>\n<ul>\n<li>Abierto (autom\u00e1tico)<\/li>\n<li>LAP (laparoscopia\/endosc\u00f3pica<\/li>\n<li>ABC \u00ae Flex<\/li>\n<li>Manual<\/li>\n<li>Diseccion de arg\u00f3n<\/li>\n<\/ul>\n<ul>\n<li>Pulse ABC\u00ae<\/li>\n<\/ul>\n<h3>Modo Monopolar<\/h3>\n<ul>\n<li>Corte puro<\/li>\n<li>Corte mezclado: 1-3<\/li>\n<li>Corte del pulso<\/li>\n<li>Coagulaci\u00f3n del pulso<\/li>\n<li>Coagulaci\u00f3n del aerosol<\/li>\n<li>Coagulaci\u00f3n est\u00e1ndar<\/li>\n<li>Coagulaci\u00f3n con precisi\u00f3n<\/li>\n<\/ul>\n<h3>Modo Bipolar<\/h3>\n<ul>\n<li>Macro coagulaci\u00f3n<\/li>\n<li>Micro coagulaci\u00f3n<\/li>\n<\/ul>\n<h3>Modos de especialidad<\/h3>\n<ul>\n<li>General<\/li>\n<li>Laparoscopia<\/li>\n<li>Fluidos<\/li>\n<\/ul>\n<h3>Caracter\u00edsticas de rendimiento<\/h3>\n<ul>\n<li>\u2022 Tecnolog\u00eda de respuesta din\u00e1mica<\/li>\n<li>\u2022 Monitorizaci\u00f3n contin\u00faa de la seguridad del microprocesador<\/li>\n<li>\u2022 Conmutaci\u00f3n autom\u00e1tica del tanque<\/li>\n<li>\u2022 Smart Cart<\/li>\n<li>\u2022 Exhibici\u00f3n del LCD del color<\/li>\n<li>\u2022 Capacidad de control sin hilos del pie<\/li>\n<li>\u2022 Caracter\u00edstica de la actualizaci\u00f3n del software del USB<\/li>\n<\/ul>\n","protected":false},"excerpt":{"rendered":"<p>Caracter\u00edsticas del\u00a0Conmed HelixAR El HelixARTM combina los modos avanzados de especialidad de una Unidad Electro Quirurgica con los beneficios de la \u00faltima tecnolog\u00eda ABC&#8230;<\/p>\n","protected":false},"featured_media":12068,"template":"","meta":{"_acf_changed":false,"_relevanssi_hide_post":"","_relevanssi_hide_content":"","_relevanssi_pin_for_all":"","_relevanssi_pin_keywords":"","_relevanssi_unpin_keywords":"","_relevanssi_related_keywords":"","_relevanssi_related_include_ids":"","_relevanssi_related_exclude_ids":"","_relevanssi_related_no_append":"","_relevanssi_related_not_related":"","_relevanssi_related_posts":"","_relevanssi_noindex_reason":"","inline_featured_image":false},"pwb-brand":[1168],"product_brand":[],"product_cat":[76],"product_tag":[1528,4927,1852,4928,1851,1896,4551,1853],"class_list":{"0":"post-9051","1":"product","2":"type-product","3":"status-publish","4":"has-post-thumbnail","6":"pwb-brand-electrobisturis-conmed","7":"product_cat-unidades-electroquirurgicas-electrobisturis","8":"product_tag-conmed","9":"product_tag-conmed-helix-ar-electrobisturis","10":"product_tag-conmed-helixar","11":"product_tag-conmed-helixar-electrobisturis","12":"product_tag-conmed-helixar-esu","13":"product_tag-electrobisturis","14":"product_tag-electrobisturis-conmed","15":"product_tag-helixar","17":"first","18":"instock","19":"shipping-taxable","20":"purchasable","21":"product-type-simple"},"acf":[],"brands":[{"id":1168,"name":"Conmed","slug":"electrobisturis-conmed"}],"_links":{"self":[{"href":"https:\/\/www.somatechnology.com\/spanish\/wp-json\/wp\/v2\/product\/9051","targetHints":{"allow":["GET"]}}],"collection":[{"href":"https:\/\/www.somatechnology.com\/spanish\/wp-json\/wp\/v2\/product"}],"about":[{"href":"https:\/\/www.somatechnology.com\/spanish\/wp-json\/wp\/v2\/types\/product"}],"wp:featuredmedia":[{"embeddable":true,"href":"https:\/\/www.somatechnology.com\/spanish\/wp-json\/wp\/v2\/media\/12068"}],"wp:attachment":[{"href":"https:\/\/www.somatechnology.com\/spanish\/wp-json\/wp\/v2\/media?parent=9051"}],"wp:term":[{"taxonomy":"pwb-brand","embeddable":true,"href":"https:\/\/www.somatechnology.com\/spanish\/wp-json\/wp\/v2\/pwb-brand?post=9051"},{"taxonomy":"product_brand","embeddable":true,"href":"https:\/\/www.somatechnology.com\/spanish\/wp-json\/wp\/v2\/product_brand?post=9051"},{"taxonomy":"product_cat","embeddable":true,"href":"https:\/\/www.somatechnology.com\/spanish\/wp-json\/wp\/v2\/product_cat?post=9051"},{"taxonomy":"product_tag","embeddable":true,"href":"https:\/\/www.somatechnology.com\/spanish\/wp-json\/wp\/v2\/product_tag?post=9051"}],"curies":[{"name":"wp","href":"https:\/\/api.w.org\/{rel}","templated":true}]}}