{"id":9057,"date":"2018-03-12T14:51:00","date_gmt":"2018-03-12T14:51:00","guid":{"rendered":"https:\/\/www.somatechnology.com\/spanish\/?post_type=product&#038;p=9057"},"modified":"2024-07-30T15:49:20","modified_gmt":"2024-07-30T19:49:20","slug":"erbe-vio-300s","status":"publish","type":"product","link":"https:\/\/www.somatechnology.com\/spanish\/equipo-medico-usado-remanufacturado\/unidades-electroquirurgicas-electrobisturis\/erbe-vio-300s\/","title":{"rendered":"ERBE VIO 300S"},"content":{"rendered":"<h2>Caracter\u00edsticas del ERBE VIO 300S<\/h2>\n<p>El concepto de interfaz de usuario del ERBE VIO 300S permite al m\u00e9dico y a su equipo acceder de forma r\u00e1pida y directa a los par\u00e1metros del programa. La salida de energ\u00eda y los efectos se pueden cambiar f\u00e1cilmente directamente y en el m\u00e1s alto nivel de la interfaz usando las llaves hacia arriba y hacia abajo.<\/p>\n<ul>\n<li>Dosificaci\u00f3n autom\u00e1tica de la salida para todas las tecnolog\u00edas reguladoras.<\/li>\n<li>Salida de potencia precisa ajustada a la indicaci\u00f3n individual.<\/li>\n<li>Nuevas y mejoradas funciones de corte y coagulaci\u00f3n.<\/li>\n<li>Configuraci\u00f3n variable con m\u00f3dulos de z\u00f3calo.<\/li>\n<li>F\u00e1cil de operar debido a FocusView.<\/li>\n<li>Sistema de seguridad de electrodo neutro apoyado por la pantalla Nessy proporciona asistencia interactiva al colocar el electrodo de retorno.<\/li>\n<li>Asignaci\u00f3n del pedal: la pantalla permite asignar el pedal o incluso un solo pedal de pedal a la toma de salida de Choice.<\/li>\n<\/ul>\n","protected":false},"excerpt":{"rendered":"<p>Caracter\u00edsticas del ERBE VIO 300S El concepto de interfaz de usuario del ERBE VIO 300S permite al m\u00e9dico y a su equipo acceder de&#8230;<\/p>\n","protected":false},"featured_media":27270,"template":"","meta":{"_acf_changed":false,"_relevanssi_hide_post":"","_relevanssi_hide_content":"","_relevanssi_pin_for_all":"","_relevanssi_pin_keywords":"","_relevanssi_unpin_keywords":"","_relevanssi_related_keywords":"","_relevanssi_related_include_ids":"","_relevanssi_related_exclude_ids":"","_relevanssi_related_no_append":"","_relevanssi_related_not_related":"","_relevanssi_related_posts":"","_relevanssi_noindex_reason":"","inline_featured_image":false},"pwb-brand":[1169],"product_brand":[],"product_cat":[76],"product_tag":[1896,1581,4940,1862,1861,4957,1860,4953,1863,4958],"class_list":{"0":"post-9057","1":"product","2":"type-product","3":"status-publish","4":"has-post-thumbnail","6":"pwb-brand-electrobisturis-erbe","7":"product_cat-unidades-electroquirurgicas-electrobisturis","8":"product_tag-electrobisturis","9":"product_tag-erbe","10":"product_tag-erbe-electrobisturis","11":"product_tag-erbe-vio","12":"product_tag-erbe-vio-300s","13":"product_tag-erbe-vio-300s-electrobisturis","14":"product_tag-erbe-vio-300s-esu","15":"product_tag-erbe-vio-electrobisturis","16":"product_tag-vio-300s","17":"product_tag-vio-300s-electrobisturis","19":"first","20":"instock","21":"shipping-taxable","22":"purchasable","23":"product-type-simple"},"acf":[],"brands":[{"id":1169,"name":"ERBE","slug":"electrobisturis-erbe"}],"_links":{"self":[{"href":"https:\/\/www.somatechnology.com\/spanish\/wp-json\/wp\/v2\/product\/9057","targetHints":{"allow":["GET"]}}],"collection":[{"href":"https:\/\/www.somatechnology.com\/spanish\/wp-json\/wp\/v2\/product"}],"about":[{"href":"https:\/\/www.somatechnology.com\/spanish\/wp-json\/wp\/v2\/types\/product"}],"wp:featuredmedia":[{"embeddable":true,"href":"https:\/\/www.somatechnology.com\/spanish\/wp-json\/wp\/v2\/media\/27270"}],"wp:attachment":[{"href":"https:\/\/www.somatechnology.com\/spanish\/wp-json\/wp\/v2\/media?parent=9057"}],"wp:term":[{"taxonomy":"pwb-brand","embeddable":true,"href":"https:\/\/www.somatechnology.com\/spanish\/wp-json\/wp\/v2\/pwb-brand?post=9057"},{"taxonomy":"product_brand","embeddable":true,"href":"https:\/\/www.somatechnology.com\/spanish\/wp-json\/wp\/v2\/product_brand?post=9057"},{"taxonomy":"product_cat","embeddable":true,"href":"https:\/\/www.somatechnology.com\/spanish\/wp-json\/wp\/v2\/product_cat?post=9057"},{"taxonomy":"product_tag","embeddable":true,"href":"https:\/\/www.somatechnology.com\/spanish\/wp-json\/wp\/v2\/product_tag?post=9057"}],"curies":[{"name":"wp","href":"https:\/\/api.w.org\/{rel}","templated":true}]}}