{"id":9061,"date":"2018-03-12T15:12:39","date_gmt":"2018-03-12T15:12:39","guid":{"rendered":"https:\/\/www.somatechnology.com\/spanish\/?post_type=product&#038;p=9061"},"modified":"2023-08-23T06:23:50","modified_gmt":"2023-08-23T10:23:50","slug":"erbe-vio-200s","status":"publish","type":"product","link":"https:\/\/www.somatechnology.com\/spanish\/equipo-medico-usado-remanufacturado\/unidades-electroquirurgicas-electrobisturis\/erbe-vio-200s\/","title":{"rendered":"ERBE VIO 200S"},"content":{"rendered":"<h2>Caracter\u00edsticas del\u00a0ERBE VIO 200S<\/h2>\n<p>El <strong>ERBE VIO 200S<\/strong> ofrece varios modos de corte y coagulaci\u00f3n con niveles de efecto definidos para proporcionar la flexibilidad del m\u00e9dico en las aplicaciones intervencionistas. El ERBE VIO 200S tambi\u00e9n ha mejorado la regulaci\u00f3n de la tensi\u00f3n y la dosificaci\u00f3n autom\u00e1tica de la energ\u00eda, con tanto cuanto sea necesario o lo menos posible-milisegundo a milisegundo.<\/p>\n<ul>\n<li>Sistema de potencia Peak PPS &#x2122; \u2013 para un soporte \u00f3ptimo durante la etapa inicial de corte, especialmente en situaciones de baja impedancia de contacto, permitiendo que el electrodo comience en contacto con el tejido objetivo.<\/li>\n<li>Ajustes de efecto para cada modo.<\/li>\n<li>Funci\u00f3n de arranque autom\u00e1tico y parada autom\u00e1tica en modo suave bipolar.<\/li>\n<li>Hasta 9 programas almacenables.<\/li>\n<li>Interfaz f\u00e1cil de usar (FocusView \u2013 reduce la informaci\u00f3n visual a lo esencial, simplificando la operaci\u00f3n si la unidad).<\/li>\n<li>Sistema de reconocimiento de errores visuales y de audio.<\/li>\n<\/ul>\n<h2>Especificaciones del\u00a0ERBE VIO 200S<\/h2>\n<h3>Dimensiones<\/h3>\n<ul>\n<li>Anchura x altura x profundidad: 410 x 165 x 380 mm<\/li>\n<li>Peso: 9.5 kg<\/li>\n<\/ul>\n<h3>Salida de energ\u00eda<\/h3>\n<ul>\n<li>Salida m\u00e1xima del corte: 200 vatios en 500 ohmios<\/li>\n<li>Salida m\u00e1xima de la coagulaci\u00f3n: hasta 120 vatios<\/li>\n<li>Sistema de seguridad: Nessy<\/li>\n<li>Frecuencia: 350 kHz<\/li>\n<\/ul>\n<h3>Conexi\u00f3n de red<\/h3>\n<ul>\n<li>Frecuencia de la energ\u00eda: 50\/60 hertzios<\/li>\n<li>Entrada de energ\u00eda durante el recurso seguro: 40 vatios<\/li>\n<li>Entrada de energ\u00eda en la salida m\u00e1xima del RF: 500 vatios\/920 va<\/li>\n<li>Voltaje del sistema: 100-120\/220-240 V<\/li>\n<li>Conexi\u00f3n de ecualizaci\u00f3n potencial: s\u00ed<\/li>\n<\/ul>\n<h3>Informaci\u00f3n General<\/h3>\n<ul>\n<li>Clasificaci\u00f3n seg\u00fan 93\/42 EWG: IIB<\/li>\n<li>Categor\u00eda de protecci\u00f3n seg\u00fan en 60 601-1: I<\/li>\n<li>Tipo seg\u00fan en 60 601-1: CF<\/li>\n<li>Categor\u00eda seg\u00fan UMDNS: 11-490<\/li>\n<\/ul>\n<p>&nbsp;<\/p>\n","protected":false},"excerpt":{"rendered":"<p>Electrobistruis<\/p>\n","protected":false},"featured_media":27288,"template":"","meta":{"_acf_changed":false,"_relevanssi_hide_post":"","_relevanssi_hide_content":"","_relevanssi_pin_for_all":"","_relevanssi_pin_keywords":"","_relevanssi_unpin_keywords":"","_relevanssi_related_keywords":"","_relevanssi_related_include_ids":"","_relevanssi_related_exclude_ids":"","_relevanssi_related_no_append":"","_relevanssi_related_not_related":"","_relevanssi_related_posts":"","_relevanssi_noindex_reason":"","inline_featured_image":false},"pwb-brand":[1169],"product_brand":[],"product_cat":[76],"product_tag":[1896,1581,4940,1862,1868,1867,4953,4955],"class_list":{"0":"post-9061","1":"product","2":"type-product","3":"status-publish","4":"has-post-thumbnail","6":"pwb-brand-electrobisturis-erbe","7":"product_cat-unidades-electroquirurgicas-electrobisturis","8":"product_tag-electrobisturis","9":"product_tag-erbe","10":"product_tag-erbe-electrobisturis","11":"product_tag-erbe-vio","12":"product_tag-erbe-vio-200s","13":"product_tag-erbe-vio-200s-esu","14":"product_tag-erbe-vio-electrobisturis","15":"product_tag-erbe-vio200s-electrobisturis","17":"first","18":"instock","19":"shipping-taxable","20":"purchasable","21":"product-type-simple"},"acf":[],"brands":[{"id":1169,"name":"ERBE","slug":"electrobisturis-erbe"}],"_links":{"self":[{"href":"https:\/\/www.somatechnology.com\/spanish\/wp-json\/wp\/v2\/product\/9061","targetHints":{"allow":["GET"]}}],"collection":[{"href":"https:\/\/www.somatechnology.com\/spanish\/wp-json\/wp\/v2\/product"}],"about":[{"href":"https:\/\/www.somatechnology.com\/spanish\/wp-json\/wp\/v2\/types\/product"}],"wp:featuredmedia":[{"embeddable":true,"href":"https:\/\/www.somatechnology.com\/spanish\/wp-json\/wp\/v2\/media\/27288"}],"wp:attachment":[{"href":"https:\/\/www.somatechnology.com\/spanish\/wp-json\/wp\/v2\/media?parent=9061"}],"wp:term":[{"taxonomy":"pwb-brand","embeddable":true,"href":"https:\/\/www.somatechnology.com\/spanish\/wp-json\/wp\/v2\/pwb-brand?post=9061"},{"taxonomy":"product_brand","embeddable":true,"href":"https:\/\/www.somatechnology.com\/spanish\/wp-json\/wp\/v2\/product_brand?post=9061"},{"taxonomy":"product_cat","embeddable":true,"href":"https:\/\/www.somatechnology.com\/spanish\/wp-json\/wp\/v2\/product_cat?post=9061"},{"taxonomy":"product_tag","embeddable":true,"href":"https:\/\/www.somatechnology.com\/spanish\/wp-json\/wp\/v2\/product_tag?post=9061"}],"curies":[{"name":"wp","href":"https:\/\/api.w.org\/{rel}","templated":true}]}}