{"id":9068,"date":"2018-03-12T15:25:19","date_gmt":"2018-03-12T15:25:19","guid":{"rendered":"https:\/\/www.somatechnology.com\/spanish\/?post_type=product&#038;p=9068"},"modified":"2023-08-23T06:23:52","modified_gmt":"2023-08-23T10:23:52","slug":"erbe-apc-2","status":"publish","type":"product","link":"https:\/\/www.somatechnology.com\/spanish\/equipo-medico-usado-remanufacturado\/unidades-electroquirurgicas-electrobisturis\/erbe-apc-2\/","title":{"rendered":"ERBE APC 2"},"content":{"rendered":"<h2>Caracter\u00edsticas del ERBE APC 2<\/h2>\n<p><strong>APC<\/strong> &#x2122; es un procedimiento electroquir\u00fargico monopolar en el cual la energ\u00eda el\u00e9ctrica se transfiere al tejido usando el gas ionizado y, as\u00ed, conductor del arg\u00f3n (plasma del arg\u00f3n), sin el electrodo que entra en el contacto directo con el tejido.<\/p>\n<ul>\n<li>Efectos diversos \u2013 el modo pulsado le da la opci\u00f3n de elegir pulsado 1 o pulsado 2, lo que permite una amplia gama de efectos de coagulaci\u00f3n y ofrece un mayor control.<\/li>\n<li>La coagulaci\u00f3n consistente \u2014 incluso a bajos niveles de potencia pulsada, ofrece un haz de coagulaci\u00f3n homog\u00e9neo.<\/li>\n<li>Control simplificado: reduce la necesidad de una interacci\u00f3n constante con los pedales, lo que le permite concentrarse m\u00e1s en las \u00e1reas de tejido objetivo.<\/li>\n<\/ul>\n<h2>Especificaciones del ERBE APC 2<\/h2>\n<h3>Dimensiones<\/h3>\n<ul>\n<li>Anchura x altura x profundidad: 410 x 80 x 370 mm<\/li>\n<li>Peso: 4.8 kg<\/li>\n<\/ul>\n<h3>Suministro de gas<\/h3>\n<ul>\n<li>Gas type: Argon 4.8 (99.998 %)<\/li>\n<\/ul>\n<h3>Informaci\u00f3n General<\/h3>\n<ul>\n<li>Clasificaci\u00f3n seg\u00fan 93\/42 EWG: IIB<\/li>\n<li>Tipo ACC. a en 60 601-1: CF<\/li>\n<li>Presi\u00f3n inicial: 5 \u00b1 2 bar; 72,5 \u00b1 29 psi<\/li>\n<li>Presi\u00f3n final: 2 \u00b1 0.4 barra; 29 \u00b1 5.8 PSI<\/li>\n<li>Caudal de gas regulable: 0,1 \u2013 8 l\/min seg\u00fan el respectivo instrumento que se adjunta; ajustable en pasos de 0.1 l<\/li>\n<li>Flujo de rubor: depende del instrumento (corresponde al flujo de la blanco del instrumento atado)<\/li>\n<li>Duraci\u00f3n de lavado: 3 seg.<\/li>\n<\/ul>\n<p>&nbsp;<\/p>\n","protected":false},"excerpt":{"rendered":"<p>Electrobistruis<\/p>\n","protected":false},"featured_media":12094,"template":"","meta":{"_acf_changed":false,"_relevanssi_hide_post":"","_relevanssi_hide_content":"","_relevanssi_pin_for_all":"","_relevanssi_pin_keywords":"","_relevanssi_unpin_keywords":"","_relevanssi_related_keywords":"","_relevanssi_related_include_ids":"","_relevanssi_related_exclude_ids":"","_relevanssi_related_no_append":"","_relevanssi_related_not_related":"","_relevanssi_related_posts":"","_relevanssi_noindex_reason":"","inline_featured_image":false},"pwb-brand":[1169],"product_brand":[],"product_cat":[76],"product_tag":[1896,1581,1579,1875,4942,1876,4941,4940],"class_list":{"0":"post-9068","1":"product","2":"type-product","3":"status-publish","4":"has-post-thumbnail","6":"pwb-brand-electrobisturis-erbe","7":"product_cat-unidades-electroquirurgicas-electrobisturis","8":"product_tag-electrobisturis","9":"product_tag-erbe","10":"product_tag-erbe-apc","11":"product_tag-erbe-apc-2","12":"product_tag-erbe-apc-2-electrobisturis","13":"product_tag-erbe-apc-2-esu","14":"product_tag-erbe-apc-electrobisturis","15":"product_tag-erbe-electrobisturis","17":"first","18":"instock","19":"shipping-taxable","20":"purchasable","21":"product-type-simple"},"acf":[],"brands":[{"id":1169,"name":"ERBE","slug":"electrobisturis-erbe"}],"_links":{"self":[{"href":"https:\/\/www.somatechnology.com\/spanish\/wp-json\/wp\/v2\/product\/9068","targetHints":{"allow":["GET"]}}],"collection":[{"href":"https:\/\/www.somatechnology.com\/spanish\/wp-json\/wp\/v2\/product"}],"about":[{"href":"https:\/\/www.somatechnology.com\/spanish\/wp-json\/wp\/v2\/types\/product"}],"wp:featuredmedia":[{"embeddable":true,"href":"https:\/\/www.somatechnology.com\/spanish\/wp-json\/wp\/v2\/media\/12094"}],"wp:attachment":[{"href":"https:\/\/www.somatechnology.com\/spanish\/wp-json\/wp\/v2\/media?parent=9068"}],"wp:term":[{"taxonomy":"pwb-brand","embeddable":true,"href":"https:\/\/www.somatechnology.com\/spanish\/wp-json\/wp\/v2\/pwb-brand?post=9068"},{"taxonomy":"product_brand","embeddable":true,"href":"https:\/\/www.somatechnology.com\/spanish\/wp-json\/wp\/v2\/product_brand?post=9068"},{"taxonomy":"product_cat","embeddable":true,"href":"https:\/\/www.somatechnology.com\/spanish\/wp-json\/wp\/v2\/product_cat?post=9068"},{"taxonomy":"product_tag","embeddable":true,"href":"https:\/\/www.somatechnology.com\/spanish\/wp-json\/wp\/v2\/product_tag?post=9068"}],"curies":[{"name":"wp","href":"https:\/\/api.w.org\/{rel}","templated":true}]}}