{"id":9073,"date":"2018-03-12T15:30:33","date_gmt":"2018-03-12T15:30:33","guid":{"rendered":"https:\/\/www.somatechnology.com\/spanish\/?post_type=product&#038;p=9073"},"modified":"2024-02-16T16:06:36","modified_gmt":"2024-02-16T21:06:36","slug":"medtronic-aex-generator","status":"publish","type":"product","link":"https:\/\/www.somatechnology.com\/spanish\/equipo-medico-usado-remanufacturado\/unidades-electroquirurgicas-electrobisturis\/medtronic-aex-generator\/","title":{"rendered":"Medtronic AEX Generator"},"content":{"rendered":"<h2>Caracter\u00edsticas del Medtronic AEX Generator<\/h2>\n<p>El <strong>generador AEX &#x2122;<\/strong> proporciona energ\u00eda de la radiofrecuencia (RF) a las piezas de mano Electroquir\u00fargicas monopolares y bipolares desechables. El generador AEX &#x2122; acepta un electrodo de retorno del paciente para aplicaciones monopolares e incluye una bomba perist\u00e1ltica rotativa para la entrega simult\u00e1nea de soluci\u00f3n salina para un sellado hemost\u00e1tico.<\/p>\n<ul>\n<li>Control del handpiece<\/li>\n<li>Pieza de mano con control de pedal<\/li>\n<li>Activaci\u00f3n simult\u00e1nea de 2 piezas de mano<\/li>\n<li>Reconocimiento de configuraci\u00f3n predeterminada del dispositivo<\/li>\n<li>Salidas monopolares y bipolares<\/li>\n<li>Conexi\u00f3n al electrodo de retorno del paciente<\/li>\n<li>Coloree el LCD para pedir a un usuario la entrada y para exhibir mensajes informativos, de error, y de aver\u00eda<\/li>\n<li>Retroalimentaci\u00f3n de audio de los tonos de activaci\u00f3n y alarma<\/li>\n<\/ul>\n<h2>Especificaciones del Medtronic AEX Generator<\/h2>\n<h3>Dimensiones f\u00edsicas<\/h3>\n<ul>\n<li>Anchura: 14.5 in (36,8 cm)<\/li>\n<li>Altura: 6.5 pulg (16.5 cm)<\/li>\n<li>Longitud: 17 pulg (16.5 cm)<\/li>\n<li>Peso: &lt; 20 lbs (9 kg)<\/li>\n<li>Display\n<ul>\n<li>\u00a0diagonal: 7 in (17.8 cm)<\/li>\n<li>Altura: 3,5 pulg (8,9 cm)<\/li>\n<li>Anchura: 6 adentro (los 15.2 cm)<\/li>\n<\/ul>\n<\/li>\n<\/ul>\n<h3>Condiciones Ambientales<\/h3>\n<ul>\n<li>Condiciones de funcionamiento<\/li>\n<li>Temperatura: 50 \u2109 \u2013 104 \u2109 (10 \u2103 \u2013 40 \u2103)<\/li>\n<li>Humedad: 15% \u2013 85% humedad relativa no condensada<\/li>\n<li>Condiciones de almacenamiento<\/li>\n<li>Temperatura:-4 \u2109 \u2013 149 \u2109 (-20 \u2103 \u2013 65 \u2103)<\/li>\n<li>Humedad: 0% \u2013 85% humedad relativa no condensada<\/li>\n<\/ul>\n<h3>Corriente de la salida<\/h3>\n<ul>\n<li>Baja frecuencia (50\/60Hz)<\/li>\n<li>Corriente de fuga de tierra en condiciones normales &lt; 5 mA<\/li>\n<li>Corriente de fuga de tierra en condici\u00f3n de falla \u00fanica &lt; 10 mA<\/li>\n<li>Corriente de fuga en la carcasa (Touch) en condiciones normales &lt; 100 \u03bcA<\/li>\n<li>Corriente de fuga del gabinete (Touch) en condici\u00f3n de falla \u00fanica &lt; 500 \u03bcA<\/li>\n<li>Corriente de fuga del paciente en condiciones normales &lt; 10 \u03bcA<\/li>\n<li>Corriente de fuga del paciente en condici\u00f3n de falla \u00fanica &lt; 50 \u03bcA<\/li>\n<li>De alta frecuencia (RF)<\/li>\n<li>Corriente de fuga de RF monopolar &lt; 150 mA<\/li>\n<li>Corriente de fuga de RF bipolar &lt; 100 mA<\/li>\n<\/ul>\n<p>&nbsp;<\/p>\n","protected":false},"excerpt":{"rendered":"<p>Caracter\u00edsticas del Medtronic AEX Generator El generador AEX &#x2122; proporciona energ\u00eda de la radiofrecuencia (RF) a las piezas de mano Electroquir\u00fargicas monopolares y bipolares&#8230;<\/p>\n","protected":false},"featured_media":27115,"template":"","meta":{"_acf_changed":false,"_relevanssi_hide_post":"","_relevanssi_hide_content":"","_relevanssi_pin_for_all":"","_relevanssi_pin_keywords":"","_relevanssi_unpin_keywords":"","_relevanssi_related_keywords":"","_relevanssi_related_include_ids":"","_relevanssi_related_exclude_ids":"","_relevanssi_related_no_append":"","_relevanssi_related_not_related":"","_relevanssi_related_posts":"","_relevanssi_noindex_reason":"","inline_featured_image":false},"pwb-brand":[1107],"product_brand":[],"product_cat":[76,9529],"product_tag":[4969,1879,1896,4968,466,1878,4967,1877,4960],"class_list":{"0":"post-9073","1":"product","2":"type-product","3":"status-publish","4":"has-post-thumbnail","6":"pwb-brand-equipo-medico-medtronic","7":"product_cat-unidades-electroquirurgicas-electrobisturis","8":"product_cat-generador-de-radiofrecuencia","9":"product_tag-aex-generador","10":"product_tag-aex-generator","11":"product_tag-electrobisturis","12":"product_tag-generador","13":"product_tag-medtronic","14":"product_tag-medtronic-aex","15":"product_tag-medtronic-aex-generador","16":"product_tag-medtronic-aex-generator","17":"product_tag-medtronic-electrobisturis","19":"first","20":"instock","21":"featured","22":"shipping-taxable","23":"purchasable","24":"product-type-simple"},"acf":[],"brands":[{"id":1107,"name":"Medtronic","slug":"equipo-medico-medtronic"}],"_links":{"self":[{"href":"https:\/\/www.somatechnology.com\/spanish\/wp-json\/wp\/v2\/product\/9073","targetHints":{"allow":["GET"]}}],"collection":[{"href":"https:\/\/www.somatechnology.com\/spanish\/wp-json\/wp\/v2\/product"}],"about":[{"href":"https:\/\/www.somatechnology.com\/spanish\/wp-json\/wp\/v2\/types\/product"}],"wp:featuredmedia":[{"embeddable":true,"href":"https:\/\/www.somatechnology.com\/spanish\/wp-json\/wp\/v2\/media\/27115"}],"wp:attachment":[{"href":"https:\/\/www.somatechnology.com\/spanish\/wp-json\/wp\/v2\/media?parent=9073"}],"wp:term":[{"taxonomy":"pwb-brand","embeddable":true,"href":"https:\/\/www.somatechnology.com\/spanish\/wp-json\/wp\/v2\/pwb-brand?post=9073"},{"taxonomy":"product_brand","embeddable":true,"href":"https:\/\/www.somatechnology.com\/spanish\/wp-json\/wp\/v2\/product_brand?post=9073"},{"taxonomy":"product_cat","embeddable":true,"href":"https:\/\/www.somatechnology.com\/spanish\/wp-json\/wp\/v2\/product_cat?post=9073"},{"taxonomy":"product_tag","embeddable":true,"href":"https:\/\/www.somatechnology.com\/spanish\/wp-json\/wp\/v2\/product_tag?post=9073"}],"curies":[{"name":"wp","href":"https:\/\/api.w.org\/{rel}","templated":true}]}}