{"id":9077,"date":"2018-03-12T15:35:34","date_gmt":"2018-03-12T15:35:34","guid":{"rendered":"https:\/\/www.somatechnology.com\/spanish\/?post_type=product&#038;p=9077"},"modified":"2024-02-21T13:15:20","modified_gmt":"2024-02-21T18:15:20","slug":"conmed-clearview","status":"publish","type":"product","link":"https:\/\/www.somatechnology.com\/spanish\/equipo-medico-usado-remanufacturado\/unidades-electroquirurgicas-electrobisturis\/conmed-clearview\/","title":{"rendered":"ConMed Clearview"},"content":{"rendered":"<h2>Caracter\u00edsticas del ConMed Clearview<\/h2>\n<p>El sistema de evacuaci\u00f3n de humos ClearViewTM de Conmed es una soluci\u00f3n compacta, silenciosa y efectiva de evacuaci\u00f3n de humos con filtraci\u00f3n de ULPA de \u00faltima generaci\u00f3n para combatir los peligros a\u00e9reos eliminando el 99,999% de los contaminantes del humo. El humo quir\u00fargico contiene m\u00e1s de 80 productos qu\u00edmicos que tienen el mismo nivel de mutagenicidad que 27-30 cigarrillos.<\/p>\n<ul>\n<li>Reduce la contaminaci\u00f3n ac\u00fastica en el quir\u00f3fano.<\/li>\n<li>El dise\u00f1o compacto, f\u00e1cil de integrar permite la colocaci\u00f3n f\u00e1cil en el estante, el contador, o apilar.<\/li>\n<li>Un sistema s\u00f3lo se activa cuando la electrocauterizaci\u00f3n se utiliza para una integraci\u00f3n perfecta con el sistema 5000 ESU y otros Esus.<\/li>\n<li>Cuenta con tres ajustes de flujo (bajo\/vuelta, medio y alto\/Turbo) para satisfacer las necesidades de diferentes tipos de procedimientos.<\/li>\n<li>El dise\u00f1o del filtro de tres puertos acomoda una variedad de tama\u00f1os de la tuber\u00eda, proporcionando flexibilidad en la disposici\u00f3n del procedimiento y del accesorio.<\/li>\n<li>Hasta 35 horas de vida \u00fatil del filtro.<\/li>\n<li>Ofrece un valor insuperable al rastrear y registrar autom\u00e1ticamente la vida \u00fatil del filtro.<\/li>\n<li>La filtraci\u00f3n avanzada, de cuatro etapas utiliza el pre-filtro, el filtro del ULPA, el filtro del carb\u00f3n, y la espuma ampliada para proteger contra macropart\u00edculas y microorganismos<\/li>\n<\/ul>\n<h4>Haga su o libre de humo con el sistema de evacuaci\u00f3n de humo ClearViewTM de Conmed.<\/h4>\n<p><strong>Evacuaci\u00f3n efectiva<\/strong><br \/>\nEl sistema ofrece la filtraci\u00f3n ULPA de 4 etapas para quitar el 99,999% de los contaminantes del humo del site1 quir\u00fargico.<\/p>\n<p><strong>Operaci\u00f3n silenciosa<\/strong><br \/>\nReduce la contaminaci\u00f3n ac\u00fastica en el or. El dise\u00f1o compacto, f\u00e1cil-a-integra permite la colocaci\u00f3n f\u00e1cil en un estante, un contador o apilando.<\/p>\n<p><strong>Activaci\u00f3n autom\u00e1tica<\/strong><br \/>\nUn sistema s\u00f3lo se activa cuando la electrocauterizaci\u00f3n se utiliza para la integraci\u00f3n perfecta con el sistema 5000 ESU y otros Esus.<\/p>\n<p><strong>M\u00faltiples configuraciones para m\u00faltiples procedimientos<\/strong><br \/>\nCaracter\u00edsticas tres ajustes del flujo (bajo\/regazo, medio y alto\/Turbo) para cubrir las necesidades de diversos tipos del procedimiento.<\/p>\n<p><strong>Dise\u00f1o de filtro de 3 puertos<\/strong><br \/>\nAccommodates a variety of tubing sizes, providing versatility in procedure and accessory setup.<\/p>\n<p><strong>Hasta 35 horas de vida \u00fatil del filtro<\/strong><br \/>\nOfrece un valor insuperable al rastrear y registrar autom\u00e1ticamente la vida \u00fatil del filtro.<\/p>\n<h2>Especificaciones del ConMed Clearview<\/h2>\n<h3>Dimensiones<\/h3>\n<ul>\n<li>Tama\u00f1o: 16 \u00abx 11\u00bb x 6 \u00ab(40,6 cm x 27.9 cm x 15.2 cm).<\/li>\n<li>Tama\u00f1o del env\u00edo: 21 \u00abx 16\u00bb x 15 \u00ab(53,3 cm x 40,6 cm x 38,1 cm).<\/li>\n<li>Peso del env\u00edo: 19 libras (8.6 kilogramos).<\/li>\n<\/ul>\n<p>&nbsp;<\/p>\n","protected":false},"excerpt":{"rendered":"<p>Electrobisturis<\/p>\n","protected":false},"featured_media":12066,"template":"","meta":{"_acf_changed":false,"_relevanssi_hide_post":"","_relevanssi_hide_content":"","_relevanssi_pin_for_all":"","_relevanssi_pin_keywords":"","_relevanssi_unpin_keywords":"","_relevanssi_related_keywords":"","_relevanssi_related_include_ids":"","_relevanssi_related_exclude_ids":"","_relevanssi_related_no_append":"","_relevanssi_related_not_related":"","_relevanssi_related_posts":"","_relevanssi_noindex_reason":"","inline_featured_image":false},"pwb-brand":[1168],"product_brand":[],"product_cat":[76,9627],"product_tag":[1882,4923,1883,1528,1880,4922,1881,4904,1896],"class_list":{"0":"post-9077","1":"product","2":"type-product","3":"status-publish","4":"has-post-thumbnail","6":"pwb-brand-electrobisturis-conmed","7":"product_cat-unidades-electroquirurgicas-electrobisturis","8":"product_cat-evacuadores-de-humo","9":"product_tag-clearview","10":"product_tag-clearview-electrobisturis","11":"product_tag-clearview-esu","12":"product_tag-conmed","13":"product_tag-conmed-clearview","14":"product_tag-conmed-clearview-electrobisturis","15":"product_tag-conmed-clearview-esu","16":"product_tag-conmed-electrobisturis","17":"product_tag-electrobisturis","19":"first","20":"instock","21":"shipping-taxable","22":"purchasable","23":"product-type-simple"},"acf":[],"brands":[{"id":1168,"name":"Conmed","slug":"electrobisturis-conmed"}],"_links":{"self":[{"href":"https:\/\/www.somatechnology.com\/spanish\/wp-json\/wp\/v2\/product\/9077","targetHints":{"allow":["GET"]}}],"collection":[{"href":"https:\/\/www.somatechnology.com\/spanish\/wp-json\/wp\/v2\/product"}],"about":[{"href":"https:\/\/www.somatechnology.com\/spanish\/wp-json\/wp\/v2\/types\/product"}],"wp:featuredmedia":[{"embeddable":true,"href":"https:\/\/www.somatechnology.com\/spanish\/wp-json\/wp\/v2\/media\/12066"}],"wp:attachment":[{"href":"https:\/\/www.somatechnology.com\/spanish\/wp-json\/wp\/v2\/media?parent=9077"}],"wp:term":[{"taxonomy":"pwb-brand","embeddable":true,"href":"https:\/\/www.somatechnology.com\/spanish\/wp-json\/wp\/v2\/pwb-brand?post=9077"},{"taxonomy":"product_brand","embeddable":true,"href":"https:\/\/www.somatechnology.com\/spanish\/wp-json\/wp\/v2\/product_brand?post=9077"},{"taxonomy":"product_cat","embeddable":true,"href":"https:\/\/www.somatechnology.com\/spanish\/wp-json\/wp\/v2\/product_cat?post=9077"},{"taxonomy":"product_tag","embeddable":true,"href":"https:\/\/www.somatechnology.com\/spanish\/wp-json\/wp\/v2\/product_tag?post=9077"}],"curies":[{"name":"wp","href":"https:\/\/api.w.org\/{rel}","templated":true}]}}