{"id":9079,"date":"2018-03-12T15:58:40","date_gmt":"2018-03-12T15:58:40","guid":{"rendered":"https:\/\/www.somatechnology.com\/spanish\/?post_type=product&#038;p=9079"},"modified":"2023-08-23T06:23:55","modified_gmt":"2023-08-23T10:23:55","slug":"bovie-specialist-pro","status":"publish","type":"product","link":"https:\/\/www.somatechnology.com\/spanish\/equipo-medico-usado-remanufacturado\/unidades-electroquirurgicas-electrobisturis\/bovie-specialist-pro\/","title":{"rendered":"Bovie Specialist Pro"},"content":{"rendered":"<h2>Caracter\u00edsticas del Bovie Specialist Pro<\/h2>\n<p>El <strong>Bovie Specialist Pro<\/strong> es la soluci\u00f3n de electrocirug\u00eda para consultorios m\u00e9dicos a la carta e instalaciones especializadas. Dise\u00f1ado para funcionar como un generador de quir\u00f3fano en un paquete compacto de menor vatio. La unidad multiusos es ideal para procedimientos quir\u00fargicos de oficina monopolar y bipolar. El especialista Pro ESU ofrece 5 salidas de energ\u00eda comunes controladas por el nuevo dise\u00f1o elegante, de bot\u00f3n, con hasta 120 vatios de potencia. Las modalidades incluyen corte, mezcla, coagulaci\u00f3n, fulguraci\u00f3n y est\u00e1ndar bipolar.<\/p>\n<ul>\n<li>120 vatios de potencia de corte<\/li>\n<li>Capacidades monopolares y bipolares<\/li>\n<li>Dise\u00f1ado para funcionar como un o generador en un paquete m\u00e1s peque\u00f1o, de menor potencia<\/li>\n<li>Gran pantalla digital iluminada<\/li>\n<li>Circuitos de auto-prueba<\/li>\n<li>Circuitos aislados<\/li>\n<\/ul>\n<h2>Especificaciones del Bovie Specialist Pro<\/h2>\n<h3>Dimensiones<\/h3>\n<ul>\n<li>Altura: 6 pulg (15,2 cm)<\/li>\n<li>Anchura: 10,25 adentro (los 26cm)<\/li>\n<li>Profundidad: 12 pulg (30,5 cm)<\/li>\n<li>Peso: &lt; 9 lbs (&lt; 4 kg)<\/li>\n<\/ul>\n<h3>Voltaje y frecuencia generales<\/h3>\n<ul>\n<li>Frecuencia de la salida: 350-600 kilociclos<\/li>\n<li>L\u00ednea voltaje: A1250S: 100-240 VAC<\/li>\n<li>Frecuencia de l\u00ednea: 50 \u2013 60 Hz<\/li>\n<\/ul>\n<h3>Monopolar<\/h3>\n<ul>\n<li>Cut\n<ul>\n<li>Frecuencia de la salida: 350-600 kilociclos<\/li>\n<li>L\u00ednea voltaje: A1250S: 100-240 VAC<\/li>\n<li>Frecuencia de l\u00ednea: 50 \u2013 60 20%<\/li>\n<\/ul>\n<\/li>\n<li>Blend\n<ul>\n<li>o de potencia de salida: 90 W @ 800 \u03a9<\/li>\n<li>o frecuencia de salida: 357 kHz \u00b1 50 kHz<\/li>\n<li>tarifa de la repetici\u00f3n del o: 30 kilociclos \u00b1 5 kilociclos<\/li>\n<li>o circuito abierto Vpico m\u00e1x: 1850V<\/li>\n<li>o factor de cresta (carga nominal): 3.3 \u00b1 20<\/li>\n<\/ul>\n<\/li>\n<\/ul>\n<h3>Bipolar<\/h3>\n<ul>\n<li>Coagulaci\u00f3n\n<ul>\n<li>Potencia de salida: 80 W @ 1000 \u03a9<\/li>\n<li>Frecuencia de salida: 475 kHz \u00b1 19 kHz<\/li>\n<li>Tarifa de la repetici\u00f3n: 57 kilociclos \u00b1 5 kilociclos<\/li>\n<li>Circuito abierto Vpico m\u00e1x: 3300V<\/li>\n<li>Factor de cresta (carga nominal): 5.5 \u00b1 20%<\/li>\n<\/ul>\n<\/li>\n<li>Fulguraci\u00f3n\n<ul>\n<li>Potencia de salida: 40 W @ 1000 \u03a9<\/li>\n<li>Frecuencia de salida: 410 kHz \u00b1 50 kHz<\/li>\n<li>Tarifa de la repetici\u00f3n: 25 kilociclos \u00b1 5 kilociclos<\/li>\n<li>Circuito abierto Vpico m\u00e1x: 3900V<\/li>\n<li>Factor de cresta (carga nominal): 7.7 \u00b1 20%<\/li>\n<\/ul>\n<\/li>\n<li>Bipolar\n<ul>\n<li>Potencia de salida: 30 W @ 200 \u03a9<\/li>\n<li>Frecuencia de la salida: 520 kilociclos (-14 kilociclos, + 29 kilociclos)<\/li>\n<li>Tarifa de la repetici\u00f3n de o: 32 kilociclos \u00b1 5 kilociclos<\/li>\n<li>Circuito abierto Vpico m\u00e1x: 1200V<\/li>\n<li>Factor de cresta (carga nominal): 6.9 \u00b1 20%<\/li>\n<\/ul>\n<\/li>\n<\/ul>\n<p>&nbsp;<\/p>\n","protected":false},"excerpt":{"rendered":"<p>Electrobisturis<\/p>\n","protected":false},"featured_media":12020,"template":"","meta":{"_acf_changed":false,"_relevanssi_hide_post":"","_relevanssi_hide_content":"","_relevanssi_pin_for_all":"","_relevanssi_pin_keywords":"","_relevanssi_unpin_keywords":"","_relevanssi_related_keywords":"","_relevanssi_related_include_ids":"","_relevanssi_related_exclude_ids":"","_relevanssi_related_no_append":"","_relevanssi_related_not_related":"","_relevanssi_related_posts":"","_relevanssi_noindex_reason":"","inline_featured_image":false},"pwb-brand":[1170],"product_brand":[],"product_cat":[76],"product_tag":[1449,1898,1897,1895,1896,1899],"class_list":{"0":"post-9079","1":"product","2":"type-product","3":"status-publish","4":"has-post-thumbnail","6":"pwb-brand-electrobisturis-bovie","7":"product_cat-unidades-electroquirurgicas-electrobisturis","8":"product_tag-bovie","9":"product_tag-bovie-specialist","10":"product_tag-bovie-specialist-pro","11":"product_tag-bovie-specialist-pro-electrobisturis","12":"product_tag-electrobisturis","13":"product_tag-specialist-pro","15":"first","16":"instock","17":"shipping-taxable","18":"purchasable","19":"product-type-simple"},"acf":[],"brands":[{"id":1170,"name":"Bovie Aaron","slug":"electrobisturis-bovie"}],"_links":{"self":[{"href":"https:\/\/www.somatechnology.com\/spanish\/wp-json\/wp\/v2\/product\/9079","targetHints":{"allow":["GET"]}}],"collection":[{"href":"https:\/\/www.somatechnology.com\/spanish\/wp-json\/wp\/v2\/product"}],"about":[{"href":"https:\/\/www.somatechnology.com\/spanish\/wp-json\/wp\/v2\/types\/product"}],"wp:featuredmedia":[{"embeddable":true,"href":"https:\/\/www.somatechnology.com\/spanish\/wp-json\/wp\/v2\/media\/12020"}],"wp:attachment":[{"href":"https:\/\/www.somatechnology.com\/spanish\/wp-json\/wp\/v2\/media?parent=9079"}],"wp:term":[{"taxonomy":"pwb-brand","embeddable":true,"href":"https:\/\/www.somatechnology.com\/spanish\/wp-json\/wp\/v2\/pwb-brand?post=9079"},{"taxonomy":"product_brand","embeddable":true,"href":"https:\/\/www.somatechnology.com\/spanish\/wp-json\/wp\/v2\/product_brand?post=9079"},{"taxonomy":"product_cat","embeddable":true,"href":"https:\/\/www.somatechnology.com\/spanish\/wp-json\/wp\/v2\/product_cat?post=9079"},{"taxonomy":"product_tag","embeddable":true,"href":"https:\/\/www.somatechnology.com\/spanish\/wp-json\/wp\/v2\/product_tag?post=9079"}],"curies":[{"name":"wp","href":"https:\/\/api.w.org\/{rel}","templated":true}]}}