{"id":9080,"date":"2018-03-12T15:51:16","date_gmt":"2018-03-12T15:51:16","guid":{"rendered":"https:\/\/www.somatechnology.com\/spanish\/?post_type=product&#038;p=9080"},"modified":"2025-12-11T04:38:25","modified_gmt":"2025-12-11T09:38:25","slug":"drager-oxylog-3000-plus","status":"publish","type":"product","link":"https:\/\/www.somatechnology.com\/spanish\/equipo-medico-usado-remanufacturado\/ventiladores\/drager-oxylog-3000-plus\/","title":{"rendered":"Drager Oxylog 3000 Plus"},"content":{"rendered":"<div class=\"wpb-content-wrapper\"><p>[vc_row][vc_column][vc_column_text css=\u00bb\u00bb]<\/p>\n<h2>Ventilador Drager Oxylog 3000 Plus<\/h2>\n<p>El ventilador de emergencia y transporte Drager Oxylog 3000 Plus ofrece un alto rendimiento de ventilaci\u00f3n con caracter\u00edsticas tales como la capnograf\u00eda integrada de autoflujo y la ventilaci\u00f3n no invasiva. El compacto y robusto Oxylog 3000 Plus le ayuda a transportar a sus pacientes con seguridad y proporciona retroalimentaci\u00f3n sobre la correcci\u00f3n de la intubaci\u00f3n y la efectividad de la ventilaci\u00f3n.<\/p>\n<ul>\n<li>\u00a0Alta confianza durante el transporte.<\/li>\n<li>Amplia gama de modos de ventilaci\u00f3n y autoflujo.<\/li>\n<li>Capnograf\u00eda integrado.<\/li>\n<li>Listo para pacientes pedi\u00e1tricos.<\/li>\n<li>Compensaci\u00f3n autom\u00e1tica de altitud (BTPS).<\/li>\n<li>Interfaz de usuario intuitiva.<\/li>\n<li>Funcionalidad avanzada de exportaci\u00f3n de datos.<\/li>\n<\/ul>\n<p>[\/vc_column_text][\/vc_column][\/vc_row]<\/p>\n<\/div>","protected":false},"excerpt":{"rendered":"<p>El ventilador de emergencia y transporte Drager Oxylog 3000 Plus ofrece un alto rendimiento de ventilaci\u00f3n con caracter\u00edsticas tales como la capnograf\u00eda integrada de autoflujo y la ventilaci\u00f3n no invasiva. El compacto y robusto Oxylog 3000 Plus le ayuda a transportar a sus pacientes con seguridad y proporciona retroalimentaci\u00f3n sobre la correcci\u00f3n de la intubaci\u00f3n y la efectividad de la ventilaci\u00f3n.<\/p>\n","protected":false},"featured_media":9803,"template":"","meta":{"_acf_changed":false,"_relevanssi_hide_post":"","_relevanssi_hide_content":"","_relevanssi_pin_for_all":"","_relevanssi_pin_keywords":"","_relevanssi_unpin_keywords":"","_relevanssi_related_keywords":"","_relevanssi_related_include_ids":"","_relevanssi_related_exclude_ids":"","_relevanssi_related_no_append":"","_relevanssi_related_not_related":"","_relevanssi_related_posts":"","_relevanssi_noindex_reason":"","inline_featured_image":false},"pwb-brand":[1122],"product_brand":[],"product_cat":[51,4780],"product_tag":[217,1887,1893,1892,1888,1890,1894,1889,1891,1473,6884],"class_list":{"0":"post-9080","1":"product","2":"type-product","3":"status-publish","4":"has-post-thumbnail","6":"pwb-brand-equipo-medico-drager","7":"product_cat-ventiladores","8":"product_cat-ventiladores-portatil","9":"product_tag-drager","10":"product_tag-drager-oxylog","11":"product_tag-drager-oxylog-3000-plus","12":"product_tag-drager-oxylog-plus-3000","13":"product_tag-oxylog","14":"product_tag-oxylog-3000","15":"product_tag-oxylog-3000-plus","16":"product_tag-oxylog-plus","17":"product_tag-oxylog-plus-3000","18":"product_tag-plus","19":"product_tag-ventiladores-drager","21":"first","22":"instock","23":"shipping-taxable","24":"purchasable","25":"product-type-simple"},"acf":[],"brands":[{"id":1122,"name":"Drager","slug":"equipo-medico-drager"}],"_links":{"self":[{"href":"https:\/\/www.somatechnology.com\/spanish\/wp-json\/wp\/v2\/product\/9080","targetHints":{"allow":["GET"]}}],"collection":[{"href":"https:\/\/www.somatechnology.com\/spanish\/wp-json\/wp\/v2\/product"}],"about":[{"href":"https:\/\/www.somatechnology.com\/spanish\/wp-json\/wp\/v2\/types\/product"}],"wp:featuredmedia":[{"embeddable":true,"href":"https:\/\/www.somatechnology.com\/spanish\/wp-json\/wp\/v2\/media\/9803"}],"wp:attachment":[{"href":"https:\/\/www.somatechnology.com\/spanish\/wp-json\/wp\/v2\/media?parent=9080"}],"wp:term":[{"taxonomy":"pwb-brand","embeddable":true,"href":"https:\/\/www.somatechnology.com\/spanish\/wp-json\/wp\/v2\/pwb-brand?post=9080"},{"taxonomy":"product_brand","embeddable":true,"href":"https:\/\/www.somatechnology.com\/spanish\/wp-json\/wp\/v2\/product_brand?post=9080"},{"taxonomy":"product_cat","embeddable":true,"href":"https:\/\/www.somatechnology.com\/spanish\/wp-json\/wp\/v2\/product_cat?post=9080"},{"taxonomy":"product_tag","embeddable":true,"href":"https:\/\/www.somatechnology.com\/spanish\/wp-json\/wp\/v2\/product_tag?post=9080"}],"curies":[{"name":"wp","href":"https:\/\/api.w.org\/{rel}","templated":true}]}}