{"id":9088,"date":"2018-03-12T16:22:36","date_gmt":"2018-03-12T16:22:36","guid":{"rendered":"https:\/\/www.somatechnology.com\/spanish\/?post_type=product&#038;p=9088"},"modified":"2023-08-23T06:23:57","modified_gmt":"2023-08-23T10:23:57","slug":"bovie-pro-300","status":"publish","type":"product","link":"https:\/\/www.somatechnology.com\/spanish\/equipo-medico-usado-remanufacturado\/unidades-electroquirurgicas-electrobisturis\/bovie-pro-300\/","title":{"rendered":"Bovie OR Pro 300"},"content":{"rendered":"<h2>Caracter\u00edsticas del\u00a0Bovie OR Pro 300<\/h2>\n<p>El generador electroquir\u00fargico <strong>Bovie o Pro 300<\/strong>. El sistema fue dise\u00f1ado conjuntamente con o los cl\u00ednicos para proporcionar un generador seguro, de uso f\u00e1cil para resolver todas las demandas de funcionamiento del procedimiento de la sala de operaciones. Este innovador dispositivo basado en la energ\u00eda ofrece 13 modos de suministro de energ\u00eda quir\u00fargica. Las modalidades especiales incluyen el Bovie avanzado bipolar, opciones Auto bipolares, y modos laparoscopic especiales. El or Pro 300 ofrece dos (2) modos de corte puro, cuatro (4) modos de mezcla, tres (3) modos de coagulaci\u00f3n, coagulaci\u00f3n bipolar y tecnolog\u00eda Bovie FCFS &#x2122; que permite al m\u00e9dico moverse casi sin esfuerzo de monopolar a bipolar durante un procedimiento.<\/p>\n<ul>\n<li>Bovie bipolar (BBP) \u2013 coagulaci\u00f3n pulsante para la coagulaci\u00f3n r\u00e1pida y potente del tejido<\/li>\n<li>Tecnolog\u00eda intuitiva bipolar auto<\/li>\n<li>Tecnolog\u00eda de memoria quir\u00fargica \u2013 recuerda la \u00faltima potencia utilizada y el modo de hasta 10 presets<\/li>\n<li>Energ\u00eda ajustable durante la activaci\u00f3n \u2013 durante todas las activaciones, la potencia se puede ajustar hacia arriba o hacia abajo en pasos variables<\/li>\n<\/ul>\n<h2>Especificaciones del\u00a0Bovie OR Pro 300<\/h2>\n<h3>Dimensiones<\/h3>\n<ul>\n<li>Altura: 6.5 pulg (16.5 cm)<\/li>\n<li>Anchura: 14,75 adentro (los 37.5 cm)<\/li>\n<li>Profundidad: 18.1 pulg (46 cm)<\/li>\n<li>Peso: &lt; 20 lbs (&lt; 9.07 kg)<\/li>\n<\/ul>\n<h3>Informaci\u00f3n General<\/h3>\n<ul>\n<li>Medidor de salida audible\/visible: s\u00ed<\/li>\n<li>Sistemas de monitoreo de contacto: BovieNEM<\/li>\n<li>Sistemas de monitoreo de contacto \u2022 punto de alcance\/disparo: 10 ohmios o menos sobre todo<\/li>\n<li>Rango de funcionamiento (10C \u00b0 a 40 \u00b0 c)<\/li>\n<li>Sistema de enfriamiento: enfriamiento pasivo<\/li>\n<li>Tecnolog\u00eda: salida aislada del RF<\/li>\n<li>Caracter\u00edstica pre-fijada: s\u00ed<\/li>\n<li>HP monopolar puertos: 2<\/li>\n<li>Alerta de tono de activaci\u00f3n dual: s\u00ed<\/li>\n<li>Puertos del conectador\/interruptor de energ\u00eda: blanco<\/li>\n<\/ul>\n<h3>Bipolar<\/h3>\n<ul>\n<li>Macro Bipolar\n<ul>\n<li>Watts: 150<\/li>\n<li>VPeak Max Voltage: 600V<\/li>\n<li>Crest Factor (Typical): 1.5 \u00b1 20%<\/li>\n<li>Frecuencia: 490 kHz \u00b1 4.9 kHz<\/li>\n<\/ul>\n<\/li>\n<li>Micro Bipolar\n<ul>\n<li>Watts: 80<\/li>\n<li>VPeak Max Voltage: 450V<\/li>\n<li>Crest Factor (Typical): 1.5 \u00b1 20%<\/li>\n<li>Frecuencia: 490 kHz \u00b1 4.9 kHz<\/li>\n<\/ul>\n<\/li>\n<li>Standard Bipolar\n<ul>\n<li>Watts: 50<\/li>\n<li>VPeak Max Voltage: 300V<\/li>\n<li>Crest Factor (Typical): 1.5 \u00b1 20%<\/li>\n<li>Frecuencia: 490 kHz \u00b1 4.9 kHz<\/li>\n<\/ul>\n<\/li>\n<li>Bovie Bipolar\n<ul>\n<li>Watts: 225<\/li>\n<li>VPeak Max Voltage: 250V<\/li>\n<li>Crest Factor (Typical): 1.5 \u00b1 20%<\/li>\n<li>Frecuencia: 490 kHz \u00b1 4.9 kHz<\/li>\n<\/ul>\n<\/li>\n<li>Auto Bipolar\n<ul>\n<li>Watts: 80<\/li>\n<li>Frecuencia: 490 kHz \u00b1 4.9 kHz<\/li>\n<\/ul>\n<\/li>\n<\/ul>\n<h3>Monopolar<\/h3>\n<ul>\n<li>Cut I\n<ul>\n<li>Watts: 300<\/li>\n<li>VPeak Max Voltage: 1000V<\/li>\n<li>Crest Factor (Typical): 1.7 \u00b1 20%<\/li>\n<li>Frecuencia: 490 kHz \u00b1 4.9 kHz<\/li>\n<\/ul>\n<\/li>\n<li>Cut II\n<ul>\n<li>Watts: 300<\/li>\n<li>VPeak Max Voltage: 750V<\/li>\n<li>Crest Factor (Typical): 1.7 \u00b1 20%<\/li>\n<li>Frecuencia: 490 kHz \u00b1 4.9 kHz<\/li>\n<\/ul>\n<\/li>\n<li>Blend (1)\n<ul>\n<li>Watts: 200<\/li>\n<li>VPeak Max Voltage: 1320V<\/li>\n<li>Crest Factor (Typical): 1.8 \u00b1 20%<\/li>\n<li>Frecuencia: 490 kHz \u00b1 4.9 kHz<\/li>\n<\/ul>\n<\/li>\n<li>Blend (2)\n<ul>\n<li>Watts: 200<\/li>\n<li>VPeak Max Voltage: 1475V<\/li>\n<li>Crest Factor (Typical): 2.0 \u00b1 20%<\/li>\n<li>Frecuencia: 490 kHz \u00b1 4.9 kHz<\/li>\n<\/ul>\n<\/li>\n<li>Blend (3)\n<ul>\n<li>Watts: 200<\/li>\n<li>VPeak Max Voltage: 1650V<\/li>\n<li>Crest Factor (Typical): 2.2 \u00b1 20%<\/li>\n<li>Frecuencia: 490 kHz \u00b1 4.9 kHz<\/li>\n<\/ul>\n<\/li>\n<li>Blend (4)\n<ul>\n<li>Watts: 200<\/li>\n<li>VPeak Max Voltage: 1870V<\/li>\n<li>Crest Factor (Typical): 2.4 \u00b1 20%<\/li>\n<li>Frecuencia: 490 kHz \u00b1 4.9 kHz<\/li>\n<\/ul>\n<\/li>\n<li>Pinpoint Coagulation\n<ul>\n<li>Watts: 120<\/li>\n<li>VPeak Max Voltage: 1800V<\/li>\n<li>Crest Factor (Typical): 3.1 \u00b1 20%<\/li>\n<li>Frecuencia: 490 kHz \u00b1 4.9 kHz<\/li>\n<\/ul>\n<\/li>\n<li>Spray Coagulation\n<ul>\n<li>Watts: 120<\/li>\n<li>VPeak Max Voltage: 4000V<\/li>\n<li>Crest Factor (Typical): 6.0 \u00b1 20%<\/li>\n<li>Frecuencia: 350 to 450 kHz<\/li>\n<\/ul>\n<\/li>\n<li>Gentle Coagulation\n<ul>\n<li>Watts: 120<\/li>\n<li>VPeak Max Voltage: 450V<\/li>\n<li>Crest Factor (Typical): 1.6 \u00b1 20%<\/li>\n<li>Frecuencia: 490 kHz \u00b1 4.9 kHz<\/li>\n<\/ul>\n<\/li>\n<\/ul>\n<p>&nbsp;<\/p>\n","protected":false},"excerpt":{"rendered":"<p>Electrobisturis<\/p>\n","protected":false},"featured_media":12019,"template":"","meta":{"_acf_changed":false,"_relevanssi_hide_post":"","_relevanssi_hide_content":"","_relevanssi_pin_for_all":"","_relevanssi_pin_keywords":"","_relevanssi_unpin_keywords":"","_relevanssi_related_keywords":"","_relevanssi_related_include_ids":"","_relevanssi_related_exclude_ids":"","_relevanssi_related_no_append":"","_relevanssi_related_not_related":"","_relevanssi_related_posts":"","_relevanssi_noindex_reason":"","inline_featured_image":false},"pwb-brand":[1170],"product_brand":[],"product_cat":[76],"product_tag":[1449,1918,1916,1917,1915,1911,1913,1912,1896,1914],"class_list":{"0":"post-9088","1":"product","2":"type-product","3":"status-publish","4":"has-post-thumbnail","6":"pwb-brand-electrobisturis-bovie","7":"product_cat-unidades-electroquirurgicas-electrobisturis","8":"product_tag-bovie","9":"product_tag-bovie-electrobisturis","10":"product_tag-bovie-or","11":"product_tag-bovie-or-esu","12":"product_tag-bovie-or-pro","13":"product_tag-bovie-or-pro-300","14":"product_tag-bovie-or-pro-300-electrobisturis","15":"product_tag-bovie-or-pro-300-esu","16":"product_tag-electrobisturis","17":"product_tag-or-pro-300","19":"first","20":"instock","21":"shipping-taxable","22":"purchasable","23":"product-type-simple"},"acf":[],"brands":[{"id":1170,"name":"Bovie Aaron","slug":"electrobisturis-bovie"}],"_links":{"self":[{"href":"https:\/\/www.somatechnology.com\/spanish\/wp-json\/wp\/v2\/product\/9088","targetHints":{"allow":["GET"]}}],"collection":[{"href":"https:\/\/www.somatechnology.com\/spanish\/wp-json\/wp\/v2\/product"}],"about":[{"href":"https:\/\/www.somatechnology.com\/spanish\/wp-json\/wp\/v2\/types\/product"}],"wp:featuredmedia":[{"embeddable":true,"href":"https:\/\/www.somatechnology.com\/spanish\/wp-json\/wp\/v2\/media\/12019"}],"wp:attachment":[{"href":"https:\/\/www.somatechnology.com\/spanish\/wp-json\/wp\/v2\/media?parent=9088"}],"wp:term":[{"taxonomy":"pwb-brand","embeddable":true,"href":"https:\/\/www.somatechnology.com\/spanish\/wp-json\/wp\/v2\/pwb-brand?post=9088"},{"taxonomy":"product_brand","embeddable":true,"href":"https:\/\/www.somatechnology.com\/spanish\/wp-json\/wp\/v2\/product_brand?post=9088"},{"taxonomy":"product_cat","embeddable":true,"href":"https:\/\/www.somatechnology.com\/spanish\/wp-json\/wp\/v2\/product_cat?post=9088"},{"taxonomy":"product_tag","embeddable":true,"href":"https:\/\/www.somatechnology.com\/spanish\/wp-json\/wp\/v2\/product_tag?post=9088"}],"curies":[{"name":"wp","href":"https:\/\/api.w.org\/{rel}","templated":true}]}}