{"id":9096,"date":"2018-03-12T16:30:20","date_gmt":"2018-03-12T16:30:20","guid":{"rendered":"https:\/\/www.somatechnology.com\/spanish\/?post_type=product&#038;p=9096"},"modified":"2025-12-11T03:38:37","modified_gmt":"2025-12-11T08:38:37","slug":"ge-logiq-p5","status":"publish","type":"product","link":"https:\/\/www.somatechnology.com\/spanish\/equipo-medico-usado-remanufacturado\/imagenologia-radiologia\/ultrasonidos\/ge-logiq-p5\/","title":{"rendered":"GE Logiq P5"},"content":{"rendered":"<div class=\"wpb-content-wrapper\"><p>[vc_row][vc_column][vc_column_text css=\u00bb\u00bb]<\/p>\n<h2>GE Logiq P5<\/h2>\n<p>El sistema del ultrasonido de GE Logiq P5 pone tecnolog\u00eda del ultrasonido de la calidad bien dentro del alcance de su pr\u00e1ctica privada, cl\u00ednica especializada, o hospital. Ofrece una calidad de imagen s\u00f3lida, incluyendo capacidades mejoradas 4D y una amplia cartera de transductores para ayudarle a llevar su atenci\u00f3n al paciente a un nivel alto. Logiq P5 proporciona la versatilidad para trabajar en muchas \u00e1reas de cuidado. Sus capacidades avanzadas y eficiencias de flujo de trabajo pueden beneficiar las aplicaciones generales de la imagen, as\u00ed como la salud de las mujeres, la Urolog\u00eda y otras aplicaciones de punto de atenci\u00f3n.<\/p>\n<ul>\n<li>Monitor LCD de 15 \u2033 en brazo articulado<\/li>\n<li>Teclado de tama\u00f1o completo con teclas definidas por el usuario<\/li>\n<li>Optimizaci\u00f3n autom\u00e1tica (AO)<\/li>\n<li>Im\u00e1genes de reducci\u00f3n de moteado (Sri)<\/li>\n<li>proyecci\u00f3n de imagen 3D\/4D<\/li>\n<li>Arquitectura TruScan<\/li>\n<li>Procesamiento de datos RAW de TruAccess<\/li>\n<li>SmartScan<\/li>\n<li>ComfortScan<\/li>\n<li>3 puertos de sondeo activos<\/li>\n<li>HDD integrado y DVD-R\/W<\/li>\n<li>Almacenaje perif\u00e9rico a bordo<\/li>\n<li>Frecuencia: 50\/60 hertzio<\/li>\n<li>Voltaje: 100-120 VAC o 220-240 VAC<\/li>\n<\/ul>\n<h3>Dimensiones<\/h3>\n<ul>\n<li>Altura (ajustable): 135 a 55,5 pulg (135 a 141 cm)<\/li>\n<li>Anchura: 17 adentro (43cm)<\/li>\n<li>Profundidad: 25.1 pulg (64 cm)<\/li>\n<li>Peso: 165 lbs (74,8 kg)<\/li>\n<\/ul>\n<h3>Monitor<\/h3>\n<ul>\n<li>Tama\u00f1o: 15 en (38,1 cm)<\/li>\n<li>Tipo: TFT LCD<\/li>\n<li>Formato: XGA \u2022 resoluci\u00f3n: 1024 x 768 p\u00edxeles<\/li>\n<li>\u00c1rea de grabaci\u00f3n: 800 x 800<\/li>\n<li>Ajustable: s\u00ed, inclinaci\u00f3n\/eslab\u00f3n giratorio<\/li>\n<li>Brillo\/contrato: ajuste digital<\/li>\n<\/ul>\n<h3>Informacion electrica<\/h3>\n<ul>\n<li>Voltaje: 100-120V CA o 220-240 VCA<\/li>\n<li>Frecuencia: 50\/60 hertzio<\/li>\n<li>Potencia: m\u00e1x. 750 va con los perif\u00e9ricos incorporados y a bordo<\/li>\n<li>Salida termal m\u00e1xima: 2200 BTU\/HR<\/li>\n<\/ul>\n<h3>Modos de funcionamiento<\/h3>\n<ul>\n<li>B-Mode<\/li>\n<li>M-Mode<\/li>\n<li>Crossbeam<\/li>\n<li>SRI<\/li>\n<li>Elastography (option)<\/li>\n<li>Anatomical M Mode (option)<\/li>\n<li>Color Flow Mode (CFM)<\/li>\n<li>Power Doppler Imaging (PDI) with a directional map<\/li>\n<li>PW Doppler with High PRF<\/li>\n<li>B-Flow (option)<\/li>\n<li>Steered CW Doppler (option)<\/li>\n<li>Dedicated CW Doppler (option)<\/li>\n<li>Coded Contract Imaging (option)<\/li>\n<li>3D\/4D Volume Modes (option)<\/li>\n<\/ul>\n<h3>Caracter\u00edsticas est\u00e1ndar<\/h3>\n<ul>\n<li>B-Steer<\/li>\n<li>Virtual Convex with X-Beam<\/li>\n<li>ED Report<\/li>\n<li>Hard Disk partition of 50GB for image storage<\/li>\n<li>Without Compression:\n<ul>\n<li>Raw DICOM: HDD Capacity 33,000 images<\/li>\n<li>DICOM: Image only, HDD Capacity 71,000 images<\/li>\n<\/ul>\n<\/li>\n<li>CINE Memory Frames (60 sec) (192MB) &gt; 1000 depending on the probe, imaging depth, line density and field of view<\/li>\n<li>Real-time Triplex Mode at any Depth and PRF<\/li>\n<li>Automatic Optimization\n<ul>\n<li>Auto tissue Optimization: ATO<\/li>\n<li>Auto Spectrum Optimization: ASO<\/li>\n<li>Auto Color Optimization: ACO<\/li>\n<\/ul>\n<\/li>\n<li>Coded harmonic imaging<\/li>\n<li>Coded Excitation<\/li>\n<li>Virtual Convex<\/li>\n<li>Patient Information Database<\/li>\n<li>Image Archive on Hard Drive and DVD<\/li>\n<li>Easy backup for media<\/li>\n<li>Report Designer<\/li>\n<li>Vascular Calcs<\/li>\n<li>Cardiac Calcs<\/li>\n<li>OB Calcs<\/li>\n<li>Fetal Trending<\/li>\n<li>Multi Gestational Calcs<\/li>\n<li>Hip Dysplasia Calcs<\/li>\n<li>Gynecological Calcs<\/li>\n<li>Urological Calcs<\/li>\n<li>Renal Calcs<\/li>\n<li>Real-time Auto Doppler Calculations<\/li>\n<li>TruAccess, Raw Data Processing<\/li>\n<li>MpegView<\/li>\n<li>Key Macro<\/li>\n<li>Network Storage<\/li>\n<li>Auto Focus<\/li>\n<li>Wide Field of View on convex<\/li>\n<li>Simultaneous Display on BE9CS probe<\/li>\n<li>Quick Save<\/li>\n<\/ul>\n<p>[\/vc_column_text][\/vc_column][\/vc_row]<\/p>\n<\/div>","protected":false},"excerpt":{"rendered":"<p>Ultrasonido<\/p>\n","protected":false},"featured_media":25416,"template":"","meta":{"_acf_changed":false,"_relevanssi_hide_post":"","_relevanssi_hide_content":"","_relevanssi_pin_for_all":"","_relevanssi_pin_keywords":"","_relevanssi_unpin_keywords":"","_relevanssi_related_keywords":"","_relevanssi_related_include_ids":"","_relevanssi_related_exclude_ids":"","_relevanssi_related_no_append":"","_relevanssi_related_not_related":"","_relevanssi_related_posts":"","_relevanssi_noindex_reason":"","inline_featured_image":false},"pwb-brand":[1100],"product_brand":[],"product_cat":[91],"product_tag":[224,1902,1930,1929,1919,1927,1928,1901,1900],"class_list":{"0":"post-9096","1":"product","2":"type-product","3":"status-publish","4":"has-post-thumbnail","6":"pwb-brand-equipo-medico-ge","7":"product_cat-ultrasonidos","8":"product_tag-ge","9":"product_tag-ge-logiq","10":"product_tag-ge-logiq-p5","11":"product_tag-ge-p5","12":"product_tag-logiq","13":"product_tag-logiq-p5","14":"product_tag-p5","15":"product_tag-ultrasonido","16":"product_tag-ultrasonidos","18":"first","19":"instock","20":"shipping-taxable","21":"purchasable","22":"product-type-simple"},"acf":[],"brands":[{"id":1100,"name":"GE","slug":"equipo-medico-ge"}],"_links":{"self":[{"href":"https:\/\/www.somatechnology.com\/spanish\/wp-json\/wp\/v2\/product\/9096","targetHints":{"allow":["GET"]}}],"collection":[{"href":"https:\/\/www.somatechnology.com\/spanish\/wp-json\/wp\/v2\/product"}],"about":[{"href":"https:\/\/www.somatechnology.com\/spanish\/wp-json\/wp\/v2\/types\/product"}],"wp:featuredmedia":[{"embeddable":true,"href":"https:\/\/www.somatechnology.com\/spanish\/wp-json\/wp\/v2\/media\/25416"}],"wp:attachment":[{"href":"https:\/\/www.somatechnology.com\/spanish\/wp-json\/wp\/v2\/media?parent=9096"}],"wp:term":[{"taxonomy":"pwb-brand","embeddable":true,"href":"https:\/\/www.somatechnology.com\/spanish\/wp-json\/wp\/v2\/pwb-brand?post=9096"},{"taxonomy":"product_brand","embeddable":true,"href":"https:\/\/www.somatechnology.com\/spanish\/wp-json\/wp\/v2\/product_brand?post=9096"},{"taxonomy":"product_cat","embeddable":true,"href":"https:\/\/www.somatechnology.com\/spanish\/wp-json\/wp\/v2\/product_cat?post=9096"},{"taxonomy":"product_tag","embeddable":true,"href":"https:\/\/www.somatechnology.com\/spanish\/wp-json\/wp\/v2\/product_tag?post=9096"}],"curies":[{"name":"wp","href":"https:\/\/api.w.org\/{rel}","templated":true}]}}