{"id":9098,"date":"2018-03-12T16:34:57","date_gmt":"2018-03-12T16:34:57","guid":{"rendered":"https:\/\/www.somatechnology.com\/spanish\/?post_type=product&#038;p=9098"},"modified":"2025-12-11T04:33:29","modified_gmt":"2025-12-11T09:33:29","slug":"sonosite-x-porte","status":"publish","type":"product","link":"https:\/\/www.somatechnology.com\/spanish\/equipo-medico-usado-remanufacturado\/imagenologia-radiologia\/ultrasonidos\/sonosite-x-porte\/","title":{"rendered":"SonoSite X-Porte"},"content":{"rendered":"<div class=\"wpb-content-wrapper\"><p>[vc_row][vc_column][vc_column_text css=\u00bb\u00bb]<\/p>\n<h2>SonoSite X-Porte<\/h2>\n<p>El <a href=\"https:\/\/www.somatechnology.com\/wp-content\/uploads\/sites\/2\/2018\/03\/Sonosite-x-porte-spa.pdf\">SonoSite X-Porte<\/a> es un sistema de ultrasonido dise\u00f1ado para el punto de atenci\u00f3n, equipado con la tecnolog\u00eda Extreme Definition Imaging (XDI). Este sistema de ultrasonido con servidor compartido es vers\u00e1til y proporciona im\u00e1genes para una amplia gama de procedimientos, incluidos los vasculares, venosos, card\u00edacos, partes peque\u00f1as, OB\/GYN, nervios, superficiales, MSK y aplicaciones abdominales. Dise\u00f1ado para ser compacto y port\u00e1til, el X-Porte se desplaza f\u00e1cilmente alrededor de las mesas de examen y ofrece ajuste para mayor comodidad. Cuenta con un panel de control t\u00e1ctil de 12 pulgadas y un monitor HD de 19 pulgadas, que ofrece im\u00e1genes de alta definici\u00f3n. Adem\u00e1s, el monitor puede inclinarse y rotarse para obtener \u00e1ngulos de visi\u00f3n \u00f3ptimos.<\/p>\n<ul>\n<li>Interfaz de pantalla t\u00e1ctil<\/li>\n<li>Biblioteca interna de 87 tutoriales<\/li>\n<li>Panel de control t\u00e1ctil de 12 pulgadas<\/li>\n<li>DVR interno que puede grabar 60 minutos de exploraci\u00f3n<\/li>\n<li>Compatible con al menos 14 transductores SonoSite<\/li>\n<li>Tecnolog\u00eda de formaci\u00f3n de haz Extreme Definition Imaging (XDI)<\/li>\n<\/ul>\n<p>[\/vc_column_text][\/vc_column][\/vc_row]<\/p>\n<\/div>","protected":false},"excerpt":{"rendered":"<p>Ultrasonidos<\/p>\n","protected":false},"featured_media":25787,"template":"","meta":{"_acf_changed":false,"_relevanssi_hide_post":"","_relevanssi_hide_content":"","_relevanssi_pin_for_all":"","_relevanssi_pin_keywords":"","_relevanssi_unpin_keywords":"","_relevanssi_related_keywords":"","_relevanssi_related_include_ids":"","_relevanssi_related_exclude_ids":"","_relevanssi_related_no_append":"","_relevanssi_related_not_related":"","_relevanssi_related_posts":"","_relevanssi_noindex_reason":"","inline_featured_image":false},"pwb-brand":[1125],"product_brand":[],"product_cat":[91],"product_tag":[1931,1932,10350,1901,10347,1900,10348,1933,10349],"class_list":{"0":"post-9098","1":"product","2":"type-product","3":"status-publish","4":"has-post-thumbnail","6":"pwb-brand-ultrasonidos-sonosite","7":"product_cat-ultrasonidos","8":"product_tag-sonosite","9":"product_tag-sonosite-x-porte","10":"product_tag-sonosite-xporte","11":"product_tag-ultrasonido","12":"product_tag-ultrasonido-sonosite","13":"product_tag-ultrasonidos","14":"product_tag-ultrasonidos-sonosite","15":"product_tag-x-porte","16":"product_tag-xporte","18":"first","19":"instock","20":"shipping-taxable","21":"purchasable","22":"product-type-simple"},"acf":[],"brands":[{"id":1125,"name":"SonoSite","slug":"ultrasonidos-sonosite"}],"_links":{"self":[{"href":"https:\/\/www.somatechnology.com\/spanish\/wp-json\/wp\/v2\/product\/9098","targetHints":{"allow":["GET"]}}],"collection":[{"href":"https:\/\/www.somatechnology.com\/spanish\/wp-json\/wp\/v2\/product"}],"about":[{"href":"https:\/\/www.somatechnology.com\/spanish\/wp-json\/wp\/v2\/types\/product"}],"wp:featuredmedia":[{"embeddable":true,"href":"https:\/\/www.somatechnology.com\/spanish\/wp-json\/wp\/v2\/media\/25787"}],"wp:attachment":[{"href":"https:\/\/www.somatechnology.com\/spanish\/wp-json\/wp\/v2\/media?parent=9098"}],"wp:term":[{"taxonomy":"pwb-brand","embeddable":true,"href":"https:\/\/www.somatechnology.com\/spanish\/wp-json\/wp\/v2\/pwb-brand?post=9098"},{"taxonomy":"product_brand","embeddable":true,"href":"https:\/\/www.somatechnology.com\/spanish\/wp-json\/wp\/v2\/product_brand?post=9098"},{"taxonomy":"product_cat","embeddable":true,"href":"https:\/\/www.somatechnology.com\/spanish\/wp-json\/wp\/v2\/product_cat?post=9098"},{"taxonomy":"product_tag","embeddable":true,"href":"https:\/\/www.somatechnology.com\/spanish\/wp-json\/wp\/v2\/product_tag?post=9098"}],"curies":[{"name":"wp","href":"https:\/\/api.w.org\/{rel}","templated":true}]}}