{"id":9101,"date":"2018-03-12T16:42:28","date_gmt":"2018-03-12T16:42:28","guid":{"rendered":"https:\/\/www.somatechnology.com\/spanish\/?post_type=product&#038;p=9101"},"modified":"2023-08-23T06:24:07","modified_gmt":"2023-08-23T10:24:07","slug":"bovie-ids-400","status":"publish","type":"product","link":"https:\/\/www.somatechnology.com\/spanish\/equipo-medico-usado-remanufacturado\/unidades-electroquirurgicas-electrobisturis\/bovie-ids-400\/","title":{"rendered":"Bovie IDS 400"},"content":{"rendered":"<h2>Caracter\u00edsticas del Bovie IDS 400<\/h2>\n<p>El <strong>Bovie IDS 400<\/strong> tiene la tecnolog\u00eda IDS le da al cirujano la flexibilidad para elegir consistentemente el tipo de efecto deseado con la m\u00e1xima comodidad y seguridad. Las series de Bovie IDS son generadores electroquir\u00fargicos innovadores con la puesta en pr\u00e1ctica completamente digital para el uso en el centro moderno o y quir\u00fargico del paciente no internado. Las unidades Bovie-IDS son f\u00e1ciles de manejar pero capaces de abarcar todo un espectro de intervenciones Electroquir\u00fargicas. Las funciones monopolar y bipolar satisfacen todas las demandas quir\u00fargicas con seguridad m\u00e1xima y un interfaz de uso f\u00e1cil. La tecnolog\u00eda digital de Bovie hace que el control de los sistemas IDS sea muy simple para el equipo de trabajo, permitiendo que el cirujano se concentre en lo que es importante: la operaci\u00f3n y el paciente.<\/p>\n<ul>\n<li>BovieFDFS (sistema de retroalimentaci\u00f3n digital r\u00e1pido) \u2013 las funciones de corte y coagulaci\u00f3n controladas digitalmente dan una salida cl\u00ednica consistente.<\/li>\n<li>BovieNEM (control neutro de electrodos)<\/li>\n<li>BovieFCFS (primer servicio) mejor\u00f3 la seguridad del paciente con la \u00faltima implementaci\u00f3n digital.<\/li>\n<li>BovieDED (detecci\u00f3n de errores digitales)<\/li>\n<\/ul>\n<h2>Especificacione del Bovie IDS 400<\/h2>\n<h3>Dimensiones<\/h3>\n<ul>\n<li>Altura: 6.5 pulg (16.5 cm)<\/li>\n<li>Anchura: 14,75 adentro (los 37.5 cm)<\/li>\n<li>Profundidad: 18.1 pulg (46 cm)<\/li>\n<li>Peso: &lt; 20 lbs (&lt; 9,07 kg)<\/li>\n<\/ul>\n<h3>Informaci\u00f3n General<\/h3>\n<ul>\n<li>Ciclo de deber: 10 s\/30 s<\/li>\n<li>Tipo de la salida: RF aisl\u00f3 \u00abF\u00bb<\/li>\n<li>Frecuencia de la salida: 490 kHz \u00b1 5<\/li>\n<li>Corriente de entrada: 4.5 A ~<\/li>\n<li>Tensi\u00f3n de l\u00ednea: 100-240 V ~<\/li>\n<\/ul>\n<h3>Modos<\/h3>\n<ul>\n<li>CUT I \u2022 potencia de salida: 400 W @ 500 \u03c9<\/li>\n<li>Frecuencia de la salida: 490 kilociclos \u00b1 4.9 kilociclos<\/li>\n<li>Factor de cresta en la carga nominal: 1.6 \u00b1 20%<\/li>\n<li>Vpico m\u00e1ximo: 1000V<\/li>\n<li>Cut II \u2022 potencia de salida: 300 W @ 300 \u03c9<\/li>\n<li>Frecuencia de la salida: 490 kilociclos \u00b1 4.9 kilociclos<\/li>\n<li>Factor de cresta en la carga nominal: 1.6 \u00b1 20%<\/li>\n<li>Vpico m\u00e1ximo: 625V<\/li>\n<li>Blend (Max) \u2022 potencia de salida: 200 W @ 300 \u03c9<\/li>\n<li>Frecuencia de la salida: 490 kilociclos \u00b1 4.9 kilociclos<\/li>\n<li>Tarifa de la repetici\u00f3n: 30 kilociclos \u00b1 5 kilociclos<\/li>\n<li>Factor de cresta en la carga clasificada: el 3.5 \u00b1 20%<\/li>\n<li>Vpico m\u00e1ximo: 2000V<\/li>\n<li>De punta \u2022 de potencia de salida: 120 W @ 500 \u03c9<\/li>\n<li>Frecuencia de la salida: 490 kilociclos \u00b1 4.9 kilociclos<\/li>\n<li>Tarifa de la repetici\u00f3n: 30 kilociclos \u00b1 5 kilociclos<\/li>\n<li>Factor de cresta en la carga clasificada: el 4.5 \u00b1 20%<\/li>\n<li>Vpico m\u00e1ximo: 2400V<\/li>\n<li>Spray \u2022 potencia de salida: 80 W @ 500 \u03c9<\/li>\n<li>Frecuencia de la salida: 490 kilociclos \u00b1 4.9 kilociclos<\/li>\n<li>Tarifa de la repetici\u00f3n: 30 kilociclos \u00b1 5 kilociclos<\/li>\n<li>Factor de cresta en la carga clasificada: el 6.5 \u00b1 20%<\/li>\n<li>Vpico m\u00e1ximo: 4000V<\/li>\n<li>Bipolar \u2022 potencia de salida: 120 W @ 150 \u03c9<\/li>\n<li>Frecuencia de la salida: 490 kilociclos \u00b1 4.9 kilociclos<\/li>\n<li>Factor de cresta en la carga nominal: 1.6 \u00b1 20%<\/li>\n<li>Vpico m\u00e1ximo: 450V<\/li>\n<\/ul>\n","protected":false},"excerpt":{"rendered":"<p>Caracter\u00edsticas del Bovie IDS 400 El Bovie IDS 400 tiene la tecnolog\u00eda IDS le da al cirujano la flexibilidad para elegir consistentemente el tipo&#8230;<\/p>\n","protected":false},"featured_media":12017,"template":"","meta":{"_acf_changed":false,"_relevanssi_hide_post":"","_relevanssi_hide_content":"","_relevanssi_pin_for_all":"","_relevanssi_pin_keywords":"","_relevanssi_unpin_keywords":"","_relevanssi_related_keywords":"","_relevanssi_related_include_ids":"","_relevanssi_related_exclude_ids":"","_relevanssi_related_no_append":"","_relevanssi_related_not_related":"","_relevanssi_related_posts":"","_relevanssi_noindex_reason":"","inline_featured_image":false},"pwb-brand":[1170],"product_brand":[],"product_cat":[76],"product_tag":[1449,1918,1925,1936,4894,4890,1896,1937],"class_list":{"0":"post-9101","1":"product","2":"type-product","3":"status-publish","4":"has-post-thumbnail","6":"pwb-brand-electrobisturis-bovie","7":"product_cat-unidades-electroquirurgicas-electrobisturis","8":"product_tag-bovie","9":"product_tag-bovie-electrobisturis","10":"product_tag-bovie-ids","11":"product_tag-bovie-ids-400","12":"product_tag-bovie-ids-400-electrobisturis","13":"product_tag-bovie-ids-electrobisturis","14":"product_tag-electrobisturis","15":"product_tag-ids-400","17":"first","18":"instock","19":"shipping-taxable","20":"purchasable","21":"product-type-simple"},"acf":[],"brands":[{"id":1170,"name":"Bovie Aaron","slug":"electrobisturis-bovie"}],"_links":{"self":[{"href":"https:\/\/www.somatechnology.com\/spanish\/wp-json\/wp\/v2\/product\/9101","targetHints":{"allow":["GET"]}}],"collection":[{"href":"https:\/\/www.somatechnology.com\/spanish\/wp-json\/wp\/v2\/product"}],"about":[{"href":"https:\/\/www.somatechnology.com\/spanish\/wp-json\/wp\/v2\/types\/product"}],"wp:featuredmedia":[{"embeddable":true,"href":"https:\/\/www.somatechnology.com\/spanish\/wp-json\/wp\/v2\/media\/12017"}],"wp:attachment":[{"href":"https:\/\/www.somatechnology.com\/spanish\/wp-json\/wp\/v2\/media?parent=9101"}],"wp:term":[{"taxonomy":"pwb-brand","embeddable":true,"href":"https:\/\/www.somatechnology.com\/spanish\/wp-json\/wp\/v2\/pwb-brand?post=9101"},{"taxonomy":"product_brand","embeddable":true,"href":"https:\/\/www.somatechnology.com\/spanish\/wp-json\/wp\/v2\/product_brand?post=9101"},{"taxonomy":"product_cat","embeddable":true,"href":"https:\/\/www.somatechnology.com\/spanish\/wp-json\/wp\/v2\/product_cat?post=9101"},{"taxonomy":"product_tag","embeddable":true,"href":"https:\/\/www.somatechnology.com\/spanish\/wp-json\/wp\/v2\/product_tag?post=9101"}],"curies":[{"name":"wp","href":"https:\/\/api.w.org\/{rel}","templated":true}]}}