{"id":9103,"date":"2018-03-12T16:48:55","date_gmt":"2018-03-12T16:48:55","guid":{"rendered":"https:\/\/www.somatechnology.com\/spanish\/?post_type=product&#038;p=9103"},"modified":"2025-12-11T05:30:37","modified_gmt":"2025-12-11T10:30:37","slug":"olympus-esg-300","status":"publish","type":"product","link":"https:\/\/www.somatechnology.com\/spanish\/equipo-medico-usado-remanufacturado\/unidades-electroquirurgicas-electrobisturis\/olympus-esg-300\/","title":{"rendered":"Olympus ESG 300"},"content":{"rendered":"<div class=\"wpb-content-wrapper\"><p>[vc_row][vc_column][vc_column_text css=\u00bb\u00bb]El ESG-300 es un generador de HF de gama alta dedicado a procedimientos gastrointestinales y respiratorios avanzados tales como poema o ESD. El ESG-300 se puede combinar con el APU-300 para aplicaciones de plasma de arg\u00f3n.<\/p>\n<ul>\n<li>Al simple toque de un bot\u00f3n, una interfaz de pantalla t\u00e1ctil sencilla e intuitiva significa que los usuarios pueden configurar f\u00e1cilmente el sistema para satisfacer sus necesidades personales en tan s\u00f3lo unos pocos pasos.<\/li>\n<li>Ofrece su gu\u00eda \u2013 el sistema de mensajer\u00eda Smart Assistance proporciona una retroalimentaci\u00f3n sencilla y comprensible que faculta a los usuarios a operar con confianza la ESG-300.<\/li>\n<li>Sin ataduras \u2013 la libertad operativa proporcionada por el pedal inal\u00e1mbrico permite una colocaci\u00f3n m\u00e1s segura en el teatro. Simple, conmutaci\u00f3n de manos libres de los ajustes de procedimiento-<\/li>\n<li>Sin la necesidad de interactuar directamente con el generador, significa un flujo de trabajo de usuario m\u00e1s eficiente.<\/li>\n<li>Habla su idioma \u2013 una selecci\u00f3n de 29 Idiomas de visualizaci\u00f3n significa que los usuarios pueden entender y operar el sistema con facilidad, reduciendo la probabilidad de cualquier confusi\u00f3n.<\/li>\n<li>Pantalla t\u00e1ctil<\/li>\n<li>Interruptor de pie sin hilos<\/li>\n<li>Configuraci\u00f3n personalizada<\/li>\n<li>PLASMA de arg\u00f3n listo (en combinaci\u00f3n con APU-30)<\/li>\n<\/ul>\n<h3>Dimensiones<\/h3>\n<ul>\n<li>Tama\u00f1o: (W x D x H) 295 x 400 x 115 mm<\/li>\n<li>Peso: 6,61 kg<\/li>\n<li>Volumen: 13.570 cm3<\/li>\n<\/ul>\n<h3>Salida Bipolar\/Monopolar<\/h3>\n<ul>\n<li>Bipolar Output: International Standard \u2013 2 \u2013 pin plug (22 min)<\/li>\n<li>Bipolar Output: Erbe Standard \u2013 1 \u2013 pin coaxial plug<\/li>\n<li>Monopolar Output: Internationa;l 3 pin plug(4 mm diameter)<\/li>\n<li>Monopolar Output: Bovie Standard- 1 \u2013 pin plug (8mm Diameter)<\/li>\n<li>Monopolar Output: Banana plug \u2013 1 pin plug (4mm diameter)<\/li>\n<\/ul>\n<h3>Max. Salida de energ\u00eda<\/h3>\n<ul>\n<li>120 Watts<\/li>\n<\/ul>\n<h3>Argon PLASMA<\/h3>\n<ul>\n<li>\u2022 ForcedArgon<\/li>\n<li>\u2022 PulsedArgon lento y r\u00e1pido<\/li>\n<li>\u2022 SmartArgon<\/li>\n<\/ul>\n<p>&nbsp;<\/p>\n<div id=\"mttContainer\" class=\"notranslate\" style=\"transform: translate(113px, 84px);\" aria-expanded=\"false\"><\/div>\n<p>[\/vc_column_text][\/vc_column][\/vc_row]<\/p>\n<\/div>","protected":false},"excerpt":{"rendered":"<p>[vc_row][vc_column][vc_column_text css=\u00bb\u00bb]El ESG-300 es un generador de HF de gama alta dedicado a procedimientos gastrointestinales y respiratorios avanzados tales como poema o ESD. El&#8230;<\/p>\n","protected":false},"featured_media":9787,"template":"","meta":{"_acf_changed":false,"_relevanssi_hide_post":"","_relevanssi_hide_content":"","_relevanssi_pin_for_all":"","_relevanssi_pin_keywords":"","_relevanssi_unpin_keywords":"","_relevanssi_related_keywords":"","_relevanssi_related_include_ids":"","_relevanssi_related_exclude_ids":"","_relevanssi_related_no_append":"","_relevanssi_related_not_related":"","_relevanssi_related_posts":"","_relevanssi_noindex_reason":"","inline_featured_image":false},"pwb-brand":[1080],"product_brand":[],"product_cat":[76],"product_tag":[1940,138,1939,1938],"class_list":{"0":"post-9103","1":"product","2":"type-product","3":"status-publish","4":"has-post-thumbnail","6":"pwb-brand-equipo-medico-olympus","7":"product_cat-unidades-electroquirurgicas-electrobisturis","8":"product_tag-esg-300","9":"product_tag-olympus","10":"product_tag-olympus-esg","11":"product_tag-olympus-esg-300","13":"first","14":"instock","15":"shipping-taxable","16":"purchasable","17":"product-type-simple"},"acf":[],"brands":[{"id":1080,"name":"Olympus","slug":"equipo-medico-olympus"}],"_links":{"self":[{"href":"https:\/\/www.somatechnology.com\/spanish\/wp-json\/wp\/v2\/product\/9103","targetHints":{"allow":["GET"]}}],"collection":[{"href":"https:\/\/www.somatechnology.com\/spanish\/wp-json\/wp\/v2\/product"}],"about":[{"href":"https:\/\/www.somatechnology.com\/spanish\/wp-json\/wp\/v2\/types\/product"}],"wp:featuredmedia":[{"embeddable":true,"href":"https:\/\/www.somatechnology.com\/spanish\/wp-json\/wp\/v2\/media\/9787"}],"wp:attachment":[{"href":"https:\/\/www.somatechnology.com\/spanish\/wp-json\/wp\/v2\/media?parent=9103"}],"wp:term":[{"taxonomy":"pwb-brand","embeddable":true,"href":"https:\/\/www.somatechnology.com\/spanish\/wp-json\/wp\/v2\/pwb-brand?post=9103"},{"taxonomy":"product_brand","embeddable":true,"href":"https:\/\/www.somatechnology.com\/spanish\/wp-json\/wp\/v2\/product_brand?post=9103"},{"taxonomy":"product_cat","embeddable":true,"href":"https:\/\/www.somatechnology.com\/spanish\/wp-json\/wp\/v2\/product_cat?post=9103"},{"taxonomy":"product_tag","embeddable":true,"href":"https:\/\/www.somatechnology.com\/spanish\/wp-json\/wp\/v2\/product_tag?post=9103"}],"curies":[{"name":"wp","href":"https:\/\/api.w.org\/{rel}","templated":true}]}}