{"id":9123,"date":"2018-03-12T18:46:23","date_gmt":"2018-03-12T18:46:23","guid":{"rendered":"https:\/\/www.somatechnology.com\/spanish\/?post_type=product&#038;p=9123"},"modified":"2025-12-11T01:26:37","modified_gmt":"2025-12-11T06:26:37","slug":"sonoscape-a6","status":"publish","type":"product","link":"https:\/\/www.somatechnology.com\/spanish\/equipo-medico-usado-remanufacturado\/imagenologia-radiologia\/ultrasonidos\/sonoscape-a6\/","title":{"rendered":"SonoScape A6"},"content":{"rendered":"<div class=\"wpb-content-wrapper\"><p>[vc_row][vc_column][vc_column_text css=\u00bb\u00bb]<\/p>\n<h2>SonoScape A6<\/h2>\n<p>El SonoScape A6 es un sistema de diagn\u00f3stico digital completo de alto rendimiento del ultrasonido de B\/W. De acuerdo con 32 canales f\u00edsicos estupendo-altos, el kit de alta densidad de la punta de prueba de la 5-frecuencia-selecci\u00f3n, y el monitor industrial de la clase de 12 pulgadas LCD, A6 crea un ambiente profesional del diagn\u00f3stico del veterinario. El usuario final puede funcionar f\u00e1cilmente el sistema con el interfaz de usuario gr\u00e1fico de uso f\u00e1cil, el paquete profesional del software de la medida y del c\u00e1lculo, los varios dispositivos perif\u00e9ricos opcionales, y as\u00ed sucesivamente. Y mide hasta las normas internacionales y estatales pertinentes.<\/p>\n<p>La tecnolog\u00eda inform\u00e1tica basada en PC y el fiable sistema operativo Linux hacen que el sistema sea m\u00e1s estable y flexible para el uso en campo. El valor del sistema puede ser promovido por el mantenimiento y actualizaci\u00f3n de software. El monitor industrial especializado sofisticado del LCD no s\u00f3lo equipa el sistema de la capacidad de exhibir la imagen excelente sin precedentes y las escalas grises abundantes pero tambi\u00e9n reduce el peso en gran parte.<\/p>\n<ul>\n<li>Imagen arm\u00f3nica tisular: mejora significativamente el contraste y la resoluci\u00f3n de la imagen.<\/li>\n<li>Cinco frecuencias variables: minimiza la necesidad de ajustar repetidamente las frecuencias mientras trabaja con las sondas de banda ancha.<\/li>\n<li>M-Tuning: optimizaci\u00f3n autom\u00e1tica de imagen de una tecla.<\/li>\n<li>Transferencia f\u00e1cil de la imagen: transfiera r\u00e1pidamente im\u00e1genes usando el USB y DICOM.<\/li>\n<\/ul>\n<h3>Especificaciones f\u00edsicas<\/h3>\n<ul>\n<li>Tama\u00f1o: L x W x H \u2264 36 x 180 x 346 (mil\u00edmetro)<\/li>\n<li>Peso: Approx 6kg<\/li>\n<\/ul>\n<h3>Requisitos medioambientales<\/h3>\n<ul>\n<li>Entorno de operaci\u00f3n<\/li>\n<li>Temperatura:-20 \u2103 a + 55 \u2103<\/li>\n<li>Humedad relativa: 20% a 90% (sin condensaci\u00f3n)<\/li>\n<li>Presi\u00f3n atmosf\u00e9rica: 700 a 1060hPa<\/li>\n<li>Medio ambiente de transporte y almacenamiento<\/li>\n<li>Temperatura:-20 \u2103 a + 55 \u2103<\/li>\n<li>Humedad relativa: 20%-90% (sin condensaci\u00f3n)<\/li>\n<li>Presi\u00f3n atmosf\u00e9rica: 700 to 1060hPa<\/li>\n<\/ul>\n<h3>Fuente de alimentaci\u00f3n<\/h3>\n<ul>\n<li>110-240V~, 50\/60Hz<\/li>\n<li>130 VA (MAX.)<\/li>\n<\/ul>\n<p>[\/vc_column_text][\/vc_column][\/vc_row]<\/p>\n<\/div>","protected":false},"excerpt":{"rendered":"<p>Ultrasonidos<\/p>\n","protected":false},"featured_media":25585,"template":"","meta":{"_acf_changed":false,"_relevanssi_hide_post":"","_relevanssi_hide_content":"","_relevanssi_pin_for_all":"","_relevanssi_pin_keywords":"","_relevanssi_unpin_keywords":"","_relevanssi_related_keywords":"","_relevanssi_related_include_ids":"","_relevanssi_related_exclude_ids":"","_relevanssi_related_no_append":"","_relevanssi_related_not_related":"","_relevanssi_related_posts":"","_relevanssi_noindex_reason":"","inline_featured_image":false},"pwb-brand":[1964],"product_brand":[],"product_cat":[91],"product_tag":[1967,1965,1966,1901,1900],"class_list":{"0":"post-9123","1":"product","2":"type-product","3":"status-publish","4":"has-post-thumbnail","6":"pwb-brand-ultrasonidos-sonoscape","7":"product_cat-ultrasonidos","8":"product_tag-a6","9":"product_tag-sonoscape","10":"product_tag-sonoscape-a6","11":"product_tag-ultrasonido","12":"product_tag-ultrasonidos","14":"first","15":"instock","16":"shipping-taxable","17":"purchasable","18":"product-type-simple"},"acf":[],"brands":[{"id":1964,"name":"SonoScape","slug":"ultrasonidos-sonoscape"}],"_links":{"self":[{"href":"https:\/\/www.somatechnology.com\/spanish\/wp-json\/wp\/v2\/product\/9123","targetHints":{"allow":["GET"]}}],"collection":[{"href":"https:\/\/www.somatechnology.com\/spanish\/wp-json\/wp\/v2\/product"}],"about":[{"href":"https:\/\/www.somatechnology.com\/spanish\/wp-json\/wp\/v2\/types\/product"}],"wp:featuredmedia":[{"embeddable":true,"href":"https:\/\/www.somatechnology.com\/spanish\/wp-json\/wp\/v2\/media\/25585"}],"wp:attachment":[{"href":"https:\/\/www.somatechnology.com\/spanish\/wp-json\/wp\/v2\/media?parent=9123"}],"wp:term":[{"taxonomy":"pwb-brand","embeddable":true,"href":"https:\/\/www.somatechnology.com\/spanish\/wp-json\/wp\/v2\/pwb-brand?post=9123"},{"taxonomy":"product_brand","embeddable":true,"href":"https:\/\/www.somatechnology.com\/spanish\/wp-json\/wp\/v2\/product_brand?post=9123"},{"taxonomy":"product_cat","embeddable":true,"href":"https:\/\/www.somatechnology.com\/spanish\/wp-json\/wp\/v2\/product_cat?post=9123"},{"taxonomy":"product_tag","embeddable":true,"href":"https:\/\/www.somatechnology.com\/spanish\/wp-json\/wp\/v2\/product_tag?post=9123"}],"curies":[{"name":"wp","href":"https:\/\/api.w.org\/{rel}","templated":true}]}}