{"id":9125,"date":"2018-03-12T19:02:13","date_gmt":"2018-03-12T19:02:13","guid":{"rendered":"https:\/\/www.somatechnology.com\/spanish\/?post_type=product&#038;p=9125"},"modified":"2023-08-23T06:24:15","modified_gmt":"2023-08-23T10:24:15","slug":"verathon-aortascan-ami-9700","status":"publish","type":"product","link":"https:\/\/www.somatechnology.com\/spanish\/equipo-medico-usado-remanufacturado\/imagenologia-radiologia\/ultrasonidos\/verathon-aortascan-ami-9700\/","title":{"rendered":"Verathon AortaScan AMI 9700"},"content":{"rendered":"<h2>AortaScan AMI 9700<\/h2>\n<p>El <strong>VERATHON AortaScan AMI 9700<\/strong> es una soluci\u00f3n portable, no invasor del ultrasonido 3D de VERATHON-usted puede conseguir una medida r\u00e1pida de la aorta abdominal, toda sin la necesidad de un ecografista. Y con funciones como anotaci\u00f3n de voz, tecnolog\u00eda ScanPoint compatible con HIPAA y una impresora a bordo, AortaScan se integra f\u00e1cilmente con los sistemas EMR existentes.<\/p>\n<ul>\n<li>Precisi\u00f3n que apunta con la consola ergon\u00f3mica y la punta de prueba<\/li>\n<li>Subidas sin hilos del examen v\u00eda software de gesti\u00f3n de la imagen de ScanPoint<\/li>\n<li>La exhibici\u00f3n compacta, f\u00e1cil-a-ley\u00f3 del LCD del color<\/li>\n<li>F\u00e1cil de usar, aprender y ense\u00f1ar<\/li>\n<li>Mediciones r\u00e1pidas con tecnolog\u00eda de ultrasonido 3D<\/li>\n<li>Anotaci\u00f3n de la voz para los ex\u00e1menes para asegurar datos valiosos se conserva<\/li>\n<li>Apuntando v\u00eda la consola y la punta de prueba ergon\u00f3micamente dise\u00f1adas<\/li>\n<\/ul>\n<h3>Funciones de consola compactas y f\u00e1ciles de leer<\/h3>\n<ul>\n<li>Exhibici\u00f3n del LCD del color<\/li>\n<li>Control de brillo<\/li>\n<li>Impresora a bordo<\/li>\n<li>Video tutorial a bordo (4 minutos)<\/li>\n<\/ul>\n<h3>Caracter\u00edsticas<\/h3>\n<ul>\n<li>Mide el di\u00e1metro de la aorta abdominal para ayudar a los m\u00e9dicos a identificar la presencia de aneurismas a\u00f3rticos abdominales (AAA)<\/li>\n<li>Impresora a bordo para registros de pacientes o procedimientos de reembolso<\/li>\n<li>Ver y guardar los ex\u00e1menes f\u00e1cilmente, creando REM para sus pacientes<\/li>\n<li>Las actualizaciones de calibraci\u00f3n y software se pueden realizar en l\u00ednea<\/li>\n<\/ul>\n<h3>Especificaciones del instrumento<\/h3>\n<ul>\n<li>Entrada-paquete de la bater\u00eda del litio-ion<\/li>\n<li>Salida-ninguna carga a la carga completa en el voltaje clasificado<\/li>\n<li>Aislamiento-la fuente de alimentaci\u00f3n es clase I con el aislamiento b\u00e1sico a cada terminal<\/li>\n<li>Sobretensi\u00f3n transitoria \u2013 categor\u00eda II<\/li>\n<li>Peso \u2013 5,2 lb (2,36 kg) (con bater\u00eda)<\/li>\n<li>Display \u2013 13,36 cm w x 10,13 cm h (5,26 \u00abw x 3.23\u00bb h) (640 x 480 p\u00edxeles, 120 ppp<\/li>\n<li>Impresora integrada<\/li>\n<\/ul>\n<h3>Precisi\u00f3n<\/h3>\n<ul>\n<li>Gama del di\u00e1metro de la aorta-3-12.4 cm<\/li>\n<li>Exactitud del di\u00e1metro-\u00b1 15%, \u00b1 0.5 cm (en un fantasma VERATHON del tejido-equivalente)<\/li>\n<\/ul>\n<h3>Condiciones de funcionamiento<\/h3>\n<ul>\n<li>Uso \u2013 interior<\/li>\n<li>Rango de temperatura ambiente \u2013 + 10 \u2013 + 40 \u2103 (+ 50 \u2013 + 104 \u2109)<\/li>\n<li>Rango de presi\u00f3n atmosf\u00e9rica \u2013 700 hPa \u2013 1060 hPa<\/li>\n<li>Humedad relativa \u2013 30% \u2013 75% sin condensaci\u00f3n<\/li>\n<li>Resistencia al agua \u2013 clasificada en IPX1 (indica a prueba de goteo, un nivel de protecci\u00f3n superior al ordinario contra goteos, fugas y derrames<\/li>\n<\/ul>\n","protected":false},"excerpt":{"rendered":"<p>Esc\u00e1neres de Vejiga<\/p>\n","protected":false},"featured_media":9759,"template":"","meta":{"_acf_changed":false,"_relevanssi_hide_post":"","_relevanssi_hide_content":"","_relevanssi_pin_for_all":"","_relevanssi_pin_keywords":"","_relevanssi_unpin_keywords":"","_relevanssi_related_keywords":"","_relevanssi_related_include_ids":"","_relevanssi_related_exclude_ids":"","_relevanssi_related_no_append":"","_relevanssi_related_not_related":"","_relevanssi_related_posts":"","_relevanssi_noindex_reason":"","inline_featured_image":false},"pwb-brand":[1362],"product_brand":[],"product_cat":[1157,91],"product_tag":[2560,1974,1973,1972,1971,2562,1901,2561,2563,1001,2558,2559,1970],"class_list":{"0":"post-9125","1":"product","2":"type-product","3":"status-publish","4":"has-post-thumbnail","6":"pwb-brand-equipo-medico-verathon","7":"product_cat-escaneres-de-vejiga","8":"product_cat-ultrasonidos","9":"product_tag-2560","10":"product_tag-ami-9700","11":"product_tag-aortascan","12":"product_tag-aortascan-ami","13":"product_tag-aortascan-ami-9700","14":"product_tag-tercera-dimencion","15":"product_tag-ultrasonido","16":"product_tag-ultrasonido-3d","17":"product_tag-ultrasonido-abdominal","18":"product_tag-verathon","19":"product_tag-verathon-aortascan","20":"product_tag-verathon-aortascan-ami","21":"product_tag-verathon-aortascan-ami-9700","23":"first","24":"instock","25":"shipping-taxable","26":"purchasable","27":"product-type-simple"},"acf":[],"brands":[{"id":1362,"name":"Verathon","slug":"equipo-medico-verathon"}],"_links":{"self":[{"href":"https:\/\/www.somatechnology.com\/spanish\/wp-json\/wp\/v2\/product\/9125","targetHints":{"allow":["GET"]}}],"collection":[{"href":"https:\/\/www.somatechnology.com\/spanish\/wp-json\/wp\/v2\/product"}],"about":[{"href":"https:\/\/www.somatechnology.com\/spanish\/wp-json\/wp\/v2\/types\/product"}],"wp:featuredmedia":[{"embeddable":true,"href":"https:\/\/www.somatechnology.com\/spanish\/wp-json\/wp\/v2\/media\/9759"}],"wp:attachment":[{"href":"https:\/\/www.somatechnology.com\/spanish\/wp-json\/wp\/v2\/media?parent=9125"}],"wp:term":[{"taxonomy":"pwb-brand","embeddable":true,"href":"https:\/\/www.somatechnology.com\/spanish\/wp-json\/wp\/v2\/pwb-brand?post=9125"},{"taxonomy":"product_brand","embeddable":true,"href":"https:\/\/www.somatechnology.com\/spanish\/wp-json\/wp\/v2\/product_brand?post=9125"},{"taxonomy":"product_cat","embeddable":true,"href":"https:\/\/www.somatechnology.com\/spanish\/wp-json\/wp\/v2\/product_cat?post=9125"},{"taxonomy":"product_tag","embeddable":true,"href":"https:\/\/www.somatechnology.com\/spanish\/wp-json\/wp\/v2\/product_tag?post=9125"}],"curies":[{"name":"wp","href":"https:\/\/api.w.org\/{rel}","templated":true}]}}