{"id":9127,"date":"2018-03-12T18:56:52","date_gmt":"2018-03-12T18:56:52","guid":{"rendered":"https:\/\/www.somatechnology.com\/spanish\/?post_type=product&#038;p=9127"},"modified":"2025-12-11T02:48:46","modified_gmt":"2025-12-11T07:48:46","slug":"sonoscape-s2","status":"publish","type":"product","link":"https:\/\/www.somatechnology.com\/spanish\/equipo-medico-usado-remanufacturado\/imagenologia-radiologia\/ultrasonidos\/sonoscape-s2\/","title":{"rendered":"SonoScape S2"},"content":{"rendered":"<div class=\"wpb-content-wrapper\"><p>[vc_row][vc_column][vc_column_text css=\u00bb\u00bb]<\/p>\n<h2>SonoScape S2<\/h2>\n<p>La m\u00e1quina portable del ultrasonido de SonoScape S2 ir\u00e1 m\u00e1s all\u00e1 de sus expectativas pero no de su presupuesto. El S2 se atiende a las necesidades de m\u00e9dicos y cl\u00ednicos con un sistema inteligente de gesti\u00f3n de archivos de pacientes, ajustes convenientes para el usuario, y aplicaciones de diagn\u00f3stico profesional. Trabajando el ultrasonido portable S2 usted puede trabajar con comodidad, exactitud, y confianza.<\/p>\n<ul>\n<li>Interfaz de usuario intuitiva: dise\u00f1o claro del sistema dise\u00f1ado para el flujo de trabajo conveniente, interfaz men\u00fa-conducido.<\/li>\n<li>Defina su propio estilo de trabajo: ajustes de trabajo completamente personalizados para tabla de datos\/gr\u00e1fico, teclas de funci\u00f3n, iconos, f\u00f3rmulas, medici\u00f3n, dise\u00f1o de informes&#8230; totallybased en su propio estilo de trabajo y h\u00e1bito.<\/li>\n<li>Funci\u00f3n del portapapeles: revisi\u00f3n f\u00e1cil de la imagen durante la exploraci\u00f3n.<\/li>\n<li>Gesti\u00f3n inteligente de los datos del paciente: f\u00e1cil acceso a la imagen del paciente y almacenamiento de datos, recuperaci\u00f3n, revisi\u00f3n e informe.<\/li>\n<li>Funciones DICOM de valor agregado: Save, StorageCommitment, MPPS, Print, Worklist; proporcionar soluciones de administraci\u00f3n de archivos m\u00e1s avanzadas.<\/li>\n<\/ul>\n<p>[\/vc_column_text][\/vc_column][\/vc_row]<\/p>\n<\/div>","protected":false},"excerpt":{"rendered":"<p>Ultrasonidos<\/p>\n","protected":false},"featured_media":25587,"template":"","meta":{"_acf_changed":false,"_relevanssi_hide_post":"","_relevanssi_hide_content":"","_relevanssi_pin_for_all":"","_relevanssi_pin_keywords":"","_relevanssi_unpin_keywords":"","_relevanssi_related_keywords":"","_relevanssi_related_include_ids":"","_relevanssi_related_exclude_ids":"","_relevanssi_related_no_append":"","_relevanssi_related_not_related":"","_relevanssi_related_posts":"","_relevanssi_noindex_reason":"","inline_featured_image":false},"pwb-brand":[1964],"product_brand":[],"product_cat":[91],"product_tag":[1968,1965,1969,1901,1900],"class_list":{"0":"post-9127","1":"product","2":"type-product","3":"status-publish","4":"has-post-thumbnail","6":"pwb-brand-ultrasonidos-sonoscape","7":"product_cat-ultrasonidos","8":"product_tag-s2","9":"product_tag-sonoscape","10":"product_tag-sonoscape-s2","11":"product_tag-ultrasonido","12":"product_tag-ultrasonidos","14":"first","15":"instock","16":"shipping-taxable","17":"purchasable","18":"product-type-simple"},"acf":[],"brands":[{"id":1964,"name":"SonoScape","slug":"ultrasonidos-sonoscape"}],"_links":{"self":[{"href":"https:\/\/www.somatechnology.com\/spanish\/wp-json\/wp\/v2\/product\/9127","targetHints":{"allow":["GET"]}}],"collection":[{"href":"https:\/\/www.somatechnology.com\/spanish\/wp-json\/wp\/v2\/product"}],"about":[{"href":"https:\/\/www.somatechnology.com\/spanish\/wp-json\/wp\/v2\/types\/product"}],"wp:featuredmedia":[{"embeddable":true,"href":"https:\/\/www.somatechnology.com\/spanish\/wp-json\/wp\/v2\/media\/25587"}],"wp:attachment":[{"href":"https:\/\/www.somatechnology.com\/spanish\/wp-json\/wp\/v2\/media?parent=9127"}],"wp:term":[{"taxonomy":"pwb-brand","embeddable":true,"href":"https:\/\/www.somatechnology.com\/spanish\/wp-json\/wp\/v2\/pwb-brand?post=9127"},{"taxonomy":"product_brand","embeddable":true,"href":"https:\/\/www.somatechnology.com\/spanish\/wp-json\/wp\/v2\/product_brand?post=9127"},{"taxonomy":"product_cat","embeddable":true,"href":"https:\/\/www.somatechnology.com\/spanish\/wp-json\/wp\/v2\/product_cat?post=9127"},{"taxonomy":"product_tag","embeddable":true,"href":"https:\/\/www.somatechnology.com\/spanish\/wp-json\/wp\/v2\/product_tag?post=9127"}],"curies":[{"name":"wp","href":"https:\/\/api.w.org\/{rel}","templated":true}]}}